{"id":1636,"date":"2026-02-11T16:25:26","date_gmt":"2026-02-11T16:25:26","guid":{"rendered":"https:\/\/tallerfloral.com.co\/?post_type=product&#038;p=1636"},"modified":"2026-02-11T16:25:26","modified_gmt":"2026-02-11T16:25:26","slug":"bouquet-caricia-rosada","status":"publish","type":"product","link":"https:\/\/tallerfloral.com.co\/?product=bouquet-caricia-rosada","title":{"rendered":"Bouquet \u201cCaricia Rosada\u201d"},"content":{"rendered":"<p data-start=\"254\" data-end=\"309\">Un ramo que parece hecho de suspiros y momentos dulces.<\/p>\n<p data-start=\"311\" data-end=\"583\">\u201cCaricia Rosada\u201d re\u00fane la belleza de rosas rosadas, claveles delicados y flores blancas que iluminan el arreglo con un aire fresco y rom\u00e1ntico. Cada p\u00e9talo transmite ternura, calma y amor sincero, creando una composici\u00f3n perfecta para expresar cari\u00f1o en su forma m\u00e1s pura.<\/p>\n<p data-start=\"585\" data-end=\"795\">Su envoltura en tonos rosa suave realza la elegancia del bouquet, convirti\u00e9ndolo en el detalle ideal para aniversarios, cumplea\u00f1os, agradecimientos o para decir \u201cestoy pensando en ti\u201d sin necesidad de palabras.<\/p>\n<p data-start=\"797\" data-end=\"872\">Un bouquet suave como un abrazo\u2026 inolvidable como un sentimiento verdadero.<\/p>\n","protected":false},"excerpt":{"rendered":"<p data-start=\"254\" data-end=\"309\">Un ramo que parece hecho de suspiros y momentos dulces.<\/p>\n<p data-start=\"311\" data-end=\"583\">\u201cCaricia Rosada\u201d re\u00fane la belleza de rosas rosadas, claveles delicados y flores blancas que iluminan el arreglo con un aire fresco y rom\u00e1ntico. Cada p\u00e9talo transmite ternura, calma y amor sincero, creando una composici\u00f3n perfecta para expresar cari\u00f1o en su forma m\u00e1s pura.<\/p>\n<p data-start=\"585\" data-end=\"795\">Su envoltura en tonos rosa suave realza la elegancia del bouquet, convirti\u00e9ndolo en el detalle ideal para aniversarios, cumplea\u00f1os, agradecimientos o para decir \u201cestoy pensando en ti\u201d sin necesidad de palabras.<\/p>\n<p data-start=\"797\" data-end=\"872\">Un bouquet suave como un abrazo\u2026 inolvidable como un sentimiento verdadero.<\/p>\n","protected":false},"featured_media":1637,"comment_status":"open","ping_status":"closed","template":"","meta":[],"product_brand":[],"product_cat":[17],"product_tag":[],"class_list":{"0":"post-1636","1":"product","2":"type-product","3":"status-publish","4":"has-post-thumbnail","6":"product_cat-ramos-de-flores","8":"first","9":"instock","10":"sale","11":"taxable","12":"shipping-taxable","13":"purchasable","14":"product-type-simple"},"yoast_head":"<!-- This site is optimized with the Yoast SEO plugin v27.3 - https:\/\/yoast.com\/product\/yoast-seo-wordpress\/ -->\n<title>Bouquet \u201cCaricia Rosada\u201d - Taller floral<\/title>\n<meta name=\"description\" content=\"Un ramo que parece hecho de suspiros y momentos dulces.\u201cCaricia Rosada\u201d re\u00fane la belleza de rosas rosadas, claveles delicados y flores blancas que iluminan el arreglo con un aire fresco y rom\u00e1ntico. Cada p\u00e9talo transmite ternura, calma y amor sincero, creando una composici\u00f3n perfecta para expresar cari\u00f1o en su forma m\u00e1s pura.Su envoltura en tonos rosa suave realza la elegancia del bouquet, convirti\u00e9ndolo en el detalle ideal para aniversarios, cumplea\u00f1os, agradecimientos o para decir \u201cestoy pensando en ti\u201d sin necesidad de palabras.Un bouquet suave como un abrazo\u2026 inolvidable como un sentimiento verdadero.\" \/>\n<meta name=\"robots\" content=\"index, follow, max-snippet:-1, max-image-preview:large, max-video-preview:-1\" \/>\n<link rel=\"canonical\" href=\"https:\/\/tallerfloral.com.co\/?product=bouquet-caricia-rosada\" \/>\n<meta property=\"og:locale\" content=\"es_ES\" \/>\n<meta property=\"og:type\" content=\"article\" \/>\n<meta property=\"og:title\" content=\"Bouquet \u201cCaricia Rosada\u201d - Taller floral\" \/>\n<meta property=\"og:description\" content=\"Un ramo que parece hecho de suspiros y momentos dulces.\u201cCaricia Rosada\u201d re\u00fane la belleza de rosas rosadas, claveles delicados y flores blancas que iluminan el arreglo con un aire fresco y rom\u00e1ntico. Cada p\u00e9talo transmite ternura, calma y amor sincero, creando una composici\u00f3n perfecta para expresar cari\u00f1o en su forma m\u00e1s pura.Su envoltura en tonos rosa suave realza la elegancia del bouquet, convirti\u00e9ndolo en el detalle ideal para aniversarios, cumplea\u00f1os, agradecimientos o para decir \u201cestoy pensando en ti\u201d sin necesidad de palabras.Un bouquet suave como un abrazo\u2026 inolvidable como un sentimiento verdadero.\" \/>\n<meta property=\"og:url\" content=\"https:\/\/tallerfloral.com.co\/?product=bouquet-caricia-rosada\" \/>\n<meta property=\"og:site_name\" content=\"Taller floral\" \/>\n<meta property=\"og:image\" content=\"https:\/\/tallerfloral.com.co\/wp-content\/uploads\/2026\/02\/WhatsApp-Image-2025-10-13-at-10.10.20-AM.jpeg\" \/>\n\t<meta property=\"og:image:width\" content=\"736\" \/>\n\t<meta property=\"og:image:height\" content=\"981\" \/>\n\t<meta property=\"og:image:type\" content=\"image\/jpeg\" \/>\n<meta name=\"twitter:card\" content=\"summary_large_image\" \/>\n<meta name=\"twitter:label1\" content=\"Tiempo de lectura\" \/>\n\t<meta name=\"twitter:data1\" content=\"1 minuto\" \/>\n<script type=\"application\/ld+json\" class=\"yoast-schema-graph\">{\"@context\":\"https:\\\/\\\/schema.org\",\"@graph\":[{\"@type\":\"WebPage\",\"@id\":\"https:\\\/\\\/tallerfloral.com.co\\\/?product=bouquet-caricia-rosada\",\"url\":\"https:\\\/\\\/tallerfloral.com.co\\\/?product=bouquet-caricia-rosada\",\"name\":\"Bouquet \u201cCaricia Rosada\u201d - Taller floral\",\"isPartOf\":{\"@id\":\"https:\\\/\\\/tallerfloral.com.co\\\/#website\"},\"primaryImageOfPage\":{\"@id\":\"https:\\\/\\\/tallerfloral.com.co\\\/?product=bouquet-caricia-rosada#primaryimage\"},\"image\":{\"@id\":\"https:\\\/\\\/tallerfloral.com.co\\\/?product=bouquet-caricia-rosada#primaryimage\"},\"thumbnailUrl\":\"https:\\\/\\\/tallerfloral.com.co\\\/wp-content\\\/uploads\\\/2026\\\/02\\\/WhatsApp-Image-2025-10-13-at-10.10.20-AM.jpeg\",\"datePublished\":\"2026-02-11T16:25:26+00:00\",\"description\":\"Un ramo que parece hecho de suspiros y momentos dulces.\u201cCaricia Rosada\u201d re\u00fane la belleza de rosas rosadas, claveles delicados y flores blancas que iluminan el arreglo con un aire fresco y rom\u00e1ntico. Cada p\u00e9talo transmite ternura, calma y amor sincero, creando una composici\u00f3n perfecta para expresar cari\u00f1o en su forma m\u00e1s pura.Su envoltura en tonos rosa suave realza la elegancia del bouquet, convirti\u00e9ndolo en el detalle ideal para aniversarios, cumplea\u00f1os, agradecimientos o para decir \u201cestoy pensando en ti\u201d sin necesidad de palabras.Un bouquet suave como un abrazo\u2026 inolvidable como un sentimiento verdadero.\",\"breadcrumb\":{\"@id\":\"https:\\\/\\\/tallerfloral.com.co\\\/?product=bouquet-caricia-rosada#breadcrumb\"},\"inLanguage\":\"es-CO\",\"potentialAction\":[{\"@type\":\"ReadAction\",\"target\":[\"https:\\\/\\\/tallerfloral.com.co\\\/?product=bouquet-caricia-rosada\"]}]},{\"@type\":\"ImageObject\",\"inLanguage\":\"es-CO\",\"@id\":\"https:\\\/\\\/tallerfloral.com.co\\\/?product=bouquet-caricia-rosada#primaryimage\",\"url\":\"https:\\\/\\\/tallerfloral.com.co\\\/wp-content\\\/uploads\\\/2026\\\/02\\\/WhatsApp-Image-2025-10-13-at-10.10.20-AM.jpeg\",\"contentUrl\":\"https:\\\/\\\/tallerfloral.com.co\\\/wp-content\\\/uploads\\\/2026\\\/02\\\/WhatsApp-Image-2025-10-13-at-10.10.20-AM.jpeg\",\"width\":736,\"height\":981},{\"@type\":\"BreadcrumbList\",\"@id\":\"https:\\\/\\\/tallerfloral.com.co\\\/?product=bouquet-caricia-rosada#breadcrumb\",\"itemListElement\":[{\"@type\":\"ListItem\",\"position\":1,\"name\":\"Inicio\",\"item\":\"https:\\\/\\\/tallerfloral.com.co\\\/\"},{\"@type\":\"ListItem\",\"position\":2,\"name\":\"Shop\",\"item\":\"https:\\\/\\\/tallerfloral.com.co\\\/?page_id=59\"},{\"@type\":\"ListItem\",\"position\":3,\"name\":\"Bouquet \u201cCaricia Rosada\u201d\"}]},{\"@type\":\"WebSite\",\"@id\":\"https:\\\/\\\/tallerfloral.com.co\\\/#website\",\"url\":\"https:\\\/\\\/tallerfloral.com.co\\\/\",\"name\":\"Taller floral\",\"description\":\"\",\"publisher\":{\"@id\":\"https:\\\/\\\/tallerfloral.com.co\\\/#organization\"},\"potentialAction\":[{\"@type\":\"SearchAction\",\"target\":{\"@type\":\"EntryPoint\",\"urlTemplate\":\"https:\\\/\\\/tallerfloral.com.co\\\/?s={search_term_string}\"},\"query-input\":{\"@type\":\"PropertyValueSpecification\",\"valueRequired\":true,\"valueName\":\"search_term_string\"}}],\"inLanguage\":\"es-CO\"},{\"@type\":\"Organization\",\"@id\":\"https:\\\/\\\/tallerfloral.com.co\\\/#organization\",\"name\":\"Taller floral\",\"url\":\"https:\\\/\\\/tallerfloral.com.co\\\/\",\"logo\":{\"@type\":\"ImageObject\",\"inLanguage\":\"es-CO\",\"@id\":\"https:\\\/\\\/tallerfloral.com.co\\\/#\\\/schema\\\/logo\\\/image\\\/\",\"url\":\"https:\\\/\\\/tallerfloral.com.co\\\/wp-content\\\/uploads\\\/2024\\\/01\\\/logo-taller-floral.jpeg\",\"contentUrl\":\"https:\\\/\\\/tallerfloral.com.co\\\/wp-content\\\/uploads\\\/2024\\\/01\\\/logo-taller-floral.jpeg\",\"width\":502,\"height\":550,\"caption\":\"Taller floral\"},\"image\":{\"@id\":\"https:\\\/\\\/tallerfloral.com.co\\\/#\\\/schema\\\/logo\\\/image\\\/\"}}]}<\/script>\n<!-- \/ Yoast SEO plugin. -->","yoast_head_json":{"title":"Bouquet \u201cCaricia Rosada\u201d - Taller floral","description":"Un ramo que parece hecho de suspiros y momentos dulces.\u201cCaricia Rosada\u201d re\u00fane la belleza de rosas rosadas, claveles delicados y flores blancas que iluminan el arreglo con un aire fresco y rom\u00e1ntico. Cada p\u00e9talo transmite ternura, calma y amor sincero, creando una composici\u00f3n perfecta para expresar cari\u00f1o en su forma m\u00e1s pura.Su envoltura en tonos rosa suave realza la elegancia del bouquet, convirti\u00e9ndolo en el detalle ideal para aniversarios, cumplea\u00f1os, agradecimientos o para decir \u201cestoy pensando en ti\u201d sin necesidad de palabras.Un bouquet suave como un abrazo\u2026 inolvidable como un sentimiento verdadero.","robots":{"index":"index","follow":"follow","max-snippet":"max-snippet:-1","max-image-preview":"max-image-preview:large","max-video-preview":"max-video-preview:-1"},"canonical":"https:\/\/tallerfloral.com.co\/?product=bouquet-caricia-rosada","og_locale":"es_ES","og_type":"article","og_title":"Bouquet \u201cCaricia Rosada\u201d - Taller floral","og_description":"Un ramo que parece hecho de suspiros y momentos dulces.\u201cCaricia Rosada\u201d re\u00fane la belleza de rosas rosadas, claveles delicados y flores blancas que iluminan el arreglo con un aire fresco y rom\u00e1ntico. Cada p\u00e9talo transmite ternura, calma y amor sincero, creando una composici\u00f3n perfecta para expresar cari\u00f1o en su forma m\u00e1s pura.Su envoltura en tonos rosa suave realza la elegancia del bouquet, convirti\u00e9ndolo en el detalle ideal para aniversarios, cumplea\u00f1os, agradecimientos o para decir \u201cestoy pensando en ti\u201d sin necesidad de palabras.Un bouquet suave como un abrazo\u2026 inolvidable como un sentimiento verdadero.","og_url":"https:\/\/tallerfloral.com.co\/?product=bouquet-caricia-rosada","og_site_name":"Taller floral","og_image":[{"width":736,"height":981,"url":"https:\/\/tallerfloral.com.co\/wp-content\/uploads\/2026\/02\/WhatsApp-Image-2025-10-13-at-10.10.20-AM.jpeg","type":"image\/jpeg"}],"twitter_card":"summary_large_image","twitter_misc":{"Tiempo de lectura":"1 minuto"},"schema":{"@context":"https:\/\/schema.org","@graph":[{"@type":"WebPage","@id":"https:\/\/tallerfloral.com.co\/?product=bouquet-caricia-rosada","url":"https:\/\/tallerfloral.com.co\/?product=bouquet-caricia-rosada","name":"Bouquet \u201cCaricia Rosada\u201d - Taller floral","isPartOf":{"@id":"https:\/\/tallerfloral.com.co\/#website"},"primaryImageOfPage":{"@id":"https:\/\/tallerfloral.com.co\/?product=bouquet-caricia-rosada#primaryimage"},"image":{"@id":"https:\/\/tallerfloral.com.co\/?product=bouquet-caricia-rosada#primaryimage"},"thumbnailUrl":"https:\/\/tallerfloral.com.co\/wp-content\/uploads\/2026\/02\/WhatsApp-Image-2025-10-13-at-10.10.20-AM.jpeg","datePublished":"2026-02-11T16:25:26+00:00","description":"Un ramo que parece hecho de suspiros y momentos dulces.\u201cCaricia Rosada\u201d re\u00fane la belleza de rosas rosadas, claveles delicados y flores blancas que iluminan el arreglo con un aire fresco y rom\u00e1ntico. Cada p\u00e9talo transmite ternura, calma y amor sincero, creando una composici\u00f3n perfecta para expresar cari\u00f1o en su forma m\u00e1s pura.Su envoltura en tonos rosa suave realza la elegancia del bouquet, convirti\u00e9ndolo en el detalle ideal para aniversarios, cumplea\u00f1os, agradecimientos o para decir \u201cestoy pensando en ti\u201d sin necesidad de palabras.Un bouquet suave como un abrazo\u2026 inolvidable como un sentimiento verdadero.","breadcrumb":{"@id":"https:\/\/tallerfloral.com.co\/?product=bouquet-caricia-rosada#breadcrumb"},"inLanguage":"es-CO","potentialAction":[{"@type":"ReadAction","target":["https:\/\/tallerfloral.com.co\/?product=bouquet-caricia-rosada"]}]},{"@type":"ImageObject","inLanguage":"es-CO","@id":"https:\/\/tallerfloral.com.co\/?product=bouquet-caricia-rosada#primaryimage","url":"https:\/\/tallerfloral.com.co\/wp-content\/uploads\/2026\/02\/WhatsApp-Image-2025-10-13-at-10.10.20-AM.jpeg","contentUrl":"https:\/\/tallerfloral.com.co\/wp-content\/uploads\/2026\/02\/WhatsApp-Image-2025-10-13-at-10.10.20-AM.jpeg","width":736,"height":981},{"@type":"BreadcrumbList","@id":"https:\/\/tallerfloral.com.co\/?product=bouquet-caricia-rosada#breadcrumb","itemListElement":[{"@type":"ListItem","position":1,"name":"Inicio","item":"https:\/\/tallerfloral.com.co\/"},{"@type":"ListItem","position":2,"name":"Shop","item":"https:\/\/tallerfloral.com.co\/?page_id=59"},{"@type":"ListItem","position":3,"name":"Bouquet \u201cCaricia Rosada\u201d"}]},{"@type":"WebSite","@id":"https:\/\/tallerfloral.com.co\/#website","url":"https:\/\/tallerfloral.com.co\/","name":"Taller floral","description":"","publisher":{"@id":"https:\/\/tallerfloral.com.co\/#organization"},"potentialAction":[{"@type":"SearchAction","target":{"@type":"EntryPoint","urlTemplate":"https:\/\/tallerfloral.com.co\/?s={search_term_string}"},"query-input":{"@type":"PropertyValueSpecification","valueRequired":true,"valueName":"search_term_string"}}],"inLanguage":"es-CO"},{"@type":"Organization","@id":"https:\/\/tallerfloral.com.co\/#organization","name":"Taller floral","url":"https:\/\/tallerfloral.com.co\/","logo":{"@type":"ImageObject","inLanguage":"es-CO","@id":"https:\/\/tallerfloral.com.co\/#\/schema\/logo\/image\/","url":"https:\/\/tallerfloral.com.co\/wp-content\/uploads\/2024\/01\/logo-taller-floral.jpeg","contentUrl":"https:\/\/tallerfloral.com.co\/wp-content\/uploads\/2024\/01\/logo-taller-floral.jpeg","width":502,"height":550,"caption":"Taller floral"},"image":{"@id":"https:\/\/tallerfloral.com.co\/#\/schema\/logo\/image\/"}}]}},"jetpack_sharing_enabled":true,"_links":{"self":[{"href":"https:\/\/tallerfloral.com.co\/index.php?rest_route=\/wp\/v2\/product\/1636","targetHints":{"allow":["GET"]}}],"collection":[{"href":"https:\/\/tallerfloral.com.co\/index.php?rest_route=\/wp\/v2\/product"}],"about":[{"href":"https:\/\/tallerfloral.com.co\/index.php?rest_route=\/wp\/v2\/types\/product"}],"replies":[{"embeddable":true,"href":"https:\/\/tallerfloral.com.co\/index.php?rest_route=%2Fwp%2Fv2%2Fcomments&post=1636"}],"wp:featuredmedia":[{"embeddable":true,"href":"https:\/\/tallerfloral.com.co\/index.php?rest_route=\/wp\/v2\/media\/1637"}],"wp:attachment":[{"href":"https:\/\/tallerfloral.com.co\/index.php?rest_route=%2Fwp%2Fv2%2Fmedia&parent=1636"}],"wp:term":[{"taxonomy":"product_brand","embeddable":true,"href":"https:\/\/tallerfloral.com.co\/index.php?rest_route=%2Fwp%2Fv2%2Fproduct_brand&post=1636"},{"taxonomy":"product_cat","embeddable":true,"href":"https:\/\/tallerfloral.com.co\/index.php?rest_route=%2Fwp%2Fv2%2Fproduct_cat&post=1636"},{"taxonomy":"product_tag","embeddable":true,"href":"https:\/\/tallerfloral.com.co\/index.php?rest_route=%2Fwp%2Fv2%2Fproduct_tag&post=1636"}],"curies":[{"name":"wp","href":"https:\/\/api.w.org\/{rel}","templated":true}]}}