{"id":1618,"date":"2026-02-11T15:57:34","date_gmt":"2026-02-11T15:57:34","guid":{"rendered":"https:\/\/tallerfloral.com.co\/?post_type=product&#038;p=1618"},"modified":"2026-02-11T15:57:34","modified_gmt":"2026-02-11T15:57:34","slug":"ramo-floral-pasion-en-rosa","status":"publish","type":"product","link":"https:\/\/tallerfloral.com.co\/?product=ramo-floral-pasion-en-rosa","title":{"rendered":"Ramo Floral \u201cPasi\u00f3n en Rosa\u201d"},"content":{"rendered":"<p data-start=\"333\" data-end=\"453\">Un ramo que mezcla la dulzura del rosa con la fuerza del rojo, creando una expresi\u00f3n perfecta de amor, pasi\u00f3n y ternura.<\/p>\n<p data-start=\"455\" data-end=\"726\">\u201cPasi\u00f3n en Rosa\u201d est\u00e1 compuesto por delicadas rosas en tonos blush y rojas intensas, acompa\u00f1adas de flores complementarias que aportan textura y elegancia. Cada detalle est\u00e1 cuidadosamente dise\u00f1ado para transmitir emociones profundas, como un abrazo convertido en flores.<\/p>\n<p data-start=\"728\" data-end=\"844\">Ideal para aniversarios, declaraciones de amor, cumplea\u00f1os especiales o momentos que merecen quedarse en el coraz\u00f3n.<\/p>\n<p data-start=\"846\" data-end=\"893\">Un ramo sofisticado, rom\u00e1ntico y lleno de vida.<\/p>\n","protected":false},"excerpt":{"rendered":"<p data-start=\"333\" data-end=\"453\">Un ramo que mezcla la dulzura del rosa con la fuerza del rojo, creando una expresi\u00f3n perfecta de amor, pasi\u00f3n y ternura.<\/p>\n<p data-start=\"455\" data-end=\"726\">\u201cPasi\u00f3n en Rosa\u201d est\u00e1 compuesto por delicadas rosas en tonos blush y rojas intensas, acompa\u00f1adas de flores complementarias que aportan textura y elegancia. Cada detalle est\u00e1 cuidadosamente dise\u00f1ado para transmitir emociones profundas, como un abrazo convertido en flores.<\/p>\n<p data-start=\"728\" data-end=\"844\">Ideal para aniversarios, declaraciones de amor, cumplea\u00f1os especiales o momentos que merecen quedarse en el coraz\u00f3n.<\/p>\n<p data-start=\"846\" data-end=\"893\">Un ramo sofisticado, rom\u00e1ntico y lleno de vida.<\/p>\n","protected":false},"featured_media":1619,"comment_status":"open","ping_status":"closed","template":"","meta":[],"product_brand":[],"product_cat":[17],"product_tag":[],"class_list":{"0":"post-1618","1":"product","2":"type-product","3":"status-publish","4":"has-post-thumbnail","6":"product_cat-ramos-de-flores","8":"first","9":"instock","10":"sale","11":"taxable","12":"shipping-taxable","13":"purchasable","14":"product-type-simple"},"yoast_head":"<!-- This site is optimized with the Yoast SEO plugin v27.3 - https:\/\/yoast.com\/product\/yoast-seo-wordpress\/ -->\n<title>Ramo Floral \u201cPasi\u00f3n en Rosa\u201d - Taller floral<\/title>\n<meta name=\"description\" content=\"Un ramo que mezcla la dulzura del rosa con la fuerza del rojo, creando una expresi\u00f3n perfecta de amor, pasi\u00f3n y ternura.\u201cPasi\u00f3n en Rosa\u201d est\u00e1 compuesto por delicadas rosas en tonos blush y rojas intensas, acompa\u00f1adas de flores complementarias que aportan textura y elegancia. Cada detalle est\u00e1 cuidadosamente dise\u00f1ado para transmitir emociones profundas, como un abrazo convertido en flores.Ideal para aniversarios, declaraciones de amor, cumplea\u00f1os especiales o momentos que merecen quedarse en el coraz\u00f3n.Un ramo sofisticado, rom\u00e1ntico y lleno de vida.\" \/>\n<meta name=\"robots\" content=\"index, follow, max-snippet:-1, max-image-preview:large, max-video-preview:-1\" \/>\n<link rel=\"canonical\" href=\"https:\/\/tallerfloral.com.co\/?product=ramo-floral-pasion-en-rosa\" \/>\n<meta property=\"og:locale\" content=\"es_ES\" \/>\n<meta property=\"og:type\" content=\"article\" \/>\n<meta property=\"og:title\" content=\"Ramo Floral \u201cPasi\u00f3n en Rosa\u201d - Taller floral\" \/>\n<meta property=\"og:description\" content=\"Un ramo que mezcla la dulzura del rosa con la fuerza del rojo, creando una expresi\u00f3n perfecta de amor, pasi\u00f3n y ternura.\u201cPasi\u00f3n en Rosa\u201d est\u00e1 compuesto por delicadas rosas en tonos blush y rojas intensas, acompa\u00f1adas de flores complementarias que aportan textura y elegancia. Cada detalle est\u00e1 cuidadosamente dise\u00f1ado para transmitir emociones profundas, como un abrazo convertido en flores.Ideal para aniversarios, declaraciones de amor, cumplea\u00f1os especiales o momentos que merecen quedarse en el coraz\u00f3n.Un ramo sofisticado, rom\u00e1ntico y lleno de vida.\" \/>\n<meta property=\"og:url\" content=\"https:\/\/tallerfloral.com.co\/?product=ramo-floral-pasion-en-rosa\" \/>\n<meta property=\"og:site_name\" content=\"Taller floral\" \/>\n<meta property=\"og:image\" content=\"https:\/\/tallerfloral.com.co\/wp-content\/uploads\/2026\/02\/WhatsApp-Image-2025-10-13-at-10.10.18-AM-2.jpeg\" \/>\n\t<meta property=\"og:image:width\" content=\"474\" \/>\n\t<meta property=\"og:image:height\" content=\"711\" \/>\n\t<meta property=\"og:image:type\" content=\"image\/jpeg\" \/>\n<meta name=\"twitter:card\" content=\"summary_large_image\" \/>\n<meta name=\"twitter:label1\" content=\"Tiempo de lectura\" \/>\n\t<meta name=\"twitter:data1\" content=\"1 minuto\" \/>\n<script type=\"application\/ld+json\" class=\"yoast-schema-graph\">{\"@context\":\"https:\\\/\\\/schema.org\",\"@graph\":[{\"@type\":\"WebPage\",\"@id\":\"https:\\\/\\\/tallerfloral.com.co\\\/?product=ramo-floral-pasion-en-rosa\",\"url\":\"https:\\\/\\\/tallerfloral.com.co\\\/?product=ramo-floral-pasion-en-rosa\",\"name\":\"Ramo Floral \u201cPasi\u00f3n en Rosa\u201d - Taller floral\",\"isPartOf\":{\"@id\":\"https:\\\/\\\/tallerfloral.com.co\\\/#website\"},\"primaryImageOfPage\":{\"@id\":\"https:\\\/\\\/tallerfloral.com.co\\\/?product=ramo-floral-pasion-en-rosa#primaryimage\"},\"image\":{\"@id\":\"https:\\\/\\\/tallerfloral.com.co\\\/?product=ramo-floral-pasion-en-rosa#primaryimage\"},\"thumbnailUrl\":\"https:\\\/\\\/tallerfloral.com.co\\\/wp-content\\\/uploads\\\/2026\\\/02\\\/WhatsApp-Image-2025-10-13-at-10.10.18-AM-2.jpeg\",\"datePublished\":\"2026-02-11T15:57:34+00:00\",\"description\":\"Un ramo que mezcla la dulzura del rosa con la fuerza del rojo, creando una expresi\u00f3n perfecta de amor, pasi\u00f3n y ternura.\u201cPasi\u00f3n en Rosa\u201d est\u00e1 compuesto por delicadas rosas en tonos blush y rojas intensas, acompa\u00f1adas de flores complementarias que aportan textura y elegancia. Cada detalle est\u00e1 cuidadosamente dise\u00f1ado para transmitir emociones profundas, como un abrazo convertido en flores.Ideal para aniversarios, declaraciones de amor, cumplea\u00f1os especiales o momentos que merecen quedarse en el coraz\u00f3n.Un ramo sofisticado, rom\u00e1ntico y lleno de vida.\",\"breadcrumb\":{\"@id\":\"https:\\\/\\\/tallerfloral.com.co\\\/?product=ramo-floral-pasion-en-rosa#breadcrumb\"},\"inLanguage\":\"es-CO\",\"potentialAction\":[{\"@type\":\"ReadAction\",\"target\":[\"https:\\\/\\\/tallerfloral.com.co\\\/?product=ramo-floral-pasion-en-rosa\"]}]},{\"@type\":\"ImageObject\",\"inLanguage\":\"es-CO\",\"@id\":\"https:\\\/\\\/tallerfloral.com.co\\\/?product=ramo-floral-pasion-en-rosa#primaryimage\",\"url\":\"https:\\\/\\\/tallerfloral.com.co\\\/wp-content\\\/uploads\\\/2026\\\/02\\\/WhatsApp-Image-2025-10-13-at-10.10.18-AM-2.jpeg\",\"contentUrl\":\"https:\\\/\\\/tallerfloral.com.co\\\/wp-content\\\/uploads\\\/2026\\\/02\\\/WhatsApp-Image-2025-10-13-at-10.10.18-AM-2.jpeg\",\"width\":474,\"height\":711},{\"@type\":\"BreadcrumbList\",\"@id\":\"https:\\\/\\\/tallerfloral.com.co\\\/?product=ramo-floral-pasion-en-rosa#breadcrumb\",\"itemListElement\":[{\"@type\":\"ListItem\",\"position\":1,\"name\":\"Inicio\",\"item\":\"https:\\\/\\\/tallerfloral.com.co\\\/\"},{\"@type\":\"ListItem\",\"position\":2,\"name\":\"Shop\",\"item\":\"https:\\\/\\\/tallerfloral.com.co\\\/?page_id=59\"},{\"@type\":\"ListItem\",\"position\":3,\"name\":\"Ramo Floral \u201cPasi\u00f3n en Rosa\u201d\"}]},{\"@type\":\"WebSite\",\"@id\":\"https:\\\/\\\/tallerfloral.com.co\\\/#website\",\"url\":\"https:\\\/\\\/tallerfloral.com.co\\\/\",\"name\":\"Taller floral\",\"description\":\"\",\"publisher\":{\"@id\":\"https:\\\/\\\/tallerfloral.com.co\\\/#organization\"},\"potentialAction\":[{\"@type\":\"SearchAction\",\"target\":{\"@type\":\"EntryPoint\",\"urlTemplate\":\"https:\\\/\\\/tallerfloral.com.co\\\/?s={search_term_string}\"},\"query-input\":{\"@type\":\"PropertyValueSpecification\",\"valueRequired\":true,\"valueName\":\"search_term_string\"}}],\"inLanguage\":\"es-CO\"},{\"@type\":\"Organization\",\"@id\":\"https:\\\/\\\/tallerfloral.com.co\\\/#organization\",\"name\":\"Taller floral\",\"url\":\"https:\\\/\\\/tallerfloral.com.co\\\/\",\"logo\":{\"@type\":\"ImageObject\",\"inLanguage\":\"es-CO\",\"@id\":\"https:\\\/\\\/tallerfloral.com.co\\\/#\\\/schema\\\/logo\\\/image\\\/\",\"url\":\"https:\\\/\\\/tallerfloral.com.co\\\/wp-content\\\/uploads\\\/2024\\\/01\\\/logo-taller-floral.jpeg\",\"contentUrl\":\"https:\\\/\\\/tallerfloral.com.co\\\/wp-content\\\/uploads\\\/2024\\\/01\\\/logo-taller-floral.jpeg\",\"width\":502,\"height\":550,\"caption\":\"Taller floral\"},\"image\":{\"@id\":\"https:\\\/\\\/tallerfloral.com.co\\\/#\\\/schema\\\/logo\\\/image\\\/\"}}]}<\/script>\n<!-- \/ Yoast SEO plugin. -->","yoast_head_json":{"title":"Ramo Floral \u201cPasi\u00f3n en Rosa\u201d - Taller floral","description":"Un ramo que mezcla la dulzura del rosa con la fuerza del rojo, creando una expresi\u00f3n perfecta de amor, pasi\u00f3n y ternura.\u201cPasi\u00f3n en Rosa\u201d est\u00e1 compuesto por delicadas rosas en tonos blush y rojas intensas, acompa\u00f1adas de flores complementarias que aportan textura y elegancia. Cada detalle est\u00e1 cuidadosamente dise\u00f1ado para transmitir emociones profundas, como un abrazo convertido en flores.Ideal para aniversarios, declaraciones de amor, cumplea\u00f1os especiales o momentos que merecen quedarse en el coraz\u00f3n.Un ramo sofisticado, rom\u00e1ntico y lleno de vida.","robots":{"index":"index","follow":"follow","max-snippet":"max-snippet:-1","max-image-preview":"max-image-preview:large","max-video-preview":"max-video-preview:-1"},"canonical":"https:\/\/tallerfloral.com.co\/?product=ramo-floral-pasion-en-rosa","og_locale":"es_ES","og_type":"article","og_title":"Ramo Floral \u201cPasi\u00f3n en Rosa\u201d - Taller floral","og_description":"Un ramo que mezcla la dulzura del rosa con la fuerza del rojo, creando una expresi\u00f3n perfecta de amor, pasi\u00f3n y ternura.\u201cPasi\u00f3n en Rosa\u201d est\u00e1 compuesto por delicadas rosas en tonos blush y rojas intensas, acompa\u00f1adas de flores complementarias que aportan textura y elegancia. Cada detalle est\u00e1 cuidadosamente dise\u00f1ado para transmitir emociones profundas, como un abrazo convertido en flores.Ideal para aniversarios, declaraciones de amor, cumplea\u00f1os especiales o momentos que merecen quedarse en el coraz\u00f3n.Un ramo sofisticado, rom\u00e1ntico y lleno de vida.","og_url":"https:\/\/tallerfloral.com.co\/?product=ramo-floral-pasion-en-rosa","og_site_name":"Taller floral","og_image":[{"width":474,"height":711,"url":"https:\/\/tallerfloral.com.co\/wp-content\/uploads\/2026\/02\/WhatsApp-Image-2025-10-13-at-10.10.18-AM-2.jpeg","type":"image\/jpeg"}],"twitter_card":"summary_large_image","twitter_misc":{"Tiempo de lectura":"1 minuto"},"schema":{"@context":"https:\/\/schema.org","@graph":[{"@type":"WebPage","@id":"https:\/\/tallerfloral.com.co\/?product=ramo-floral-pasion-en-rosa","url":"https:\/\/tallerfloral.com.co\/?product=ramo-floral-pasion-en-rosa","name":"Ramo Floral \u201cPasi\u00f3n en Rosa\u201d - Taller floral","isPartOf":{"@id":"https:\/\/tallerfloral.com.co\/#website"},"primaryImageOfPage":{"@id":"https:\/\/tallerfloral.com.co\/?product=ramo-floral-pasion-en-rosa#primaryimage"},"image":{"@id":"https:\/\/tallerfloral.com.co\/?product=ramo-floral-pasion-en-rosa#primaryimage"},"thumbnailUrl":"https:\/\/tallerfloral.com.co\/wp-content\/uploads\/2026\/02\/WhatsApp-Image-2025-10-13-at-10.10.18-AM-2.jpeg","datePublished":"2026-02-11T15:57:34+00:00","description":"Un ramo que mezcla la dulzura del rosa con la fuerza del rojo, creando una expresi\u00f3n perfecta de amor, pasi\u00f3n y ternura.\u201cPasi\u00f3n en Rosa\u201d est\u00e1 compuesto por delicadas rosas en tonos blush y rojas intensas, acompa\u00f1adas de flores complementarias que aportan textura y elegancia. Cada detalle est\u00e1 cuidadosamente dise\u00f1ado para transmitir emociones profundas, como un abrazo convertido en flores.Ideal para aniversarios, declaraciones de amor, cumplea\u00f1os especiales o momentos que merecen quedarse en el coraz\u00f3n.Un ramo sofisticado, rom\u00e1ntico y lleno de vida.","breadcrumb":{"@id":"https:\/\/tallerfloral.com.co\/?product=ramo-floral-pasion-en-rosa#breadcrumb"},"inLanguage":"es-CO","potentialAction":[{"@type":"ReadAction","target":["https:\/\/tallerfloral.com.co\/?product=ramo-floral-pasion-en-rosa"]}]},{"@type":"ImageObject","inLanguage":"es-CO","@id":"https:\/\/tallerfloral.com.co\/?product=ramo-floral-pasion-en-rosa#primaryimage","url":"https:\/\/tallerfloral.com.co\/wp-content\/uploads\/2026\/02\/WhatsApp-Image-2025-10-13-at-10.10.18-AM-2.jpeg","contentUrl":"https:\/\/tallerfloral.com.co\/wp-content\/uploads\/2026\/02\/WhatsApp-Image-2025-10-13-at-10.10.18-AM-2.jpeg","width":474,"height":711},{"@type":"BreadcrumbList","@id":"https:\/\/tallerfloral.com.co\/?product=ramo-floral-pasion-en-rosa#breadcrumb","itemListElement":[{"@type":"ListItem","position":1,"name":"Inicio","item":"https:\/\/tallerfloral.com.co\/"},{"@type":"ListItem","position":2,"name":"Shop","item":"https:\/\/tallerfloral.com.co\/?page_id=59"},{"@type":"ListItem","position":3,"name":"Ramo Floral \u201cPasi\u00f3n en Rosa\u201d"}]},{"@type":"WebSite","@id":"https:\/\/tallerfloral.com.co\/#website","url":"https:\/\/tallerfloral.com.co\/","name":"Taller floral","description":"","publisher":{"@id":"https:\/\/tallerfloral.com.co\/#organization"},"potentialAction":[{"@type":"SearchAction","target":{"@type":"EntryPoint","urlTemplate":"https:\/\/tallerfloral.com.co\/?s={search_term_string}"},"query-input":{"@type":"PropertyValueSpecification","valueRequired":true,"valueName":"search_term_string"}}],"inLanguage":"es-CO"},{"@type":"Organization","@id":"https:\/\/tallerfloral.com.co\/#organization","name":"Taller floral","url":"https:\/\/tallerfloral.com.co\/","logo":{"@type":"ImageObject","inLanguage":"es-CO","@id":"https:\/\/tallerfloral.com.co\/#\/schema\/logo\/image\/","url":"https:\/\/tallerfloral.com.co\/wp-content\/uploads\/2024\/01\/logo-taller-floral.jpeg","contentUrl":"https:\/\/tallerfloral.com.co\/wp-content\/uploads\/2024\/01\/logo-taller-floral.jpeg","width":502,"height":550,"caption":"Taller floral"},"image":{"@id":"https:\/\/tallerfloral.com.co\/#\/schema\/logo\/image\/"}}]}},"jetpack_sharing_enabled":true,"_links":{"self":[{"href":"https:\/\/tallerfloral.com.co\/index.php?rest_route=\/wp\/v2\/product\/1618","targetHints":{"allow":["GET"]}}],"collection":[{"href":"https:\/\/tallerfloral.com.co\/index.php?rest_route=\/wp\/v2\/product"}],"about":[{"href":"https:\/\/tallerfloral.com.co\/index.php?rest_route=\/wp\/v2\/types\/product"}],"replies":[{"embeddable":true,"href":"https:\/\/tallerfloral.com.co\/index.php?rest_route=%2Fwp%2Fv2%2Fcomments&post=1618"}],"wp:featuredmedia":[{"embeddable":true,"href":"https:\/\/tallerfloral.com.co\/index.php?rest_route=\/wp\/v2\/media\/1619"}],"wp:attachment":[{"href":"https:\/\/tallerfloral.com.co\/index.php?rest_route=%2Fwp%2Fv2%2Fmedia&parent=1618"}],"wp:term":[{"taxonomy":"product_brand","embeddable":true,"href":"https:\/\/tallerfloral.com.co\/index.php?rest_route=%2Fwp%2Fv2%2Fproduct_brand&post=1618"},{"taxonomy":"product_cat","embeddable":true,"href":"https:\/\/tallerfloral.com.co\/index.php?rest_route=%2Fwp%2Fv2%2Fproduct_cat&post=1618"},{"taxonomy":"product_tag","embeddable":true,"href":"https:\/\/tallerfloral.com.co\/index.php?rest_route=%2Fwp%2Fv2%2Fproduct_tag&post=1618"}],"curies":[{"name":"wp","href":"https:\/\/api.w.org\/{rel}","templated":true}]}}