{"id":1598,"date":"2026-02-10T17:10:08","date_gmt":"2026-02-10T17:10:08","guid":{"rendered":"https:\/\/tallerfloral.com.co\/?post_type=product&#038;p=1598"},"modified":"2026-02-10T17:11:06","modified_gmt":"2026-02-10T17:11:06","slug":"ramo-floral-pureza-rosada","status":"publish","type":"product","link":"https:\/\/tallerfloral.com.co\/?product=ramo-floral-pureza-rosada","title":{"rendered":"Ramo Floral \u201cPureza Rosada\u201d"},"content":{"rendered":"<p data-start=\"320\" data-end=\"523\">Un ramo donde la ternura y la elegancia se encuentran.<br data-start=\"374\" data-end=\"377\" \/>\u201cPureza Rosada\u201d combina rosas rosadas suaves con lirios blancos llenos de luz y peque\u00f1os detalles de gypsophila que aportan delicadeza y frescura.<\/p>\n<p data-start=\"525\" data-end=\"710\">Cada flor transmite calma, amor sincero y belleza serena. Es el detalle perfecto para expresar cari\u00f1o, celebrar momentos especiales o regalar un gesto rom\u00e1ntico y lleno de sensibilidad.<\/p>\n<p data-start=\"712\" data-end=\"785\">Ideal para aniversarios, cumplea\u00f1os o para decir <em data-start=\"761\" data-end=\"772\">te quiero<\/em> con dulzura.<\/p>\n","protected":false},"excerpt":{"rendered":"<p data-start=\"320\" data-end=\"523\">Un ramo donde la ternura y la elegancia se encuentran.<br data-start=\"374\" data-end=\"377\" \/>\u201cPureza Rosada\u201d combina rosas rosadas suaves con lirios blancos llenos de luz y peque\u00f1os detalles de gypsophila que aportan delicadeza y frescura.<\/p>\n<p data-start=\"525\" data-end=\"710\">Cada flor transmite calma, amor sincero y belleza serena. Es el detalle perfecto para expresar cari\u00f1o, celebrar momentos especiales o regalar un gesto rom\u00e1ntico y lleno de sensibilidad.<\/p>\n<p data-start=\"712\" data-end=\"785\">Ideal para aniversarios, cumplea\u00f1os o para decir <em data-start=\"761\" data-end=\"772\">te quiero<\/em> con dulzura.<\/p>\n","protected":false},"featured_media":1599,"comment_status":"open","ping_status":"closed","template":"","meta":[],"product_brand":[],"product_cat":[23,17],"product_tag":[],"class_list":{"0":"post-1598","1":"product","2":"type-product","3":"status-publish","4":"has-post-thumbnail","6":"product_cat-flores-premium","7":"product_cat-ramos-de-flores","9":"first","10":"instock","11":"sale","12":"taxable","13":"shipping-taxable","14":"purchasable","15":"product-type-simple"},"yoast_head":"<!-- This site is optimized with the Yoast SEO plugin v27.3 - https:\/\/yoast.com\/product\/yoast-seo-wordpress\/ -->\n<title>Ramo Floral \u201cPureza Rosada\u201d - Taller floral<\/title>\n<meta name=\"description\" content=\"Un ramo donde la ternura y la elegancia se encuentran.\u201cPureza Rosada\u201d combina rosas rosadas suaves con lirios blancos llenos de luz y peque\u00f1os detalles de gypsophila que aportan delicadeza y frescura.Cada flor transmite calma, amor sincero y belleza serena. Es el detalle perfecto para expresar cari\u00f1o, celebrar momentos especiales o regalar un gesto rom\u00e1ntico y lleno de sensibilidad.Ideal para aniversarios, cumplea\u00f1os o para decir te quiero con dulzura.\" \/>\n<meta name=\"robots\" content=\"index, follow, max-snippet:-1, max-image-preview:large, max-video-preview:-1\" \/>\n<link rel=\"canonical\" href=\"https:\/\/tallerfloral.com.co\/?product=ramo-floral-pureza-rosada\" \/>\n<meta property=\"og:locale\" content=\"es_ES\" \/>\n<meta property=\"og:type\" content=\"article\" \/>\n<meta property=\"og:title\" content=\"Ramo Floral \u201cPureza Rosada\u201d - Taller floral\" \/>\n<meta property=\"og:description\" content=\"Un ramo donde la ternura y la elegancia se encuentran.\u201cPureza Rosada\u201d combina rosas rosadas suaves con lirios blancos llenos de luz y peque\u00f1os detalles de gypsophila que aportan delicadeza y frescura.Cada flor transmite calma, amor sincero y belleza serena. Es el detalle perfecto para expresar cari\u00f1o, celebrar momentos especiales o regalar un gesto rom\u00e1ntico y lleno de sensibilidad.Ideal para aniversarios, cumplea\u00f1os o para decir te quiero con dulzura.\" \/>\n<meta property=\"og:url\" content=\"https:\/\/tallerfloral.com.co\/?product=ramo-floral-pureza-rosada\" \/>\n<meta property=\"og:site_name\" content=\"Taller floral\" \/>\n<meta property=\"article:modified_time\" content=\"2026-02-10T17:11:06+00:00\" \/>\n<meta property=\"og:image\" content=\"https:\/\/tallerfloral.com.co\/wp-content\/uploads\/2026\/02\/WhatsApp-Image-2025-10-13-at-10.10.16-AM-7.jpeg\" \/>\n\t<meta property=\"og:image:width\" content=\"736\" \/>\n\t<meta property=\"og:image:height\" content=\"736\" \/>\n\t<meta property=\"og:image:type\" content=\"image\/jpeg\" \/>\n<meta name=\"twitter:card\" content=\"summary_large_image\" \/>\n<meta name=\"twitter:label1\" content=\"Tiempo de lectura\" \/>\n\t<meta name=\"twitter:data1\" content=\"1 minuto\" \/>\n<script type=\"application\/ld+json\" class=\"yoast-schema-graph\">{\"@context\":\"https:\\\/\\\/schema.org\",\"@graph\":[{\"@type\":\"WebPage\",\"@id\":\"https:\\\/\\\/tallerfloral.com.co\\\/?product=ramo-floral-pureza-rosada\",\"url\":\"https:\\\/\\\/tallerfloral.com.co\\\/?product=ramo-floral-pureza-rosada\",\"name\":\"Ramo Floral \u201cPureza Rosada\u201d - Taller floral\",\"isPartOf\":{\"@id\":\"https:\\\/\\\/tallerfloral.com.co\\\/#website\"},\"primaryImageOfPage\":{\"@id\":\"https:\\\/\\\/tallerfloral.com.co\\\/?product=ramo-floral-pureza-rosada#primaryimage\"},\"image\":{\"@id\":\"https:\\\/\\\/tallerfloral.com.co\\\/?product=ramo-floral-pureza-rosada#primaryimage\"},\"thumbnailUrl\":\"https:\\\/\\\/tallerfloral.com.co\\\/wp-content\\\/uploads\\\/2026\\\/02\\\/WhatsApp-Image-2025-10-13-at-10.10.16-AM-7.jpeg\",\"datePublished\":\"2026-02-10T17:10:08+00:00\",\"dateModified\":\"2026-02-10T17:11:06+00:00\",\"description\":\"Un ramo donde la ternura y la elegancia se encuentran.\u201cPureza Rosada\u201d combina rosas rosadas suaves con lirios blancos llenos de luz y peque\u00f1os detalles de gypsophila que aportan delicadeza y frescura.Cada flor transmite calma, amor sincero y belleza serena. Es el detalle perfecto para expresar cari\u00f1o, celebrar momentos especiales o regalar un gesto rom\u00e1ntico y lleno de sensibilidad.Ideal para aniversarios, cumplea\u00f1os o para decir te quiero con dulzura.\",\"breadcrumb\":{\"@id\":\"https:\\\/\\\/tallerfloral.com.co\\\/?product=ramo-floral-pureza-rosada#breadcrumb\"},\"inLanguage\":\"es-CO\",\"potentialAction\":[{\"@type\":\"ReadAction\",\"target\":[\"https:\\\/\\\/tallerfloral.com.co\\\/?product=ramo-floral-pureza-rosada\"]}]},{\"@type\":\"ImageObject\",\"inLanguage\":\"es-CO\",\"@id\":\"https:\\\/\\\/tallerfloral.com.co\\\/?product=ramo-floral-pureza-rosada#primaryimage\",\"url\":\"https:\\\/\\\/tallerfloral.com.co\\\/wp-content\\\/uploads\\\/2026\\\/02\\\/WhatsApp-Image-2025-10-13-at-10.10.16-AM-7.jpeg\",\"contentUrl\":\"https:\\\/\\\/tallerfloral.com.co\\\/wp-content\\\/uploads\\\/2026\\\/02\\\/WhatsApp-Image-2025-10-13-at-10.10.16-AM-7.jpeg\",\"width\":736,\"height\":736},{\"@type\":\"BreadcrumbList\",\"@id\":\"https:\\\/\\\/tallerfloral.com.co\\\/?product=ramo-floral-pureza-rosada#breadcrumb\",\"itemListElement\":[{\"@type\":\"ListItem\",\"position\":1,\"name\":\"Inicio\",\"item\":\"https:\\\/\\\/tallerfloral.com.co\\\/\"},{\"@type\":\"ListItem\",\"position\":2,\"name\":\"Shop\",\"item\":\"https:\\\/\\\/tallerfloral.com.co\\\/?page_id=59\"},{\"@type\":\"ListItem\",\"position\":3,\"name\":\"Ramo Floral \u201cPureza Rosada\u201d\"}]},{\"@type\":\"WebSite\",\"@id\":\"https:\\\/\\\/tallerfloral.com.co\\\/#website\",\"url\":\"https:\\\/\\\/tallerfloral.com.co\\\/\",\"name\":\"Taller floral\",\"description\":\"\",\"publisher\":{\"@id\":\"https:\\\/\\\/tallerfloral.com.co\\\/#organization\"},\"potentialAction\":[{\"@type\":\"SearchAction\",\"target\":{\"@type\":\"EntryPoint\",\"urlTemplate\":\"https:\\\/\\\/tallerfloral.com.co\\\/?s={search_term_string}\"},\"query-input\":{\"@type\":\"PropertyValueSpecification\",\"valueRequired\":true,\"valueName\":\"search_term_string\"}}],\"inLanguage\":\"es-CO\"},{\"@type\":\"Organization\",\"@id\":\"https:\\\/\\\/tallerfloral.com.co\\\/#organization\",\"name\":\"Taller floral\",\"url\":\"https:\\\/\\\/tallerfloral.com.co\\\/\",\"logo\":{\"@type\":\"ImageObject\",\"inLanguage\":\"es-CO\",\"@id\":\"https:\\\/\\\/tallerfloral.com.co\\\/#\\\/schema\\\/logo\\\/image\\\/\",\"url\":\"https:\\\/\\\/tallerfloral.com.co\\\/wp-content\\\/uploads\\\/2024\\\/01\\\/logo-taller-floral.jpeg\",\"contentUrl\":\"https:\\\/\\\/tallerfloral.com.co\\\/wp-content\\\/uploads\\\/2024\\\/01\\\/logo-taller-floral.jpeg\",\"width\":502,\"height\":550,\"caption\":\"Taller floral\"},\"image\":{\"@id\":\"https:\\\/\\\/tallerfloral.com.co\\\/#\\\/schema\\\/logo\\\/image\\\/\"}}]}<\/script>\n<!-- \/ Yoast SEO plugin. -->","yoast_head_json":{"title":"Ramo Floral \u201cPureza Rosada\u201d - Taller floral","description":"Un ramo donde la ternura y la elegancia se encuentran.\u201cPureza Rosada\u201d combina rosas rosadas suaves con lirios blancos llenos de luz y peque\u00f1os detalles de gypsophila que aportan delicadeza y frescura.Cada flor transmite calma, amor sincero y belleza serena. Es el detalle perfecto para expresar cari\u00f1o, celebrar momentos especiales o regalar un gesto rom\u00e1ntico y lleno de sensibilidad.Ideal para aniversarios, cumplea\u00f1os o para decir te quiero con dulzura.","robots":{"index":"index","follow":"follow","max-snippet":"max-snippet:-1","max-image-preview":"max-image-preview:large","max-video-preview":"max-video-preview:-1"},"canonical":"https:\/\/tallerfloral.com.co\/?product=ramo-floral-pureza-rosada","og_locale":"es_ES","og_type":"article","og_title":"Ramo Floral \u201cPureza Rosada\u201d - Taller floral","og_description":"Un ramo donde la ternura y la elegancia se encuentran.\u201cPureza Rosada\u201d combina rosas rosadas suaves con lirios blancos llenos de luz y peque\u00f1os detalles de gypsophila que aportan delicadeza y frescura.Cada flor transmite calma, amor sincero y belleza serena. Es el detalle perfecto para expresar cari\u00f1o, celebrar momentos especiales o regalar un gesto rom\u00e1ntico y lleno de sensibilidad.Ideal para aniversarios, cumplea\u00f1os o para decir te quiero con dulzura.","og_url":"https:\/\/tallerfloral.com.co\/?product=ramo-floral-pureza-rosada","og_site_name":"Taller floral","article_modified_time":"2026-02-10T17:11:06+00:00","og_image":[{"width":736,"height":736,"url":"https:\/\/tallerfloral.com.co\/wp-content\/uploads\/2026\/02\/WhatsApp-Image-2025-10-13-at-10.10.16-AM-7.jpeg","type":"image\/jpeg"}],"twitter_card":"summary_large_image","twitter_misc":{"Tiempo de lectura":"1 minuto"},"schema":{"@context":"https:\/\/schema.org","@graph":[{"@type":"WebPage","@id":"https:\/\/tallerfloral.com.co\/?product=ramo-floral-pureza-rosada","url":"https:\/\/tallerfloral.com.co\/?product=ramo-floral-pureza-rosada","name":"Ramo Floral \u201cPureza Rosada\u201d - Taller floral","isPartOf":{"@id":"https:\/\/tallerfloral.com.co\/#website"},"primaryImageOfPage":{"@id":"https:\/\/tallerfloral.com.co\/?product=ramo-floral-pureza-rosada#primaryimage"},"image":{"@id":"https:\/\/tallerfloral.com.co\/?product=ramo-floral-pureza-rosada#primaryimage"},"thumbnailUrl":"https:\/\/tallerfloral.com.co\/wp-content\/uploads\/2026\/02\/WhatsApp-Image-2025-10-13-at-10.10.16-AM-7.jpeg","datePublished":"2026-02-10T17:10:08+00:00","dateModified":"2026-02-10T17:11:06+00:00","description":"Un ramo donde la ternura y la elegancia se encuentran.\u201cPureza Rosada\u201d combina rosas rosadas suaves con lirios blancos llenos de luz y peque\u00f1os detalles de gypsophila que aportan delicadeza y frescura.Cada flor transmite calma, amor sincero y belleza serena. Es el detalle perfecto para expresar cari\u00f1o, celebrar momentos especiales o regalar un gesto rom\u00e1ntico y lleno de sensibilidad.Ideal para aniversarios, cumplea\u00f1os o para decir te quiero con dulzura.","breadcrumb":{"@id":"https:\/\/tallerfloral.com.co\/?product=ramo-floral-pureza-rosada#breadcrumb"},"inLanguage":"es-CO","potentialAction":[{"@type":"ReadAction","target":["https:\/\/tallerfloral.com.co\/?product=ramo-floral-pureza-rosada"]}]},{"@type":"ImageObject","inLanguage":"es-CO","@id":"https:\/\/tallerfloral.com.co\/?product=ramo-floral-pureza-rosada#primaryimage","url":"https:\/\/tallerfloral.com.co\/wp-content\/uploads\/2026\/02\/WhatsApp-Image-2025-10-13-at-10.10.16-AM-7.jpeg","contentUrl":"https:\/\/tallerfloral.com.co\/wp-content\/uploads\/2026\/02\/WhatsApp-Image-2025-10-13-at-10.10.16-AM-7.jpeg","width":736,"height":736},{"@type":"BreadcrumbList","@id":"https:\/\/tallerfloral.com.co\/?product=ramo-floral-pureza-rosada#breadcrumb","itemListElement":[{"@type":"ListItem","position":1,"name":"Inicio","item":"https:\/\/tallerfloral.com.co\/"},{"@type":"ListItem","position":2,"name":"Shop","item":"https:\/\/tallerfloral.com.co\/?page_id=59"},{"@type":"ListItem","position":3,"name":"Ramo Floral \u201cPureza Rosada\u201d"}]},{"@type":"WebSite","@id":"https:\/\/tallerfloral.com.co\/#website","url":"https:\/\/tallerfloral.com.co\/","name":"Taller floral","description":"","publisher":{"@id":"https:\/\/tallerfloral.com.co\/#organization"},"potentialAction":[{"@type":"SearchAction","target":{"@type":"EntryPoint","urlTemplate":"https:\/\/tallerfloral.com.co\/?s={search_term_string}"},"query-input":{"@type":"PropertyValueSpecification","valueRequired":true,"valueName":"search_term_string"}}],"inLanguage":"es-CO"},{"@type":"Organization","@id":"https:\/\/tallerfloral.com.co\/#organization","name":"Taller floral","url":"https:\/\/tallerfloral.com.co\/","logo":{"@type":"ImageObject","inLanguage":"es-CO","@id":"https:\/\/tallerfloral.com.co\/#\/schema\/logo\/image\/","url":"https:\/\/tallerfloral.com.co\/wp-content\/uploads\/2024\/01\/logo-taller-floral.jpeg","contentUrl":"https:\/\/tallerfloral.com.co\/wp-content\/uploads\/2024\/01\/logo-taller-floral.jpeg","width":502,"height":550,"caption":"Taller floral"},"image":{"@id":"https:\/\/tallerfloral.com.co\/#\/schema\/logo\/image\/"}}]}},"jetpack_sharing_enabled":true,"_links":{"self":[{"href":"https:\/\/tallerfloral.com.co\/index.php?rest_route=\/wp\/v2\/product\/1598","targetHints":{"allow":["GET"]}}],"collection":[{"href":"https:\/\/tallerfloral.com.co\/index.php?rest_route=\/wp\/v2\/product"}],"about":[{"href":"https:\/\/tallerfloral.com.co\/index.php?rest_route=\/wp\/v2\/types\/product"}],"replies":[{"embeddable":true,"href":"https:\/\/tallerfloral.com.co\/index.php?rest_route=%2Fwp%2Fv2%2Fcomments&post=1598"}],"wp:featuredmedia":[{"embeddable":true,"href":"https:\/\/tallerfloral.com.co\/index.php?rest_route=\/wp\/v2\/media\/1599"}],"wp:attachment":[{"href":"https:\/\/tallerfloral.com.co\/index.php?rest_route=%2Fwp%2Fv2%2Fmedia&parent=1598"}],"wp:term":[{"taxonomy":"product_brand","embeddable":true,"href":"https:\/\/tallerfloral.com.co\/index.php?rest_route=%2Fwp%2Fv2%2Fproduct_brand&post=1598"},{"taxonomy":"product_cat","embeddable":true,"href":"https:\/\/tallerfloral.com.co\/index.php?rest_route=%2Fwp%2Fv2%2Fproduct_cat&post=1598"},{"taxonomy":"product_tag","embeddable":true,"href":"https:\/\/tallerfloral.com.co\/index.php?rest_route=%2Fwp%2Fv2%2Fproduct_tag&post=1598"}],"curies":[{"name":"wp","href":"https:\/\/api.w.org\/{rel}","templated":true}]}}