{"id":1564,"date":"2026-02-09T17:20:03","date_gmt":"2026-02-09T17:20:03","guid":{"rendered":"https:\/\/tallerfloral.com.co\/?post_type=product&#038;p=1564"},"modified":"2026-02-09T17:20:28","modified_gmt":"2026-02-09T17:20:28","slug":"caja-floral-corazon-de-mama","status":"publish","type":"product","link":"https:\/\/tallerfloral.com.co\/?product=caja-floral-corazon-de-mama","title":{"rendered":"Caja Floral \u201cCoraz\u00f3n de Mam\u00e1\u201d"},"content":{"rendered":"<p data-start=\"270\" data-end=\"514\">Un coraz\u00f3n lleno de flores para quien nos dio todo.<br data-start=\"321\" data-end=\"324\" \/>\u201cCoraz\u00f3n de Mam\u00e1\u201d es una caja floral en forma de coraz\u00f3n que re\u00fane flores frescas en tonos pastel, lilas, rosados y amarillos, creando una composici\u00f3n alegre, tierna y profundamente emotiva.<\/p>\n<p data-start=\"516\" data-end=\"746\">Cada flor representa gratitud, amor y cuidado infinito. Es un arreglo dise\u00f1ado para celebrar la dulzura, la fortaleza y el amor incondicional, acompa\u00f1ado de un detalle especial que convierte este regalo en un recuerdo inolvidable.<\/p>\n<p data-start=\"748\" data-end=\"842\">Ideal para el D\u00eda de las Madres, cumplea\u00f1os o para decir <em data-start=\"805\" data-end=\"824\">gracias por tanto<\/em> desde el coraz\u00f3n.<\/p>\n","protected":false},"excerpt":{"rendered":"<p>Un coraz\u00f3n lleno de flores para quien nos dio todo.<br data-start=\"321\" data-end=\"324\" \/>\u201cCoraz\u00f3n de Mam\u00e1\u201d es una caja floral en forma de coraz\u00f3n que re\u00fane flores frescas en tonos pastel, lilas, rosados y amarillos, creando una composici\u00f3n alegre, tierna y profundamente emotiva.<\/p>\n","protected":false},"featured_media":1565,"comment_status":"open","ping_status":"closed","template":"","meta":[],"product_brand":[],"product_cat":[28],"product_tag":[],"class_list":{"0":"post-1564","1":"product","2":"type-product","3":"status-publish","4":"has-post-thumbnail","6":"product_cat-cajasflores","8":"first","9":"instock","10":"sale","11":"taxable","12":"shipping-taxable","13":"purchasable","14":"product-type-simple"},"yoast_head":"<!-- This site is optimized with the Yoast SEO plugin v27.4 - https:\/\/yoast.com\/product\/yoast-seo-wordpress\/ -->\n<title>Caja Floral \u201cCoraz\u00f3n de Mam\u00e1\u201d - Taller floral<\/title>\n<meta name=\"description\" content=\"Un coraz\u00f3n lleno de flores para quien nos dio todo.\u201cCoraz\u00f3n de Mam\u00e1\u201d es una caja floral en forma de coraz\u00f3n que re\u00fane flores frescas en tonos pastel, lilas, rosados y amarillos, creando una composici\u00f3n alegre, tierna y profundamente emotiva.Cada flor representa gratitud, amor y cuidado infinito. Es un arreglo dise\u00f1ado para celebrar la dulzura, la fortaleza y el amor incondicional, acompa\u00f1ado de un detalle especial que convierte este regalo en un recuerdo inolvidable.\" \/>\n<meta name=\"robots\" content=\"index, follow, max-snippet:-1, max-image-preview:large, max-video-preview:-1\" \/>\n<link rel=\"canonical\" href=\"https:\/\/tallerfloral.com.co\/?product=caja-floral-corazon-de-mama\" \/>\n<meta property=\"og:locale\" content=\"es_ES\" \/>\n<meta property=\"og:type\" content=\"article\" \/>\n<meta property=\"og:title\" content=\"Caja Floral \u201cCoraz\u00f3n de Mam\u00e1\u201d - Taller floral\" \/>\n<meta property=\"og:description\" content=\"Un coraz\u00f3n lleno de flores para quien nos dio todo.\u201cCoraz\u00f3n de Mam\u00e1\u201d es una caja floral en forma de coraz\u00f3n que re\u00fane flores frescas en tonos pastel, lilas, rosados y amarillos, creando una composici\u00f3n alegre, tierna y profundamente emotiva.Cada flor representa gratitud, amor y cuidado infinito. Es un arreglo dise\u00f1ado para celebrar la dulzura, la fortaleza y el amor incondicional, acompa\u00f1ado de un detalle especial que convierte este regalo en un recuerdo inolvidable.\" \/>\n<meta property=\"og:url\" content=\"https:\/\/tallerfloral.com.co\/?product=caja-floral-corazon-de-mama\" \/>\n<meta property=\"og:site_name\" content=\"Taller floral\" \/>\n<meta property=\"article:modified_time\" content=\"2026-02-09T17:20:28+00:00\" \/>\n<meta property=\"og:image\" content=\"https:\/\/tallerfloral.com.co\/wp-content\/uploads\/2026\/02\/WhatsApp-Image-2025-10-13-at-10.10.09-AM.jpeg\" \/>\n\t<meta property=\"og:image:width\" content=\"736\" \/>\n\t<meta property=\"og:image:height\" content=\"874\" \/>\n\t<meta property=\"og:image:type\" content=\"image\/jpeg\" \/>\n<meta name=\"twitter:card\" content=\"summary_large_image\" \/>\n<meta name=\"twitter:label1\" content=\"Tiempo de lectura\" \/>\n\t<meta name=\"twitter:data1\" content=\"1 minuto\" \/>\n<script type=\"application\/ld+json\" class=\"yoast-schema-graph\">{\"@context\":\"https:\\\/\\\/schema.org\",\"@graph\":[{\"@type\":\"WebPage\",\"@id\":\"https:\\\/\\\/tallerfloral.com.co\\\/?product=caja-floral-corazon-de-mama\",\"url\":\"https:\\\/\\\/tallerfloral.com.co\\\/?product=caja-floral-corazon-de-mama\",\"name\":\"Caja Floral \u201cCoraz\u00f3n de Mam\u00e1\u201d - Taller floral\",\"isPartOf\":{\"@id\":\"https:\\\/\\\/tallerfloral.com.co\\\/#website\"},\"primaryImageOfPage\":{\"@id\":\"https:\\\/\\\/tallerfloral.com.co\\\/?product=caja-floral-corazon-de-mama#primaryimage\"},\"image\":{\"@id\":\"https:\\\/\\\/tallerfloral.com.co\\\/?product=caja-floral-corazon-de-mama#primaryimage\"},\"thumbnailUrl\":\"https:\\\/\\\/tallerfloral.com.co\\\/wp-content\\\/uploads\\\/2026\\\/02\\\/WhatsApp-Image-2025-10-13-at-10.10.09-AM.jpeg\",\"datePublished\":\"2026-02-09T17:20:03+00:00\",\"dateModified\":\"2026-02-09T17:20:28+00:00\",\"description\":\"Un coraz\u00f3n lleno de flores para quien nos dio todo.\u201cCoraz\u00f3n de Mam\u00e1\u201d es una caja floral en forma de coraz\u00f3n que re\u00fane flores frescas en tonos pastel, lilas, rosados y amarillos, creando una composici\u00f3n alegre, tierna y profundamente emotiva.Cada flor representa gratitud, amor y cuidado infinito. Es un arreglo dise\u00f1ado para celebrar la dulzura, la fortaleza y el amor incondicional, acompa\u00f1ado de un detalle especial que convierte este regalo en un recuerdo inolvidable.\",\"breadcrumb\":{\"@id\":\"https:\\\/\\\/tallerfloral.com.co\\\/?product=caja-floral-corazon-de-mama#breadcrumb\"},\"inLanguage\":\"es-CO\",\"potentialAction\":[{\"@type\":\"ReadAction\",\"target\":[\"https:\\\/\\\/tallerfloral.com.co\\\/?product=caja-floral-corazon-de-mama\"]}]},{\"@type\":\"ImageObject\",\"inLanguage\":\"es-CO\",\"@id\":\"https:\\\/\\\/tallerfloral.com.co\\\/?product=caja-floral-corazon-de-mama#primaryimage\",\"url\":\"https:\\\/\\\/tallerfloral.com.co\\\/wp-content\\\/uploads\\\/2026\\\/02\\\/WhatsApp-Image-2025-10-13-at-10.10.09-AM.jpeg\",\"contentUrl\":\"https:\\\/\\\/tallerfloral.com.co\\\/wp-content\\\/uploads\\\/2026\\\/02\\\/WhatsApp-Image-2025-10-13-at-10.10.09-AM.jpeg\",\"width\":736,\"height\":874},{\"@type\":\"BreadcrumbList\",\"@id\":\"https:\\\/\\\/tallerfloral.com.co\\\/?product=caja-floral-corazon-de-mama#breadcrumb\",\"itemListElement\":[{\"@type\":\"ListItem\",\"position\":1,\"name\":\"Inicio\",\"item\":\"https:\\\/\\\/tallerfloral.com.co\\\/\"},{\"@type\":\"ListItem\",\"position\":2,\"name\":\"Shop\",\"item\":\"https:\\\/\\\/tallerfloral.com.co\\\/?page_id=59\"},{\"@type\":\"ListItem\",\"position\":3,\"name\":\"Caja Floral \u201cCoraz\u00f3n de Mam\u00e1\u201d\"}]},{\"@type\":\"WebSite\",\"@id\":\"https:\\\/\\\/tallerfloral.com.co\\\/#website\",\"url\":\"https:\\\/\\\/tallerfloral.com.co\\\/\",\"name\":\"Taller floral\",\"description\":\"\",\"publisher\":{\"@id\":\"https:\\\/\\\/tallerfloral.com.co\\\/#organization\"},\"potentialAction\":[{\"@type\":\"SearchAction\",\"target\":{\"@type\":\"EntryPoint\",\"urlTemplate\":\"https:\\\/\\\/tallerfloral.com.co\\\/?s={search_term_string}\"},\"query-input\":{\"@type\":\"PropertyValueSpecification\",\"valueRequired\":true,\"valueName\":\"search_term_string\"}}],\"inLanguage\":\"es-CO\"},{\"@type\":\"Organization\",\"@id\":\"https:\\\/\\\/tallerfloral.com.co\\\/#organization\",\"name\":\"Taller floral\",\"url\":\"https:\\\/\\\/tallerfloral.com.co\\\/\",\"logo\":{\"@type\":\"ImageObject\",\"inLanguage\":\"es-CO\",\"@id\":\"https:\\\/\\\/tallerfloral.com.co\\\/#\\\/schema\\\/logo\\\/image\\\/\",\"url\":\"https:\\\/\\\/tallerfloral.com.co\\\/wp-content\\\/uploads\\\/2024\\\/01\\\/logo-taller-floral.jpeg\",\"contentUrl\":\"https:\\\/\\\/tallerfloral.com.co\\\/wp-content\\\/uploads\\\/2024\\\/01\\\/logo-taller-floral.jpeg\",\"width\":502,\"height\":550,\"caption\":\"Taller floral\"},\"image\":{\"@id\":\"https:\\\/\\\/tallerfloral.com.co\\\/#\\\/schema\\\/logo\\\/image\\\/\"}}]}<\/script>\n<!-- \/ Yoast SEO plugin. -->","yoast_head_json":{"title":"Caja Floral \u201cCoraz\u00f3n de Mam\u00e1\u201d - Taller floral","description":"Un coraz\u00f3n lleno de flores para quien nos dio todo.\u201cCoraz\u00f3n de Mam\u00e1\u201d es una caja floral en forma de coraz\u00f3n que re\u00fane flores frescas en tonos pastel, lilas, rosados y amarillos, creando una composici\u00f3n alegre, tierna y profundamente emotiva.Cada flor representa gratitud, amor y cuidado infinito. Es un arreglo dise\u00f1ado para celebrar la dulzura, la fortaleza y el amor incondicional, acompa\u00f1ado de un detalle especial que convierte este regalo en un recuerdo inolvidable.","robots":{"index":"index","follow":"follow","max-snippet":"max-snippet:-1","max-image-preview":"max-image-preview:large","max-video-preview":"max-video-preview:-1"},"canonical":"https:\/\/tallerfloral.com.co\/?product=caja-floral-corazon-de-mama","og_locale":"es_ES","og_type":"article","og_title":"Caja Floral \u201cCoraz\u00f3n de Mam\u00e1\u201d - Taller floral","og_description":"Un coraz\u00f3n lleno de flores para quien nos dio todo.\u201cCoraz\u00f3n de Mam\u00e1\u201d es una caja floral en forma de coraz\u00f3n que re\u00fane flores frescas en tonos pastel, lilas, rosados y amarillos, creando una composici\u00f3n alegre, tierna y profundamente emotiva.Cada flor representa gratitud, amor y cuidado infinito. Es un arreglo dise\u00f1ado para celebrar la dulzura, la fortaleza y el amor incondicional, acompa\u00f1ado de un detalle especial que convierte este regalo en un recuerdo inolvidable.","og_url":"https:\/\/tallerfloral.com.co\/?product=caja-floral-corazon-de-mama","og_site_name":"Taller floral","article_modified_time":"2026-02-09T17:20:28+00:00","og_image":[{"width":736,"height":874,"url":"https:\/\/tallerfloral.com.co\/wp-content\/uploads\/2026\/02\/WhatsApp-Image-2025-10-13-at-10.10.09-AM.jpeg","type":"image\/jpeg"}],"twitter_card":"summary_large_image","twitter_misc":{"Tiempo de lectura":"1 minuto"},"schema":{"@context":"https:\/\/schema.org","@graph":[{"@type":"WebPage","@id":"https:\/\/tallerfloral.com.co\/?product=caja-floral-corazon-de-mama","url":"https:\/\/tallerfloral.com.co\/?product=caja-floral-corazon-de-mama","name":"Caja Floral \u201cCoraz\u00f3n de Mam\u00e1\u201d - Taller floral","isPartOf":{"@id":"https:\/\/tallerfloral.com.co\/#website"},"primaryImageOfPage":{"@id":"https:\/\/tallerfloral.com.co\/?product=caja-floral-corazon-de-mama#primaryimage"},"image":{"@id":"https:\/\/tallerfloral.com.co\/?product=caja-floral-corazon-de-mama#primaryimage"},"thumbnailUrl":"https:\/\/tallerfloral.com.co\/wp-content\/uploads\/2026\/02\/WhatsApp-Image-2025-10-13-at-10.10.09-AM.jpeg","datePublished":"2026-02-09T17:20:03+00:00","dateModified":"2026-02-09T17:20:28+00:00","description":"Un coraz\u00f3n lleno de flores para quien nos dio todo.\u201cCoraz\u00f3n de Mam\u00e1\u201d es una caja floral en forma de coraz\u00f3n que re\u00fane flores frescas en tonos pastel, lilas, rosados y amarillos, creando una composici\u00f3n alegre, tierna y profundamente emotiva.Cada flor representa gratitud, amor y cuidado infinito. Es un arreglo dise\u00f1ado para celebrar la dulzura, la fortaleza y el amor incondicional, acompa\u00f1ado de un detalle especial que convierte este regalo en un recuerdo inolvidable.","breadcrumb":{"@id":"https:\/\/tallerfloral.com.co\/?product=caja-floral-corazon-de-mama#breadcrumb"},"inLanguage":"es-CO","potentialAction":[{"@type":"ReadAction","target":["https:\/\/tallerfloral.com.co\/?product=caja-floral-corazon-de-mama"]}]},{"@type":"ImageObject","inLanguage":"es-CO","@id":"https:\/\/tallerfloral.com.co\/?product=caja-floral-corazon-de-mama#primaryimage","url":"https:\/\/tallerfloral.com.co\/wp-content\/uploads\/2026\/02\/WhatsApp-Image-2025-10-13-at-10.10.09-AM.jpeg","contentUrl":"https:\/\/tallerfloral.com.co\/wp-content\/uploads\/2026\/02\/WhatsApp-Image-2025-10-13-at-10.10.09-AM.jpeg","width":736,"height":874},{"@type":"BreadcrumbList","@id":"https:\/\/tallerfloral.com.co\/?product=caja-floral-corazon-de-mama#breadcrumb","itemListElement":[{"@type":"ListItem","position":1,"name":"Inicio","item":"https:\/\/tallerfloral.com.co\/"},{"@type":"ListItem","position":2,"name":"Shop","item":"https:\/\/tallerfloral.com.co\/?page_id=59"},{"@type":"ListItem","position":3,"name":"Caja Floral \u201cCoraz\u00f3n de Mam\u00e1\u201d"}]},{"@type":"WebSite","@id":"https:\/\/tallerfloral.com.co\/#website","url":"https:\/\/tallerfloral.com.co\/","name":"Taller floral","description":"","publisher":{"@id":"https:\/\/tallerfloral.com.co\/#organization"},"potentialAction":[{"@type":"SearchAction","target":{"@type":"EntryPoint","urlTemplate":"https:\/\/tallerfloral.com.co\/?s={search_term_string}"},"query-input":{"@type":"PropertyValueSpecification","valueRequired":true,"valueName":"search_term_string"}}],"inLanguage":"es-CO"},{"@type":"Organization","@id":"https:\/\/tallerfloral.com.co\/#organization","name":"Taller floral","url":"https:\/\/tallerfloral.com.co\/","logo":{"@type":"ImageObject","inLanguage":"es-CO","@id":"https:\/\/tallerfloral.com.co\/#\/schema\/logo\/image\/","url":"https:\/\/tallerfloral.com.co\/wp-content\/uploads\/2024\/01\/logo-taller-floral.jpeg","contentUrl":"https:\/\/tallerfloral.com.co\/wp-content\/uploads\/2024\/01\/logo-taller-floral.jpeg","width":502,"height":550,"caption":"Taller floral"},"image":{"@id":"https:\/\/tallerfloral.com.co\/#\/schema\/logo\/image\/"}}]}},"jetpack_sharing_enabled":true,"_links":{"self":[{"href":"https:\/\/tallerfloral.com.co\/index.php?rest_route=\/wp\/v2\/product\/1564","targetHints":{"allow":["GET"]}}],"collection":[{"href":"https:\/\/tallerfloral.com.co\/index.php?rest_route=\/wp\/v2\/product"}],"about":[{"href":"https:\/\/tallerfloral.com.co\/index.php?rest_route=\/wp\/v2\/types\/product"}],"replies":[{"embeddable":true,"href":"https:\/\/tallerfloral.com.co\/index.php?rest_route=%2Fwp%2Fv2%2Fcomments&post=1564"}],"wp:featuredmedia":[{"embeddable":true,"href":"https:\/\/tallerfloral.com.co\/index.php?rest_route=\/wp\/v2\/media\/1565"}],"wp:attachment":[{"href":"https:\/\/tallerfloral.com.co\/index.php?rest_route=%2Fwp%2Fv2%2Fmedia&parent=1564"}],"wp:term":[{"taxonomy":"product_brand","embeddable":true,"href":"https:\/\/tallerfloral.com.co\/index.php?rest_route=%2Fwp%2Fv2%2Fproduct_brand&post=1564"},{"taxonomy":"product_cat","embeddable":true,"href":"https:\/\/tallerfloral.com.co\/index.php?rest_route=%2Fwp%2Fv2%2Fproduct_cat&post=1564"},{"taxonomy":"product_tag","embeddable":true,"href":"https:\/\/tallerfloral.com.co\/index.php?rest_route=%2Fwp%2Fv2%2Fproduct_tag&post=1564"}],"curies":[{"name":"wp","href":"https:\/\/api.w.org\/{rel}","templated":true}]}}