{"id":1550,"date":"2026-01-26T19:35:14","date_gmt":"2026-01-26T19:35:14","guid":{"rendered":"https:\/\/tallerfloral.com.co\/?post_type=product&#038;p=1550"},"modified":"2026-01-26T19:35:14","modified_gmt":"2026-01-26T19:35:14","slug":"caja-floral-rosada-dulce-encanto","status":"publish","type":"product","link":"https:\/\/tallerfloral.com.co\/?product=caja-floral-rosada-dulce-encanto","title":{"rendered":"Caja Floral Rosada \u201cDulce Encanto\u201d"},"content":{"rendered":"<p data-start=\"283\" data-end=\"610\">Un regalo que florece desde el coraz\u00f3n.<br data-start=\"322\" data-end=\"325\" \/>Esta caja floral rosada re\u00fane flores frescas en tonos suaves y luminosos, cuidadosamente acomodadas para crear una composici\u00f3n armoniosa y delicada. Rosas, gerberas y flores de temporada se entrelazan como un gesto de ternura, acompa\u00f1adas de un lazo que sella el detalle con elegancia.<\/p>\n<p data-start=\"612\" data-end=\"850\">Cada flor transmite cari\u00f1o, alegr\u00eda y gratitud, convirtiendo esta caja floral en el detalle perfecto para sorprender, celebrar y emocionar. Ideal para cumplea\u00f1os, aniversarios o para decir <em data-start=\"801\" data-end=\"823\">estoy pensando en ti<\/em> sin necesidad de palabras.<\/p>\n","protected":false},"excerpt":{"rendered":"<p data-start=\"283\" data-end=\"610\">Un regalo que florece desde el coraz\u00f3n.<br data-start=\"322\" data-end=\"325\" \/>Esta caja floral rosada re\u00fane flores frescas en tonos suaves y luminosos, cuidadosamente acomodadas para crear una composici\u00f3n armoniosa y delicada. Rosas, gerberas y flores de temporada se entrelazan como un gesto de ternura, acompa\u00f1adas de un lazo que sella el detalle con elegancia.<\/p>\n<p data-start=\"612\" data-end=\"850\">Cada flor transmite cari\u00f1o, alegr\u00eda y gratitud, convirtiendo esta caja floral en el detalle perfecto para sorprender, celebrar y emocionar. Ideal para cumplea\u00f1os, aniversarios o para decir <em data-start=\"801\" data-end=\"823\">estoy pensando en ti<\/em> sin necesidad de palabras.<\/p>\n","protected":false},"featured_media":1551,"comment_status":"open","ping_status":"closed","template":"","meta":[],"product_brand":[],"product_cat":[28],"product_tag":[],"class_list":{"0":"post-1550","1":"product","2":"type-product","3":"status-publish","4":"has-post-thumbnail","6":"product_cat-cajasflores","8":"first","9":"instock","10":"sale","11":"taxable","12":"shipping-taxable","13":"purchasable","14":"product-type-simple"},"yoast_head":"<!-- This site is optimized with the Yoast SEO plugin v27.3 - https:\/\/yoast.com\/product\/yoast-seo-wordpress\/ -->\n<title>Caja Floral Rosada \u201cDulce Encanto\u201d - Taller floral<\/title>\n<meta name=\"description\" content=\"Un regalo que florece desde el coraz\u00f3n.Esta caja floral rosada re\u00fane flores frescas en tonos suaves y luminosos, cuidadosamente acomodadas para crear una composici\u00f3n armoniosa y delicada. Rosas, gerberas y flores de temporada se entrelazan como un gesto de ternura, acompa\u00f1adas de un lazo que sella el detalle con elegancia.Cada flor transmite cari\u00f1o, alegr\u00eda y gratitud, convirtiendo esta caja floral en el detalle perfecto para sorprender, celebrar y emocionar. Ideal para cumplea\u00f1os, aniversarios o para decir estoy pensando en ti sin necesidad de palabras.\" \/>\n<meta name=\"robots\" content=\"index, follow, max-snippet:-1, max-image-preview:large, max-video-preview:-1\" \/>\n<link rel=\"canonical\" href=\"https:\/\/tallerfloral.com.co\/?product=caja-floral-rosada-dulce-encanto\" \/>\n<meta property=\"og:locale\" content=\"es_ES\" \/>\n<meta property=\"og:type\" content=\"article\" \/>\n<meta property=\"og:title\" content=\"Caja Floral Rosada \u201cDulce Encanto\u201d - Taller floral\" \/>\n<meta property=\"og:description\" content=\"Un regalo que florece desde el coraz\u00f3n.Esta caja floral rosada re\u00fane flores frescas en tonos suaves y luminosos, cuidadosamente acomodadas para crear una composici\u00f3n armoniosa y delicada. Rosas, gerberas y flores de temporada se entrelazan como un gesto de ternura, acompa\u00f1adas de un lazo que sella el detalle con elegancia.Cada flor transmite cari\u00f1o, alegr\u00eda y gratitud, convirtiendo esta caja floral en el detalle perfecto para sorprender, celebrar y emocionar. Ideal para cumplea\u00f1os, aniversarios o para decir estoy pensando en ti sin necesidad de palabras.\" \/>\n<meta property=\"og:url\" content=\"https:\/\/tallerfloral.com.co\/?product=caja-floral-rosada-dulce-encanto\" \/>\n<meta property=\"og:site_name\" content=\"Taller floral\" \/>\n<meta property=\"og:image\" content=\"https:\/\/tallerfloral.com.co\/wp-content\/uploads\/2026\/01\/WhatsApp-Image-2025-10-13-at-10.10.04-AM-1.jpeg\" \/>\n\t<meta property=\"og:image:width\" content=\"736\" \/>\n\t<meta property=\"og:image:height\" content=\"736\" \/>\n\t<meta property=\"og:image:type\" content=\"image\/jpeg\" \/>\n<meta name=\"twitter:card\" content=\"summary_large_image\" \/>\n<meta name=\"twitter:label1\" content=\"Tiempo de lectura\" \/>\n\t<meta name=\"twitter:data1\" content=\"1 minuto\" \/>\n<script type=\"application\/ld+json\" class=\"yoast-schema-graph\">{\"@context\":\"https:\\\/\\\/schema.org\",\"@graph\":[{\"@type\":\"WebPage\",\"@id\":\"https:\\\/\\\/tallerfloral.com.co\\\/?product=caja-floral-rosada-dulce-encanto\",\"url\":\"https:\\\/\\\/tallerfloral.com.co\\\/?product=caja-floral-rosada-dulce-encanto\",\"name\":\"Caja Floral Rosada \u201cDulce Encanto\u201d - Taller floral\",\"isPartOf\":{\"@id\":\"https:\\\/\\\/tallerfloral.com.co\\\/#website\"},\"primaryImageOfPage\":{\"@id\":\"https:\\\/\\\/tallerfloral.com.co\\\/?product=caja-floral-rosada-dulce-encanto#primaryimage\"},\"image\":{\"@id\":\"https:\\\/\\\/tallerfloral.com.co\\\/?product=caja-floral-rosada-dulce-encanto#primaryimage\"},\"thumbnailUrl\":\"https:\\\/\\\/tallerfloral.com.co\\\/wp-content\\\/uploads\\\/2026\\\/01\\\/WhatsApp-Image-2025-10-13-at-10.10.04-AM-1.jpeg\",\"datePublished\":\"2026-01-26T19:35:14+00:00\",\"description\":\"Un regalo que florece desde el coraz\u00f3n.Esta caja floral rosada re\u00fane flores frescas en tonos suaves y luminosos, cuidadosamente acomodadas para crear una composici\u00f3n armoniosa y delicada. Rosas, gerberas y flores de temporada se entrelazan como un gesto de ternura, acompa\u00f1adas de un lazo que sella el detalle con elegancia.Cada flor transmite cari\u00f1o, alegr\u00eda y gratitud, convirtiendo esta caja floral en el detalle perfecto para sorprender, celebrar y emocionar. Ideal para cumplea\u00f1os, aniversarios o para decir estoy pensando en ti sin necesidad de palabras.\",\"breadcrumb\":{\"@id\":\"https:\\\/\\\/tallerfloral.com.co\\\/?product=caja-floral-rosada-dulce-encanto#breadcrumb\"},\"inLanguage\":\"es-CO\",\"potentialAction\":[{\"@type\":\"ReadAction\",\"target\":[\"https:\\\/\\\/tallerfloral.com.co\\\/?product=caja-floral-rosada-dulce-encanto\"]}]},{\"@type\":\"ImageObject\",\"inLanguage\":\"es-CO\",\"@id\":\"https:\\\/\\\/tallerfloral.com.co\\\/?product=caja-floral-rosada-dulce-encanto#primaryimage\",\"url\":\"https:\\\/\\\/tallerfloral.com.co\\\/wp-content\\\/uploads\\\/2026\\\/01\\\/WhatsApp-Image-2025-10-13-at-10.10.04-AM-1.jpeg\",\"contentUrl\":\"https:\\\/\\\/tallerfloral.com.co\\\/wp-content\\\/uploads\\\/2026\\\/01\\\/WhatsApp-Image-2025-10-13-at-10.10.04-AM-1.jpeg\",\"width\":736,\"height\":736},{\"@type\":\"BreadcrumbList\",\"@id\":\"https:\\\/\\\/tallerfloral.com.co\\\/?product=caja-floral-rosada-dulce-encanto#breadcrumb\",\"itemListElement\":[{\"@type\":\"ListItem\",\"position\":1,\"name\":\"Inicio\",\"item\":\"https:\\\/\\\/tallerfloral.com.co\\\/\"},{\"@type\":\"ListItem\",\"position\":2,\"name\":\"Shop\",\"item\":\"https:\\\/\\\/tallerfloral.com.co\\\/?page_id=59\"},{\"@type\":\"ListItem\",\"position\":3,\"name\":\"Caja Floral Rosada \u201cDulce Encanto\u201d\"}]},{\"@type\":\"WebSite\",\"@id\":\"https:\\\/\\\/tallerfloral.com.co\\\/#website\",\"url\":\"https:\\\/\\\/tallerfloral.com.co\\\/\",\"name\":\"Taller floral\",\"description\":\"\",\"publisher\":{\"@id\":\"https:\\\/\\\/tallerfloral.com.co\\\/#organization\"},\"potentialAction\":[{\"@type\":\"SearchAction\",\"target\":{\"@type\":\"EntryPoint\",\"urlTemplate\":\"https:\\\/\\\/tallerfloral.com.co\\\/?s={search_term_string}\"},\"query-input\":{\"@type\":\"PropertyValueSpecification\",\"valueRequired\":true,\"valueName\":\"search_term_string\"}}],\"inLanguage\":\"es-CO\"},{\"@type\":\"Organization\",\"@id\":\"https:\\\/\\\/tallerfloral.com.co\\\/#organization\",\"name\":\"Taller floral\",\"url\":\"https:\\\/\\\/tallerfloral.com.co\\\/\",\"logo\":{\"@type\":\"ImageObject\",\"inLanguage\":\"es-CO\",\"@id\":\"https:\\\/\\\/tallerfloral.com.co\\\/#\\\/schema\\\/logo\\\/image\\\/\",\"url\":\"https:\\\/\\\/tallerfloral.com.co\\\/wp-content\\\/uploads\\\/2024\\\/01\\\/logo-taller-floral.jpeg\",\"contentUrl\":\"https:\\\/\\\/tallerfloral.com.co\\\/wp-content\\\/uploads\\\/2024\\\/01\\\/logo-taller-floral.jpeg\",\"width\":502,\"height\":550,\"caption\":\"Taller floral\"},\"image\":{\"@id\":\"https:\\\/\\\/tallerfloral.com.co\\\/#\\\/schema\\\/logo\\\/image\\\/\"}}]}<\/script>\n<!-- \/ Yoast SEO plugin. -->","yoast_head_json":{"title":"Caja Floral Rosada \u201cDulce Encanto\u201d - Taller floral","description":"Un regalo que florece desde el coraz\u00f3n.Esta caja floral rosada re\u00fane flores frescas en tonos suaves y luminosos, cuidadosamente acomodadas para crear una composici\u00f3n armoniosa y delicada. Rosas, gerberas y flores de temporada se entrelazan como un gesto de ternura, acompa\u00f1adas de un lazo que sella el detalle con elegancia.Cada flor transmite cari\u00f1o, alegr\u00eda y gratitud, convirtiendo esta caja floral en el detalle perfecto para sorprender, celebrar y emocionar. Ideal para cumplea\u00f1os, aniversarios o para decir estoy pensando en ti sin necesidad de palabras.","robots":{"index":"index","follow":"follow","max-snippet":"max-snippet:-1","max-image-preview":"max-image-preview:large","max-video-preview":"max-video-preview:-1"},"canonical":"https:\/\/tallerfloral.com.co\/?product=caja-floral-rosada-dulce-encanto","og_locale":"es_ES","og_type":"article","og_title":"Caja Floral Rosada \u201cDulce Encanto\u201d - Taller floral","og_description":"Un regalo que florece desde el coraz\u00f3n.Esta caja floral rosada re\u00fane flores frescas en tonos suaves y luminosos, cuidadosamente acomodadas para crear una composici\u00f3n armoniosa y delicada. Rosas, gerberas y flores de temporada se entrelazan como un gesto de ternura, acompa\u00f1adas de un lazo que sella el detalle con elegancia.Cada flor transmite cari\u00f1o, alegr\u00eda y gratitud, convirtiendo esta caja floral en el detalle perfecto para sorprender, celebrar y emocionar. Ideal para cumplea\u00f1os, aniversarios o para decir estoy pensando en ti sin necesidad de palabras.","og_url":"https:\/\/tallerfloral.com.co\/?product=caja-floral-rosada-dulce-encanto","og_site_name":"Taller floral","og_image":[{"width":736,"height":736,"url":"https:\/\/tallerfloral.com.co\/wp-content\/uploads\/2026\/01\/WhatsApp-Image-2025-10-13-at-10.10.04-AM-1.jpeg","type":"image\/jpeg"}],"twitter_card":"summary_large_image","twitter_misc":{"Tiempo de lectura":"1 minuto"},"schema":{"@context":"https:\/\/schema.org","@graph":[{"@type":"WebPage","@id":"https:\/\/tallerfloral.com.co\/?product=caja-floral-rosada-dulce-encanto","url":"https:\/\/tallerfloral.com.co\/?product=caja-floral-rosada-dulce-encanto","name":"Caja Floral Rosada \u201cDulce Encanto\u201d - Taller floral","isPartOf":{"@id":"https:\/\/tallerfloral.com.co\/#website"},"primaryImageOfPage":{"@id":"https:\/\/tallerfloral.com.co\/?product=caja-floral-rosada-dulce-encanto#primaryimage"},"image":{"@id":"https:\/\/tallerfloral.com.co\/?product=caja-floral-rosada-dulce-encanto#primaryimage"},"thumbnailUrl":"https:\/\/tallerfloral.com.co\/wp-content\/uploads\/2026\/01\/WhatsApp-Image-2025-10-13-at-10.10.04-AM-1.jpeg","datePublished":"2026-01-26T19:35:14+00:00","description":"Un regalo que florece desde el coraz\u00f3n.Esta caja floral rosada re\u00fane flores frescas en tonos suaves y luminosos, cuidadosamente acomodadas para crear una composici\u00f3n armoniosa y delicada. Rosas, gerberas y flores de temporada se entrelazan como un gesto de ternura, acompa\u00f1adas de un lazo que sella el detalle con elegancia.Cada flor transmite cari\u00f1o, alegr\u00eda y gratitud, convirtiendo esta caja floral en el detalle perfecto para sorprender, celebrar y emocionar. Ideal para cumplea\u00f1os, aniversarios o para decir estoy pensando en ti sin necesidad de palabras.","breadcrumb":{"@id":"https:\/\/tallerfloral.com.co\/?product=caja-floral-rosada-dulce-encanto#breadcrumb"},"inLanguage":"es-CO","potentialAction":[{"@type":"ReadAction","target":["https:\/\/tallerfloral.com.co\/?product=caja-floral-rosada-dulce-encanto"]}]},{"@type":"ImageObject","inLanguage":"es-CO","@id":"https:\/\/tallerfloral.com.co\/?product=caja-floral-rosada-dulce-encanto#primaryimage","url":"https:\/\/tallerfloral.com.co\/wp-content\/uploads\/2026\/01\/WhatsApp-Image-2025-10-13-at-10.10.04-AM-1.jpeg","contentUrl":"https:\/\/tallerfloral.com.co\/wp-content\/uploads\/2026\/01\/WhatsApp-Image-2025-10-13-at-10.10.04-AM-1.jpeg","width":736,"height":736},{"@type":"BreadcrumbList","@id":"https:\/\/tallerfloral.com.co\/?product=caja-floral-rosada-dulce-encanto#breadcrumb","itemListElement":[{"@type":"ListItem","position":1,"name":"Inicio","item":"https:\/\/tallerfloral.com.co\/"},{"@type":"ListItem","position":2,"name":"Shop","item":"https:\/\/tallerfloral.com.co\/?page_id=59"},{"@type":"ListItem","position":3,"name":"Caja Floral Rosada \u201cDulce Encanto\u201d"}]},{"@type":"WebSite","@id":"https:\/\/tallerfloral.com.co\/#website","url":"https:\/\/tallerfloral.com.co\/","name":"Taller floral","description":"","publisher":{"@id":"https:\/\/tallerfloral.com.co\/#organization"},"potentialAction":[{"@type":"SearchAction","target":{"@type":"EntryPoint","urlTemplate":"https:\/\/tallerfloral.com.co\/?s={search_term_string}"},"query-input":{"@type":"PropertyValueSpecification","valueRequired":true,"valueName":"search_term_string"}}],"inLanguage":"es-CO"},{"@type":"Organization","@id":"https:\/\/tallerfloral.com.co\/#organization","name":"Taller floral","url":"https:\/\/tallerfloral.com.co\/","logo":{"@type":"ImageObject","inLanguage":"es-CO","@id":"https:\/\/tallerfloral.com.co\/#\/schema\/logo\/image\/","url":"https:\/\/tallerfloral.com.co\/wp-content\/uploads\/2024\/01\/logo-taller-floral.jpeg","contentUrl":"https:\/\/tallerfloral.com.co\/wp-content\/uploads\/2024\/01\/logo-taller-floral.jpeg","width":502,"height":550,"caption":"Taller floral"},"image":{"@id":"https:\/\/tallerfloral.com.co\/#\/schema\/logo\/image\/"}}]}},"jetpack_sharing_enabled":true,"_links":{"self":[{"href":"https:\/\/tallerfloral.com.co\/index.php?rest_route=\/wp\/v2\/product\/1550","targetHints":{"allow":["GET"]}}],"collection":[{"href":"https:\/\/tallerfloral.com.co\/index.php?rest_route=\/wp\/v2\/product"}],"about":[{"href":"https:\/\/tallerfloral.com.co\/index.php?rest_route=\/wp\/v2\/types\/product"}],"replies":[{"embeddable":true,"href":"https:\/\/tallerfloral.com.co\/index.php?rest_route=%2Fwp%2Fv2%2Fcomments&post=1550"}],"wp:featuredmedia":[{"embeddable":true,"href":"https:\/\/tallerfloral.com.co\/index.php?rest_route=\/wp\/v2\/media\/1551"}],"wp:attachment":[{"href":"https:\/\/tallerfloral.com.co\/index.php?rest_route=%2Fwp%2Fv2%2Fmedia&parent=1550"}],"wp:term":[{"taxonomy":"product_brand","embeddable":true,"href":"https:\/\/tallerfloral.com.co\/index.php?rest_route=%2Fwp%2Fv2%2Fproduct_brand&post=1550"},{"taxonomy":"product_cat","embeddable":true,"href":"https:\/\/tallerfloral.com.co\/index.php?rest_route=%2Fwp%2Fv2%2Fproduct_cat&post=1550"},{"taxonomy":"product_tag","embeddable":true,"href":"https:\/\/tallerfloral.com.co\/index.php?rest_route=%2Fwp%2Fv2%2Fproduct_tag&post=1550"}],"curies":[{"name":"wp","href":"https:\/\/api.w.org\/{rel}","templated":true}]}}