{"id":1530,"date":"2025-10-13T22:53:39","date_gmt":"2025-10-13T22:53:39","guid":{"rendered":"https:\/\/tallerfloral.com.co\/?post_type=product&#038;p=1530"},"modified":"2025-10-13T22:53:39","modified_gmt":"2025-10-13T22:53:39","slug":"pasion-eterna-caja-de-rosas-rojas","status":"publish","type":"product","link":"https:\/\/tallerfloral.com.co\/?product=pasion-eterna-caja-de-rosas-rojas","title":{"rendered":"\u201cPasi\u00f3n Eterna \u2013 Caja de rosas rojas\u201d"},"content":{"rendered":"<p>El <strong data-start=\"1109\" data-end=\"1141\">arreglo floral Pasi\u00f3n Eterna<\/strong> de <strong data-start=\"1145\" data-end=\"1162\">Taller Floral<\/strong> presenta una <strong data-start=\"1176\" data-end=\"1217\">caja blanca con rosas rojas naturales<\/strong>, s\u00edmbolo de amor y romance eterno.<br data-start=\"1252\" data-end=\"1255\" \/>Ideal para <strong data-start=\"1266\" data-end=\"1318\">aniversarios, San Valent\u00edn o momentos rom\u00e1nticos<\/strong>, este detalle combina elegancia y emoci\u00f3n en cada p\u00e9talo.<br data-start=\"1376\" data-end=\"1379\" \/>Disponible con <strong data-start=\"1394\" data-end=\"1450\">env\u00edos de flores a domicilio en Bogot\u00e1 y alrededores<\/strong>.<\/p>\n","protected":false},"excerpt":{"rendered":"<p>El <strong data-start=\"1109\" data-end=\"1141\">arreglo floral Pasi\u00f3n Eterna<\/strong> de <strong data-start=\"1145\" data-end=\"1162\">Taller Floral<\/strong> presenta una <strong data-start=\"1176\" data-end=\"1217\">caja blanca con rosas rojas naturales<\/strong>, s\u00edmbolo de amor y romance eterno.<br data-start=\"1252\" data-end=\"1255\" \/>Ideal para <strong data-start=\"1266\" data-end=\"1318\">aniversarios, San Valent\u00edn o momentos rom\u00e1nticos<\/strong>, este detalle combina elegancia y emoci\u00f3n en cada p\u00e9talo.<br data-start=\"1376\" data-end=\"1379\" \/>Disponible con <strong data-start=\"1394\" data-end=\"1450\">env\u00edos de flores a domicilio en Bogot\u00e1 y alrededores<\/strong>.<\/p>\n","protected":false},"featured_media":1531,"comment_status":"open","ping_status":"closed","template":"","meta":[],"product_brand":[],"product_cat":[23,17],"product_tag":[],"class_list":{"0":"post-1530","1":"product","2":"type-product","3":"status-publish","4":"has-post-thumbnail","6":"product_cat-flores-premium","7":"product_cat-ramos-de-flores","9":"first","10":"instock","11":"sale","12":"taxable","13":"shipping-taxable","14":"purchasable","15":"product-type-simple"},"yoast_head":"<!-- This site is optimized with the Yoast SEO plugin v27.3 - https:\/\/yoast.com\/product\/yoast-seo-wordpress\/ -->\n<title>\u201cPasi\u00f3n Eterna \u2013 Caja de rosas rojas\u201d - Taller floral<\/title>\n<meta name=\"description\" content=\"El arreglo floral Pasi\u00f3n Eterna de Taller Floral presenta una caja blanca con rosas rojas naturales, s\u00edmbolo de amor y romance eterno.Ideal para aniversarios, San Valent\u00edn o momentos rom\u00e1nticos, este detalle combina elegancia y emoci\u00f3n en cada p\u00e9talo.Disponible con env\u00edos de flores a domicilio en Bogot\u00e1 y alrededores.\" \/>\n<meta name=\"robots\" content=\"index, follow, max-snippet:-1, max-image-preview:large, max-video-preview:-1\" \/>\n<link rel=\"canonical\" href=\"https:\/\/tallerfloral.com.co\/?product=pasion-eterna-caja-de-rosas-rojas\" \/>\n<meta property=\"og:locale\" content=\"es_ES\" \/>\n<meta property=\"og:type\" content=\"article\" \/>\n<meta property=\"og:title\" content=\"\u201cPasi\u00f3n Eterna \u2013 Caja de rosas rojas\u201d - Taller floral\" \/>\n<meta property=\"og:description\" content=\"El arreglo floral Pasi\u00f3n Eterna de Taller Floral presenta una caja blanca con rosas rojas naturales, s\u00edmbolo de amor y romance eterno.Ideal para aniversarios, San Valent\u00edn o momentos rom\u00e1nticos, este detalle combina elegancia y emoci\u00f3n en cada p\u00e9talo.Disponible con env\u00edos de flores a domicilio en Bogot\u00e1 y alrededores.\" \/>\n<meta property=\"og:url\" content=\"https:\/\/tallerfloral.com.co\/?product=pasion-eterna-caja-de-rosas-rojas\" \/>\n<meta property=\"og:site_name\" content=\"Taller floral\" \/>\n<meta property=\"og:image\" content=\"https:\/\/tallerfloral.com.co\/wp-content\/uploads\/2025\/10\/WhatsApp-Image-2025-10-13-at-10.10.00-AM.jpeg\" \/>\n\t<meta property=\"og:image:width\" content=\"736\" \/>\n\t<meta property=\"og:image:height\" content=\"980\" \/>\n\t<meta property=\"og:image:type\" content=\"image\/jpeg\" \/>\n<meta name=\"twitter:card\" content=\"summary_large_image\" \/>\n<meta name=\"twitter:label1\" content=\"Tiempo de lectura\" \/>\n\t<meta name=\"twitter:data1\" content=\"1 minuto\" \/>\n<script type=\"application\/ld+json\" class=\"yoast-schema-graph\">{\"@context\":\"https:\\\/\\\/schema.org\",\"@graph\":[{\"@type\":\"WebPage\",\"@id\":\"https:\\\/\\\/tallerfloral.com.co\\\/?product=pasion-eterna-caja-de-rosas-rojas\",\"url\":\"https:\\\/\\\/tallerfloral.com.co\\\/?product=pasion-eterna-caja-de-rosas-rojas\",\"name\":\"\u201cPasi\u00f3n Eterna \u2013 Caja de rosas rojas\u201d - Taller floral\",\"isPartOf\":{\"@id\":\"https:\\\/\\\/tallerfloral.com.co\\\/#website\"},\"primaryImageOfPage\":{\"@id\":\"https:\\\/\\\/tallerfloral.com.co\\\/?product=pasion-eterna-caja-de-rosas-rojas#primaryimage\"},\"image\":{\"@id\":\"https:\\\/\\\/tallerfloral.com.co\\\/?product=pasion-eterna-caja-de-rosas-rojas#primaryimage\"},\"thumbnailUrl\":\"https:\\\/\\\/tallerfloral.com.co\\\/wp-content\\\/uploads\\\/2025\\\/10\\\/WhatsApp-Image-2025-10-13-at-10.10.00-AM.jpeg\",\"datePublished\":\"2025-10-13T22:53:39+00:00\",\"description\":\"El arreglo floral Pasi\u00f3n Eterna de Taller Floral presenta una caja blanca con rosas rojas naturales, s\u00edmbolo de amor y romance eterno.Ideal para aniversarios, San Valent\u00edn o momentos rom\u00e1nticos, este detalle combina elegancia y emoci\u00f3n en cada p\u00e9talo.Disponible con env\u00edos de flores a domicilio en Bogot\u00e1 y alrededores.\",\"breadcrumb\":{\"@id\":\"https:\\\/\\\/tallerfloral.com.co\\\/?product=pasion-eterna-caja-de-rosas-rojas#breadcrumb\"},\"inLanguage\":\"es-CO\",\"potentialAction\":[{\"@type\":\"ReadAction\",\"target\":[\"https:\\\/\\\/tallerfloral.com.co\\\/?product=pasion-eterna-caja-de-rosas-rojas\"]}]},{\"@type\":\"ImageObject\",\"inLanguage\":\"es-CO\",\"@id\":\"https:\\\/\\\/tallerfloral.com.co\\\/?product=pasion-eterna-caja-de-rosas-rojas#primaryimage\",\"url\":\"https:\\\/\\\/tallerfloral.com.co\\\/wp-content\\\/uploads\\\/2025\\\/10\\\/WhatsApp-Image-2025-10-13-at-10.10.00-AM.jpeg\",\"contentUrl\":\"https:\\\/\\\/tallerfloral.com.co\\\/wp-content\\\/uploads\\\/2025\\\/10\\\/WhatsApp-Image-2025-10-13-at-10.10.00-AM.jpeg\",\"width\":736,\"height\":980},{\"@type\":\"BreadcrumbList\",\"@id\":\"https:\\\/\\\/tallerfloral.com.co\\\/?product=pasion-eterna-caja-de-rosas-rojas#breadcrumb\",\"itemListElement\":[{\"@type\":\"ListItem\",\"position\":1,\"name\":\"Inicio\",\"item\":\"https:\\\/\\\/tallerfloral.com.co\\\/\"},{\"@type\":\"ListItem\",\"position\":2,\"name\":\"Shop\",\"item\":\"https:\\\/\\\/tallerfloral.com.co\\\/?page_id=59\"},{\"@type\":\"ListItem\",\"position\":3,\"name\":\"\u201cPasi\u00f3n Eterna \u2013 Caja de rosas rojas\u201d\"}]},{\"@type\":\"WebSite\",\"@id\":\"https:\\\/\\\/tallerfloral.com.co\\\/#website\",\"url\":\"https:\\\/\\\/tallerfloral.com.co\\\/\",\"name\":\"Taller floral\",\"description\":\"\",\"publisher\":{\"@id\":\"https:\\\/\\\/tallerfloral.com.co\\\/#organization\"},\"potentialAction\":[{\"@type\":\"SearchAction\",\"target\":{\"@type\":\"EntryPoint\",\"urlTemplate\":\"https:\\\/\\\/tallerfloral.com.co\\\/?s={search_term_string}\"},\"query-input\":{\"@type\":\"PropertyValueSpecification\",\"valueRequired\":true,\"valueName\":\"search_term_string\"}}],\"inLanguage\":\"es-CO\"},{\"@type\":\"Organization\",\"@id\":\"https:\\\/\\\/tallerfloral.com.co\\\/#organization\",\"name\":\"Taller floral\",\"url\":\"https:\\\/\\\/tallerfloral.com.co\\\/\",\"logo\":{\"@type\":\"ImageObject\",\"inLanguage\":\"es-CO\",\"@id\":\"https:\\\/\\\/tallerfloral.com.co\\\/#\\\/schema\\\/logo\\\/image\\\/\",\"url\":\"https:\\\/\\\/tallerfloral.com.co\\\/wp-content\\\/uploads\\\/2024\\\/01\\\/logo-taller-floral.jpeg\",\"contentUrl\":\"https:\\\/\\\/tallerfloral.com.co\\\/wp-content\\\/uploads\\\/2024\\\/01\\\/logo-taller-floral.jpeg\",\"width\":502,\"height\":550,\"caption\":\"Taller floral\"},\"image\":{\"@id\":\"https:\\\/\\\/tallerfloral.com.co\\\/#\\\/schema\\\/logo\\\/image\\\/\"}}]}<\/script>\n<!-- \/ Yoast SEO plugin. -->","yoast_head_json":{"title":"\u201cPasi\u00f3n Eterna \u2013 Caja de rosas rojas\u201d - Taller floral","description":"El arreglo floral Pasi\u00f3n Eterna de Taller Floral presenta una caja blanca con rosas rojas naturales, s\u00edmbolo de amor y romance eterno.Ideal para aniversarios, San Valent\u00edn o momentos rom\u00e1nticos, este detalle combina elegancia y emoci\u00f3n en cada p\u00e9talo.Disponible con env\u00edos de flores a domicilio en Bogot\u00e1 y alrededores.","robots":{"index":"index","follow":"follow","max-snippet":"max-snippet:-1","max-image-preview":"max-image-preview:large","max-video-preview":"max-video-preview:-1"},"canonical":"https:\/\/tallerfloral.com.co\/?product=pasion-eterna-caja-de-rosas-rojas","og_locale":"es_ES","og_type":"article","og_title":"\u201cPasi\u00f3n Eterna \u2013 Caja de rosas rojas\u201d - Taller floral","og_description":"El arreglo floral Pasi\u00f3n Eterna de Taller Floral presenta una caja blanca con rosas rojas naturales, s\u00edmbolo de amor y romance eterno.Ideal para aniversarios, San Valent\u00edn o momentos rom\u00e1nticos, este detalle combina elegancia y emoci\u00f3n en cada p\u00e9talo.Disponible con env\u00edos de flores a domicilio en Bogot\u00e1 y alrededores.","og_url":"https:\/\/tallerfloral.com.co\/?product=pasion-eterna-caja-de-rosas-rojas","og_site_name":"Taller floral","og_image":[{"width":736,"height":980,"url":"https:\/\/tallerfloral.com.co\/wp-content\/uploads\/2025\/10\/WhatsApp-Image-2025-10-13-at-10.10.00-AM.jpeg","type":"image\/jpeg"}],"twitter_card":"summary_large_image","twitter_misc":{"Tiempo de lectura":"1 minuto"},"schema":{"@context":"https:\/\/schema.org","@graph":[{"@type":"WebPage","@id":"https:\/\/tallerfloral.com.co\/?product=pasion-eterna-caja-de-rosas-rojas","url":"https:\/\/tallerfloral.com.co\/?product=pasion-eterna-caja-de-rosas-rojas","name":"\u201cPasi\u00f3n Eterna \u2013 Caja de rosas rojas\u201d - Taller floral","isPartOf":{"@id":"https:\/\/tallerfloral.com.co\/#website"},"primaryImageOfPage":{"@id":"https:\/\/tallerfloral.com.co\/?product=pasion-eterna-caja-de-rosas-rojas#primaryimage"},"image":{"@id":"https:\/\/tallerfloral.com.co\/?product=pasion-eterna-caja-de-rosas-rojas#primaryimage"},"thumbnailUrl":"https:\/\/tallerfloral.com.co\/wp-content\/uploads\/2025\/10\/WhatsApp-Image-2025-10-13-at-10.10.00-AM.jpeg","datePublished":"2025-10-13T22:53:39+00:00","description":"El arreglo floral Pasi\u00f3n Eterna de Taller Floral presenta una caja blanca con rosas rojas naturales, s\u00edmbolo de amor y romance eterno.Ideal para aniversarios, San Valent\u00edn o momentos rom\u00e1nticos, este detalle combina elegancia y emoci\u00f3n en cada p\u00e9talo.Disponible con env\u00edos de flores a domicilio en Bogot\u00e1 y alrededores.","breadcrumb":{"@id":"https:\/\/tallerfloral.com.co\/?product=pasion-eterna-caja-de-rosas-rojas#breadcrumb"},"inLanguage":"es-CO","potentialAction":[{"@type":"ReadAction","target":["https:\/\/tallerfloral.com.co\/?product=pasion-eterna-caja-de-rosas-rojas"]}]},{"@type":"ImageObject","inLanguage":"es-CO","@id":"https:\/\/tallerfloral.com.co\/?product=pasion-eterna-caja-de-rosas-rojas#primaryimage","url":"https:\/\/tallerfloral.com.co\/wp-content\/uploads\/2025\/10\/WhatsApp-Image-2025-10-13-at-10.10.00-AM.jpeg","contentUrl":"https:\/\/tallerfloral.com.co\/wp-content\/uploads\/2025\/10\/WhatsApp-Image-2025-10-13-at-10.10.00-AM.jpeg","width":736,"height":980},{"@type":"BreadcrumbList","@id":"https:\/\/tallerfloral.com.co\/?product=pasion-eterna-caja-de-rosas-rojas#breadcrumb","itemListElement":[{"@type":"ListItem","position":1,"name":"Inicio","item":"https:\/\/tallerfloral.com.co\/"},{"@type":"ListItem","position":2,"name":"Shop","item":"https:\/\/tallerfloral.com.co\/?page_id=59"},{"@type":"ListItem","position":3,"name":"\u201cPasi\u00f3n Eterna \u2013 Caja de rosas rojas\u201d"}]},{"@type":"WebSite","@id":"https:\/\/tallerfloral.com.co\/#website","url":"https:\/\/tallerfloral.com.co\/","name":"Taller floral","description":"","publisher":{"@id":"https:\/\/tallerfloral.com.co\/#organization"},"potentialAction":[{"@type":"SearchAction","target":{"@type":"EntryPoint","urlTemplate":"https:\/\/tallerfloral.com.co\/?s={search_term_string}"},"query-input":{"@type":"PropertyValueSpecification","valueRequired":true,"valueName":"search_term_string"}}],"inLanguage":"es-CO"},{"@type":"Organization","@id":"https:\/\/tallerfloral.com.co\/#organization","name":"Taller floral","url":"https:\/\/tallerfloral.com.co\/","logo":{"@type":"ImageObject","inLanguage":"es-CO","@id":"https:\/\/tallerfloral.com.co\/#\/schema\/logo\/image\/","url":"https:\/\/tallerfloral.com.co\/wp-content\/uploads\/2024\/01\/logo-taller-floral.jpeg","contentUrl":"https:\/\/tallerfloral.com.co\/wp-content\/uploads\/2024\/01\/logo-taller-floral.jpeg","width":502,"height":550,"caption":"Taller floral"},"image":{"@id":"https:\/\/tallerfloral.com.co\/#\/schema\/logo\/image\/"}}]}},"jetpack_sharing_enabled":true,"_links":{"self":[{"href":"https:\/\/tallerfloral.com.co\/index.php?rest_route=\/wp\/v2\/product\/1530","targetHints":{"allow":["GET"]}}],"collection":[{"href":"https:\/\/tallerfloral.com.co\/index.php?rest_route=\/wp\/v2\/product"}],"about":[{"href":"https:\/\/tallerfloral.com.co\/index.php?rest_route=\/wp\/v2\/types\/product"}],"replies":[{"embeddable":true,"href":"https:\/\/tallerfloral.com.co\/index.php?rest_route=%2Fwp%2Fv2%2Fcomments&post=1530"}],"wp:featuredmedia":[{"embeddable":true,"href":"https:\/\/tallerfloral.com.co\/index.php?rest_route=\/wp\/v2\/media\/1531"}],"wp:attachment":[{"href":"https:\/\/tallerfloral.com.co\/index.php?rest_route=%2Fwp%2Fv2%2Fmedia&parent=1530"}],"wp:term":[{"taxonomy":"product_brand","embeddable":true,"href":"https:\/\/tallerfloral.com.co\/index.php?rest_route=%2Fwp%2Fv2%2Fproduct_brand&post=1530"},{"taxonomy":"product_cat","embeddable":true,"href":"https:\/\/tallerfloral.com.co\/index.php?rest_route=%2Fwp%2Fv2%2Fproduct_cat&post=1530"},{"taxonomy":"product_tag","embeddable":true,"href":"https:\/\/tallerfloral.com.co\/index.php?rest_route=%2Fwp%2Fv2%2Fproduct_tag&post=1530"}],"curies":[{"name":"wp","href":"https:\/\/api.w.org\/{rel}","templated":true}]}}