{"id":1489,"date":"2025-10-13T18:51:10","date_gmt":"2025-10-13T18:51:10","guid":{"rendered":"https:\/\/tallerfloral.com.co\/?post_type=product&#038;p=1489"},"modified":"2025-10-13T18:51:10","modified_gmt":"2025-10-13T18:51:10","slug":"encanto-rosa-caja-floral-con-rosas-y-claveles","status":"publish","type":"product","link":"https:\/\/tallerfloral.com.co\/?product=encanto-rosa-caja-floral-con-rosas-y-claveles","title":{"rendered":"\u201cEncanto Rosa \u2013 Caja floral con rosas y claveles\u201d"},"content":{"rendered":"<p>El <strong data-start=\"1042\" data-end=\"1066\">arreglo Encanto Rosa<\/strong> de <strong data-start=\"1070\" data-end=\"1087\">Taller Floral<\/strong> combina <strong data-start=\"1096\" data-end=\"1140\">rosas y claveles rosados en caja redonda<\/strong> con lazo de cinta blanca.<br data-start=\"1166\" data-end=\"1169\" \/>Perfecto para <strong data-start=\"1183\" data-end=\"1219\">regalar amor, gratitud o amistad<\/strong>, elaborado con <strong data-start=\"1235\" data-end=\"1265\">flores frescas y duraderas<\/strong>.<br data-start=\"1266\" data-end=\"1269\" \/>Disponible con <strong data-start=\"1284\" data-end=\"1331\">entrega a domicilio en Bogot\u00e1 y alrededores<\/strong>, este dise\u00f1o floral es una opci\u00f3n elegante y femenina para cualquier ocasi\u00f3n especial.<\/p>\n","protected":false},"excerpt":{"rendered":"<p>El <strong data-start=\"1042\" data-end=\"1066\">arreglo Encanto Rosa<\/strong> de <strong data-start=\"1070\" data-end=\"1087\">Taller Floral<\/strong> combina <strong data-start=\"1096\" data-end=\"1140\">rosas y claveles rosados en caja redonda<\/strong> con lazo de cinta blanca.<br data-start=\"1166\" data-end=\"1169\" \/>Perfecto para <strong data-start=\"1183\" data-end=\"1219\">regalar amor, gratitud o amistad<\/strong>, elaborado con <strong data-start=\"1235\" data-end=\"1265\">flores frescas y duraderas<\/strong>.<br data-start=\"1266\" data-end=\"1269\" \/>Disponible con <strong data-start=\"1284\" data-end=\"1331\">entrega a domicilio en Bogot\u00e1 y alrededores<\/strong>, este dise\u00f1o floral es una opci\u00f3n elegante y femenina para cualquier ocasi\u00f3n especial.<\/p>\n","protected":false},"featured_media":1490,"comment_status":"open","ping_status":"closed","template":"","meta":[],"product_brand":[],"product_cat":[28],"product_tag":[],"class_list":{"0":"post-1489","1":"product","2":"type-product","3":"status-publish","4":"has-post-thumbnail","6":"product_cat-cajasflores","8":"first","9":"instock","10":"sale","11":"taxable","12":"shipping-taxable","13":"purchasable","14":"product-type-simple"},"yoast_head":"<!-- This site is optimized with the Yoast SEO plugin v27.4 - https:\/\/yoast.com\/product\/yoast-seo-wordpress\/ -->\n<title>\u201cEncanto Rosa \u2013 Caja floral con rosas y claveles\u201d - Taller floral<\/title>\n<meta name=\"description\" content=\"El arreglo Encanto Rosa de Taller Floral combina rosas y claveles rosados en caja redonda con lazo de cinta blanca.Perfecto para regalar amor, gratitud o amistad, elaborado con flores frescas y duraderas.Disponible con entrega a domicilio en Bogot\u00e1 y alrededores, este dise\u00f1o floral es una opci\u00f3n elegante y femenina para cualquier ocasi\u00f3n especial.\" \/>\n<meta name=\"robots\" content=\"index, follow, max-snippet:-1, max-image-preview:large, max-video-preview:-1\" \/>\n<link rel=\"canonical\" href=\"https:\/\/tallerfloral.com.co\/?product=encanto-rosa-caja-floral-con-rosas-y-claveles\" \/>\n<meta property=\"og:locale\" content=\"es_ES\" \/>\n<meta property=\"og:type\" content=\"article\" \/>\n<meta property=\"og:title\" content=\"\u201cEncanto Rosa \u2013 Caja floral con rosas y claveles\u201d - Taller floral\" \/>\n<meta property=\"og:description\" content=\"El arreglo Encanto Rosa de Taller Floral combina rosas y claveles rosados en caja redonda con lazo de cinta blanca.Perfecto para regalar amor, gratitud o amistad, elaborado con flores frescas y duraderas.Disponible con entrega a domicilio en Bogot\u00e1 y alrededores, este dise\u00f1o floral es una opci\u00f3n elegante y femenina para cualquier ocasi\u00f3n especial.\" \/>\n<meta property=\"og:url\" content=\"https:\/\/tallerfloral.com.co\/?product=encanto-rosa-caja-floral-con-rosas-y-claveles\" \/>\n<meta property=\"og:site_name\" content=\"Taller floral\" \/>\n<meta property=\"og:image\" content=\"https:\/\/tallerfloral.com.co\/wp-content\/uploads\/2025\/10\/WhatsApp-Image-2025-10-13-at-10.09.41-AM.jpeg\" \/>\n\t<meta property=\"og:image:width\" content=\"1600\" \/>\n\t<meta property=\"og:image:height\" content=\"1475\" \/>\n\t<meta property=\"og:image:type\" content=\"image\/jpeg\" \/>\n<meta name=\"twitter:card\" content=\"summary_large_image\" \/>\n<meta name=\"twitter:label1\" content=\"Tiempo de lectura\" \/>\n\t<meta name=\"twitter:data1\" content=\"1 minuto\" \/>\n<script type=\"application\/ld+json\" class=\"yoast-schema-graph\">{\"@context\":\"https:\\\/\\\/schema.org\",\"@graph\":[{\"@type\":\"WebPage\",\"@id\":\"https:\\\/\\\/tallerfloral.com.co\\\/?product=encanto-rosa-caja-floral-con-rosas-y-claveles\",\"url\":\"https:\\\/\\\/tallerfloral.com.co\\\/?product=encanto-rosa-caja-floral-con-rosas-y-claveles\",\"name\":\"\u201cEncanto Rosa \u2013 Caja floral con rosas y claveles\u201d - Taller floral\",\"isPartOf\":{\"@id\":\"https:\\\/\\\/tallerfloral.com.co\\\/#website\"},\"primaryImageOfPage\":{\"@id\":\"https:\\\/\\\/tallerfloral.com.co\\\/?product=encanto-rosa-caja-floral-con-rosas-y-claveles#primaryimage\"},\"image\":{\"@id\":\"https:\\\/\\\/tallerfloral.com.co\\\/?product=encanto-rosa-caja-floral-con-rosas-y-claveles#primaryimage\"},\"thumbnailUrl\":\"https:\\\/\\\/tallerfloral.com.co\\\/wp-content\\\/uploads\\\/2025\\\/10\\\/WhatsApp-Image-2025-10-13-at-10.09.41-AM.jpeg\",\"datePublished\":\"2025-10-13T18:51:10+00:00\",\"description\":\"El arreglo Encanto Rosa de Taller Floral combina rosas y claveles rosados en caja redonda con lazo de cinta blanca.Perfecto para regalar amor, gratitud o amistad, elaborado con flores frescas y duraderas.Disponible con entrega a domicilio en Bogot\u00e1 y alrededores, este dise\u00f1o floral es una opci\u00f3n elegante y femenina para cualquier ocasi\u00f3n especial.\",\"breadcrumb\":{\"@id\":\"https:\\\/\\\/tallerfloral.com.co\\\/?product=encanto-rosa-caja-floral-con-rosas-y-claveles#breadcrumb\"},\"inLanguage\":\"es-CO\",\"potentialAction\":[{\"@type\":\"ReadAction\",\"target\":[\"https:\\\/\\\/tallerfloral.com.co\\\/?product=encanto-rosa-caja-floral-con-rosas-y-claveles\"]}]},{\"@type\":\"ImageObject\",\"inLanguage\":\"es-CO\",\"@id\":\"https:\\\/\\\/tallerfloral.com.co\\\/?product=encanto-rosa-caja-floral-con-rosas-y-claveles#primaryimage\",\"url\":\"https:\\\/\\\/tallerfloral.com.co\\\/wp-content\\\/uploads\\\/2025\\\/10\\\/WhatsApp-Image-2025-10-13-at-10.09.41-AM.jpeg\",\"contentUrl\":\"https:\\\/\\\/tallerfloral.com.co\\\/wp-content\\\/uploads\\\/2025\\\/10\\\/WhatsApp-Image-2025-10-13-at-10.09.41-AM.jpeg\",\"width\":1600,\"height\":1475},{\"@type\":\"BreadcrumbList\",\"@id\":\"https:\\\/\\\/tallerfloral.com.co\\\/?product=encanto-rosa-caja-floral-con-rosas-y-claveles#breadcrumb\",\"itemListElement\":[{\"@type\":\"ListItem\",\"position\":1,\"name\":\"Inicio\",\"item\":\"https:\\\/\\\/tallerfloral.com.co\\\/\"},{\"@type\":\"ListItem\",\"position\":2,\"name\":\"Shop\",\"item\":\"https:\\\/\\\/tallerfloral.com.co\\\/?page_id=59\"},{\"@type\":\"ListItem\",\"position\":3,\"name\":\"\u201cEncanto Rosa \u2013 Caja floral con rosas y claveles\u201d\"}]},{\"@type\":\"WebSite\",\"@id\":\"https:\\\/\\\/tallerfloral.com.co\\\/#website\",\"url\":\"https:\\\/\\\/tallerfloral.com.co\\\/\",\"name\":\"Taller floral\",\"description\":\"\",\"publisher\":{\"@id\":\"https:\\\/\\\/tallerfloral.com.co\\\/#organization\"},\"potentialAction\":[{\"@type\":\"SearchAction\",\"target\":{\"@type\":\"EntryPoint\",\"urlTemplate\":\"https:\\\/\\\/tallerfloral.com.co\\\/?s={search_term_string}\"},\"query-input\":{\"@type\":\"PropertyValueSpecification\",\"valueRequired\":true,\"valueName\":\"search_term_string\"}}],\"inLanguage\":\"es-CO\"},{\"@type\":\"Organization\",\"@id\":\"https:\\\/\\\/tallerfloral.com.co\\\/#organization\",\"name\":\"Taller floral\",\"url\":\"https:\\\/\\\/tallerfloral.com.co\\\/\",\"logo\":{\"@type\":\"ImageObject\",\"inLanguage\":\"es-CO\",\"@id\":\"https:\\\/\\\/tallerfloral.com.co\\\/#\\\/schema\\\/logo\\\/image\\\/\",\"url\":\"https:\\\/\\\/tallerfloral.com.co\\\/wp-content\\\/uploads\\\/2024\\\/01\\\/logo-taller-floral.jpeg\",\"contentUrl\":\"https:\\\/\\\/tallerfloral.com.co\\\/wp-content\\\/uploads\\\/2024\\\/01\\\/logo-taller-floral.jpeg\",\"width\":502,\"height\":550,\"caption\":\"Taller floral\"},\"image\":{\"@id\":\"https:\\\/\\\/tallerfloral.com.co\\\/#\\\/schema\\\/logo\\\/image\\\/\"}}]}<\/script>\n<!-- \/ Yoast SEO plugin. -->","yoast_head_json":{"title":"\u201cEncanto Rosa \u2013 Caja floral con rosas y claveles\u201d - Taller floral","description":"El arreglo Encanto Rosa de Taller Floral combina rosas y claveles rosados en caja redonda con lazo de cinta blanca.Perfecto para regalar amor, gratitud o amistad, elaborado con flores frescas y duraderas.Disponible con entrega a domicilio en Bogot\u00e1 y alrededores, este dise\u00f1o floral es una opci\u00f3n elegante y femenina para cualquier ocasi\u00f3n especial.","robots":{"index":"index","follow":"follow","max-snippet":"max-snippet:-1","max-image-preview":"max-image-preview:large","max-video-preview":"max-video-preview:-1"},"canonical":"https:\/\/tallerfloral.com.co\/?product=encanto-rosa-caja-floral-con-rosas-y-claveles","og_locale":"es_ES","og_type":"article","og_title":"\u201cEncanto Rosa \u2013 Caja floral con rosas y claveles\u201d - Taller floral","og_description":"El arreglo Encanto Rosa de Taller Floral combina rosas y claveles rosados en caja redonda con lazo de cinta blanca.Perfecto para regalar amor, gratitud o amistad, elaborado con flores frescas y duraderas.Disponible con entrega a domicilio en Bogot\u00e1 y alrededores, este dise\u00f1o floral es una opci\u00f3n elegante y femenina para cualquier ocasi\u00f3n especial.","og_url":"https:\/\/tallerfloral.com.co\/?product=encanto-rosa-caja-floral-con-rosas-y-claveles","og_site_name":"Taller floral","og_image":[{"width":1600,"height":1475,"url":"https:\/\/tallerfloral.com.co\/wp-content\/uploads\/2025\/10\/WhatsApp-Image-2025-10-13-at-10.09.41-AM.jpeg","type":"image\/jpeg"}],"twitter_card":"summary_large_image","twitter_misc":{"Tiempo de lectura":"1 minuto"},"schema":{"@context":"https:\/\/schema.org","@graph":[{"@type":"WebPage","@id":"https:\/\/tallerfloral.com.co\/?product=encanto-rosa-caja-floral-con-rosas-y-claveles","url":"https:\/\/tallerfloral.com.co\/?product=encanto-rosa-caja-floral-con-rosas-y-claveles","name":"\u201cEncanto Rosa \u2013 Caja floral con rosas y claveles\u201d - Taller floral","isPartOf":{"@id":"https:\/\/tallerfloral.com.co\/#website"},"primaryImageOfPage":{"@id":"https:\/\/tallerfloral.com.co\/?product=encanto-rosa-caja-floral-con-rosas-y-claveles#primaryimage"},"image":{"@id":"https:\/\/tallerfloral.com.co\/?product=encanto-rosa-caja-floral-con-rosas-y-claveles#primaryimage"},"thumbnailUrl":"https:\/\/tallerfloral.com.co\/wp-content\/uploads\/2025\/10\/WhatsApp-Image-2025-10-13-at-10.09.41-AM.jpeg","datePublished":"2025-10-13T18:51:10+00:00","description":"El arreglo Encanto Rosa de Taller Floral combina rosas y claveles rosados en caja redonda con lazo de cinta blanca.Perfecto para regalar amor, gratitud o amistad, elaborado con flores frescas y duraderas.Disponible con entrega a domicilio en Bogot\u00e1 y alrededores, este dise\u00f1o floral es una opci\u00f3n elegante y femenina para cualquier ocasi\u00f3n especial.","breadcrumb":{"@id":"https:\/\/tallerfloral.com.co\/?product=encanto-rosa-caja-floral-con-rosas-y-claveles#breadcrumb"},"inLanguage":"es-CO","potentialAction":[{"@type":"ReadAction","target":["https:\/\/tallerfloral.com.co\/?product=encanto-rosa-caja-floral-con-rosas-y-claveles"]}]},{"@type":"ImageObject","inLanguage":"es-CO","@id":"https:\/\/tallerfloral.com.co\/?product=encanto-rosa-caja-floral-con-rosas-y-claveles#primaryimage","url":"https:\/\/tallerfloral.com.co\/wp-content\/uploads\/2025\/10\/WhatsApp-Image-2025-10-13-at-10.09.41-AM.jpeg","contentUrl":"https:\/\/tallerfloral.com.co\/wp-content\/uploads\/2025\/10\/WhatsApp-Image-2025-10-13-at-10.09.41-AM.jpeg","width":1600,"height":1475},{"@type":"BreadcrumbList","@id":"https:\/\/tallerfloral.com.co\/?product=encanto-rosa-caja-floral-con-rosas-y-claveles#breadcrumb","itemListElement":[{"@type":"ListItem","position":1,"name":"Inicio","item":"https:\/\/tallerfloral.com.co\/"},{"@type":"ListItem","position":2,"name":"Shop","item":"https:\/\/tallerfloral.com.co\/?page_id=59"},{"@type":"ListItem","position":3,"name":"\u201cEncanto Rosa \u2013 Caja floral con rosas y claveles\u201d"}]},{"@type":"WebSite","@id":"https:\/\/tallerfloral.com.co\/#website","url":"https:\/\/tallerfloral.com.co\/","name":"Taller floral","description":"","publisher":{"@id":"https:\/\/tallerfloral.com.co\/#organization"},"potentialAction":[{"@type":"SearchAction","target":{"@type":"EntryPoint","urlTemplate":"https:\/\/tallerfloral.com.co\/?s={search_term_string}"},"query-input":{"@type":"PropertyValueSpecification","valueRequired":true,"valueName":"search_term_string"}}],"inLanguage":"es-CO"},{"@type":"Organization","@id":"https:\/\/tallerfloral.com.co\/#organization","name":"Taller floral","url":"https:\/\/tallerfloral.com.co\/","logo":{"@type":"ImageObject","inLanguage":"es-CO","@id":"https:\/\/tallerfloral.com.co\/#\/schema\/logo\/image\/","url":"https:\/\/tallerfloral.com.co\/wp-content\/uploads\/2024\/01\/logo-taller-floral.jpeg","contentUrl":"https:\/\/tallerfloral.com.co\/wp-content\/uploads\/2024\/01\/logo-taller-floral.jpeg","width":502,"height":550,"caption":"Taller floral"},"image":{"@id":"https:\/\/tallerfloral.com.co\/#\/schema\/logo\/image\/"}}]}},"jetpack_sharing_enabled":true,"_links":{"self":[{"href":"https:\/\/tallerfloral.com.co\/index.php?rest_route=\/wp\/v2\/product\/1489","targetHints":{"allow":["GET"]}}],"collection":[{"href":"https:\/\/tallerfloral.com.co\/index.php?rest_route=\/wp\/v2\/product"}],"about":[{"href":"https:\/\/tallerfloral.com.co\/index.php?rest_route=\/wp\/v2\/types\/product"}],"replies":[{"embeddable":true,"href":"https:\/\/tallerfloral.com.co\/index.php?rest_route=%2Fwp%2Fv2%2Fcomments&post=1489"}],"wp:featuredmedia":[{"embeddable":true,"href":"https:\/\/tallerfloral.com.co\/index.php?rest_route=\/wp\/v2\/media\/1490"}],"wp:attachment":[{"href":"https:\/\/tallerfloral.com.co\/index.php?rest_route=%2Fwp%2Fv2%2Fmedia&parent=1489"}],"wp:term":[{"taxonomy":"product_brand","embeddable":true,"href":"https:\/\/tallerfloral.com.co\/index.php?rest_route=%2Fwp%2Fv2%2Fproduct_brand&post=1489"},{"taxonomy":"product_cat","embeddable":true,"href":"https:\/\/tallerfloral.com.co\/index.php?rest_route=%2Fwp%2Fv2%2Fproduct_cat&post=1489"},{"taxonomy":"product_tag","embeddable":true,"href":"https:\/\/tallerfloral.com.co\/index.php?rest_route=%2Fwp%2Fv2%2Fproduct_tag&post=1489"}],"curies":[{"name":"wp","href":"https:\/\/api.w.org\/{rel}","templated":true}]}}