{"id":1481,"date":"2025-10-13T18:36:06","date_gmt":"2025-10-13T18:36:06","guid":{"rendered":"https:\/\/tallerfloral.com.co\/?post_type=product&#038;p=1481"},"modified":"2025-10-13T18:36:06","modified_gmt":"2025-10-13T18:36:06","slug":"dulce-amanecer-ramo-de-girasoles-lirios-y-rosas-pastel","status":"publish","type":"product","link":"https:\/\/tallerfloral.com.co\/?product=dulce-amanecer-ramo-de-girasoles-lirios-y-rosas-pastel","title":{"rendered":"\u201cDulce Amanecer \u2013 Ramo de girasoles, lirios y rosas pastel\u201d"},"content":{"rendered":"<p>El <strong data-start=\"1125\" data-end=\"1148\">ramo Dulce Amanecer<\/strong> de <strong data-start=\"1152\" data-end=\"1169\">Taller Floral<\/strong> combina <strong data-start=\"1178\" data-end=\"1225\">girasoles, lirios rosados y rosas pastel<\/strong> en una composici\u00f3n equilibrada, elegante y colorida.<br data-start=\"1278\" data-end=\"1281\" \/>Perfecto para <strong data-start=\"1295\" data-end=\"1331\">regalar amor, amistad o gratitud<\/strong>, elaborado artesanalmente con <strong data-start=\"1362\" data-end=\"1392\">flores frescas y naturales<\/strong>.<br data-start=\"1393\" data-end=\"1396\" \/>Un dise\u00f1o c\u00e1lido y rom\u00e1ntico que aporta alegr\u00eda y sofisticaci\u00f3n, disponible con <strong data-start=\"1476\" data-end=\"1523\">entrega a domicilio en Bogot\u00e1 y alrededores<\/strong>.<\/p>\n","protected":false},"excerpt":{"rendered":"<p>El <strong data-start=\"1125\" data-end=\"1148\">ramo Dulce Amanecer<\/strong> de <strong data-start=\"1152\" data-end=\"1169\">Taller Floral<\/strong> combina <strong data-start=\"1178\" data-end=\"1225\">girasoles, lirios rosados y rosas pastel<\/strong> en una composici\u00f3n equilibrada, elegante y colorida.<br data-start=\"1278\" data-end=\"1281\" \/>Perfecto para <strong data-start=\"1295\" data-end=\"1331\">regalar amor, amistad o gratitud<\/strong>, elaborado artesanalmente con <strong data-start=\"1362\" data-end=\"1392\">flores frescas y naturales<\/strong>.<br data-start=\"1393\" data-end=\"1396\" \/>Un dise\u00f1o c\u00e1lido y rom\u00e1ntico que aporta alegr\u00eda y sofisticaci\u00f3n, disponible con <strong data-start=\"1476\" data-end=\"1523\">entrega a domicilio en Bogot\u00e1 y alrededores<\/strong>.<\/p>\n","protected":false},"featured_media":1482,"comment_status":"open","ping_status":"closed","template":"","meta":[],"product_brand":[],"product_cat":[17],"product_tag":[],"class_list":{"0":"post-1481","1":"product","2":"type-product","3":"status-publish","4":"has-post-thumbnail","6":"product_cat-ramos-de-flores","8":"first","9":"instock","10":"sale","11":"taxable","12":"shipping-taxable","13":"purchasable","14":"product-type-simple"},"yoast_head":"<!-- This site is optimized with the Yoast SEO plugin v27.3 - https:\/\/yoast.com\/product\/yoast-seo-wordpress\/ -->\n<title>\u201cDulce Amanecer \u2013 Ramo de girasoles, lirios y rosas pastel\u201d - Taller floral<\/title>\n<meta name=\"description\" content=\"El ramo Dulce Amanecer de Taller Floral combina girasoles, lirios rosados y rosas pastel en una composici\u00f3n equilibrada, elegante y colorida.Perfecto para regalar amor, amistad o gratitud, elaborado artesanalmente con flores frescas y naturales.Un dise\u00f1o c\u00e1lido y rom\u00e1ntico que aporta alegr\u00eda y sofisticaci\u00f3n, disponible con entrega a domicilio en Bogot\u00e1 y alrededores.\" \/>\n<meta name=\"robots\" content=\"index, follow, max-snippet:-1, max-image-preview:large, max-video-preview:-1\" \/>\n<link rel=\"canonical\" href=\"https:\/\/tallerfloral.com.co\/?product=dulce-amanecer-ramo-de-girasoles-lirios-y-rosas-pastel\" \/>\n<meta property=\"og:locale\" content=\"es_ES\" \/>\n<meta property=\"og:type\" content=\"article\" \/>\n<meta property=\"og:title\" content=\"\u201cDulce Amanecer \u2013 Ramo de girasoles, lirios y rosas pastel\u201d - Taller floral\" \/>\n<meta property=\"og:description\" content=\"El ramo Dulce Amanecer de Taller Floral combina girasoles, lirios rosados y rosas pastel en una composici\u00f3n equilibrada, elegante y colorida.Perfecto para regalar amor, amistad o gratitud, elaborado artesanalmente con flores frescas y naturales.Un dise\u00f1o c\u00e1lido y rom\u00e1ntico que aporta alegr\u00eda y sofisticaci\u00f3n, disponible con entrega a domicilio en Bogot\u00e1 y alrededores.\" \/>\n<meta property=\"og:url\" content=\"https:\/\/tallerfloral.com.co\/?product=dulce-amanecer-ramo-de-girasoles-lirios-y-rosas-pastel\" \/>\n<meta property=\"og:site_name\" content=\"Taller floral\" \/>\n<meta property=\"og:image\" content=\"https:\/\/tallerfloral.com.co\/wp-content\/uploads\/2025\/10\/WhatsApp-Image-2025-10-13-at-10.09.38-AM-1.jpeg\" \/>\n\t<meta property=\"og:image:width\" content=\"735\" \/>\n\t<meta property=\"og:image:height\" content=\"871\" \/>\n\t<meta property=\"og:image:type\" content=\"image\/jpeg\" \/>\n<meta name=\"twitter:card\" content=\"summary_large_image\" \/>\n<meta name=\"twitter:label1\" content=\"Tiempo de lectura\" \/>\n\t<meta name=\"twitter:data1\" content=\"1 minuto\" \/>\n<script type=\"application\/ld+json\" class=\"yoast-schema-graph\">{\"@context\":\"https:\\\/\\\/schema.org\",\"@graph\":[{\"@type\":\"WebPage\",\"@id\":\"https:\\\/\\\/tallerfloral.com.co\\\/?product=dulce-amanecer-ramo-de-girasoles-lirios-y-rosas-pastel\",\"url\":\"https:\\\/\\\/tallerfloral.com.co\\\/?product=dulce-amanecer-ramo-de-girasoles-lirios-y-rosas-pastel\",\"name\":\"\u201cDulce Amanecer \u2013 Ramo de girasoles, lirios y rosas pastel\u201d - Taller floral\",\"isPartOf\":{\"@id\":\"https:\\\/\\\/tallerfloral.com.co\\\/#website\"},\"primaryImageOfPage\":{\"@id\":\"https:\\\/\\\/tallerfloral.com.co\\\/?product=dulce-amanecer-ramo-de-girasoles-lirios-y-rosas-pastel#primaryimage\"},\"image\":{\"@id\":\"https:\\\/\\\/tallerfloral.com.co\\\/?product=dulce-amanecer-ramo-de-girasoles-lirios-y-rosas-pastel#primaryimage\"},\"thumbnailUrl\":\"https:\\\/\\\/tallerfloral.com.co\\\/wp-content\\\/uploads\\\/2025\\\/10\\\/WhatsApp-Image-2025-10-13-at-10.09.38-AM-1.jpeg\",\"datePublished\":\"2025-10-13T18:36:06+00:00\",\"description\":\"El ramo Dulce Amanecer de Taller Floral combina girasoles, lirios rosados y rosas pastel en una composici\u00f3n equilibrada, elegante y colorida.Perfecto para regalar amor, amistad o gratitud, elaborado artesanalmente con flores frescas y naturales.Un dise\u00f1o c\u00e1lido y rom\u00e1ntico que aporta alegr\u00eda y sofisticaci\u00f3n, disponible con entrega a domicilio en Bogot\u00e1 y alrededores.\",\"breadcrumb\":{\"@id\":\"https:\\\/\\\/tallerfloral.com.co\\\/?product=dulce-amanecer-ramo-de-girasoles-lirios-y-rosas-pastel#breadcrumb\"},\"inLanguage\":\"es-CO\",\"potentialAction\":[{\"@type\":\"ReadAction\",\"target\":[\"https:\\\/\\\/tallerfloral.com.co\\\/?product=dulce-amanecer-ramo-de-girasoles-lirios-y-rosas-pastel\"]}]},{\"@type\":\"ImageObject\",\"inLanguage\":\"es-CO\",\"@id\":\"https:\\\/\\\/tallerfloral.com.co\\\/?product=dulce-amanecer-ramo-de-girasoles-lirios-y-rosas-pastel#primaryimage\",\"url\":\"https:\\\/\\\/tallerfloral.com.co\\\/wp-content\\\/uploads\\\/2025\\\/10\\\/WhatsApp-Image-2025-10-13-at-10.09.38-AM-1.jpeg\",\"contentUrl\":\"https:\\\/\\\/tallerfloral.com.co\\\/wp-content\\\/uploads\\\/2025\\\/10\\\/WhatsApp-Image-2025-10-13-at-10.09.38-AM-1.jpeg\",\"width\":735,\"height\":871},{\"@type\":\"BreadcrumbList\",\"@id\":\"https:\\\/\\\/tallerfloral.com.co\\\/?product=dulce-amanecer-ramo-de-girasoles-lirios-y-rosas-pastel#breadcrumb\",\"itemListElement\":[{\"@type\":\"ListItem\",\"position\":1,\"name\":\"Inicio\",\"item\":\"https:\\\/\\\/tallerfloral.com.co\\\/\"},{\"@type\":\"ListItem\",\"position\":2,\"name\":\"Shop\",\"item\":\"https:\\\/\\\/tallerfloral.com.co\\\/?page_id=59\"},{\"@type\":\"ListItem\",\"position\":3,\"name\":\"\u201cDulce Amanecer \u2013 Ramo de girasoles, lirios y rosas pastel\u201d\"}]},{\"@type\":\"WebSite\",\"@id\":\"https:\\\/\\\/tallerfloral.com.co\\\/#website\",\"url\":\"https:\\\/\\\/tallerfloral.com.co\\\/\",\"name\":\"Taller floral\",\"description\":\"\",\"publisher\":{\"@id\":\"https:\\\/\\\/tallerfloral.com.co\\\/#organization\"},\"potentialAction\":[{\"@type\":\"SearchAction\",\"target\":{\"@type\":\"EntryPoint\",\"urlTemplate\":\"https:\\\/\\\/tallerfloral.com.co\\\/?s={search_term_string}\"},\"query-input\":{\"@type\":\"PropertyValueSpecification\",\"valueRequired\":true,\"valueName\":\"search_term_string\"}}],\"inLanguage\":\"es-CO\"},{\"@type\":\"Organization\",\"@id\":\"https:\\\/\\\/tallerfloral.com.co\\\/#organization\",\"name\":\"Taller floral\",\"url\":\"https:\\\/\\\/tallerfloral.com.co\\\/\",\"logo\":{\"@type\":\"ImageObject\",\"inLanguage\":\"es-CO\",\"@id\":\"https:\\\/\\\/tallerfloral.com.co\\\/#\\\/schema\\\/logo\\\/image\\\/\",\"url\":\"https:\\\/\\\/tallerfloral.com.co\\\/wp-content\\\/uploads\\\/2024\\\/01\\\/logo-taller-floral.jpeg\",\"contentUrl\":\"https:\\\/\\\/tallerfloral.com.co\\\/wp-content\\\/uploads\\\/2024\\\/01\\\/logo-taller-floral.jpeg\",\"width\":502,\"height\":550,\"caption\":\"Taller floral\"},\"image\":{\"@id\":\"https:\\\/\\\/tallerfloral.com.co\\\/#\\\/schema\\\/logo\\\/image\\\/\"}}]}<\/script>\n<!-- \/ Yoast SEO plugin. -->","yoast_head_json":{"title":"\u201cDulce Amanecer \u2013 Ramo de girasoles, lirios y rosas pastel\u201d - Taller floral","description":"El ramo Dulce Amanecer de Taller Floral combina girasoles, lirios rosados y rosas pastel en una composici\u00f3n equilibrada, elegante y colorida.Perfecto para regalar amor, amistad o gratitud, elaborado artesanalmente con flores frescas y naturales.Un dise\u00f1o c\u00e1lido y rom\u00e1ntico que aporta alegr\u00eda y sofisticaci\u00f3n, disponible con entrega a domicilio en Bogot\u00e1 y alrededores.","robots":{"index":"index","follow":"follow","max-snippet":"max-snippet:-1","max-image-preview":"max-image-preview:large","max-video-preview":"max-video-preview:-1"},"canonical":"https:\/\/tallerfloral.com.co\/?product=dulce-amanecer-ramo-de-girasoles-lirios-y-rosas-pastel","og_locale":"es_ES","og_type":"article","og_title":"\u201cDulce Amanecer \u2013 Ramo de girasoles, lirios y rosas pastel\u201d - Taller floral","og_description":"El ramo Dulce Amanecer de Taller Floral combina girasoles, lirios rosados y rosas pastel en una composici\u00f3n equilibrada, elegante y colorida.Perfecto para regalar amor, amistad o gratitud, elaborado artesanalmente con flores frescas y naturales.Un dise\u00f1o c\u00e1lido y rom\u00e1ntico que aporta alegr\u00eda y sofisticaci\u00f3n, disponible con entrega a domicilio en Bogot\u00e1 y alrededores.","og_url":"https:\/\/tallerfloral.com.co\/?product=dulce-amanecer-ramo-de-girasoles-lirios-y-rosas-pastel","og_site_name":"Taller floral","og_image":[{"width":735,"height":871,"url":"https:\/\/tallerfloral.com.co\/wp-content\/uploads\/2025\/10\/WhatsApp-Image-2025-10-13-at-10.09.38-AM-1.jpeg","type":"image\/jpeg"}],"twitter_card":"summary_large_image","twitter_misc":{"Tiempo de lectura":"1 minuto"},"schema":{"@context":"https:\/\/schema.org","@graph":[{"@type":"WebPage","@id":"https:\/\/tallerfloral.com.co\/?product=dulce-amanecer-ramo-de-girasoles-lirios-y-rosas-pastel","url":"https:\/\/tallerfloral.com.co\/?product=dulce-amanecer-ramo-de-girasoles-lirios-y-rosas-pastel","name":"\u201cDulce Amanecer \u2013 Ramo de girasoles, lirios y rosas pastel\u201d - Taller floral","isPartOf":{"@id":"https:\/\/tallerfloral.com.co\/#website"},"primaryImageOfPage":{"@id":"https:\/\/tallerfloral.com.co\/?product=dulce-amanecer-ramo-de-girasoles-lirios-y-rosas-pastel#primaryimage"},"image":{"@id":"https:\/\/tallerfloral.com.co\/?product=dulce-amanecer-ramo-de-girasoles-lirios-y-rosas-pastel#primaryimage"},"thumbnailUrl":"https:\/\/tallerfloral.com.co\/wp-content\/uploads\/2025\/10\/WhatsApp-Image-2025-10-13-at-10.09.38-AM-1.jpeg","datePublished":"2025-10-13T18:36:06+00:00","description":"El ramo Dulce Amanecer de Taller Floral combina girasoles, lirios rosados y rosas pastel en una composici\u00f3n equilibrada, elegante y colorida.Perfecto para regalar amor, amistad o gratitud, elaborado artesanalmente con flores frescas y naturales.Un dise\u00f1o c\u00e1lido y rom\u00e1ntico que aporta alegr\u00eda y sofisticaci\u00f3n, disponible con entrega a domicilio en Bogot\u00e1 y alrededores.","breadcrumb":{"@id":"https:\/\/tallerfloral.com.co\/?product=dulce-amanecer-ramo-de-girasoles-lirios-y-rosas-pastel#breadcrumb"},"inLanguage":"es-CO","potentialAction":[{"@type":"ReadAction","target":["https:\/\/tallerfloral.com.co\/?product=dulce-amanecer-ramo-de-girasoles-lirios-y-rosas-pastel"]}]},{"@type":"ImageObject","inLanguage":"es-CO","@id":"https:\/\/tallerfloral.com.co\/?product=dulce-amanecer-ramo-de-girasoles-lirios-y-rosas-pastel#primaryimage","url":"https:\/\/tallerfloral.com.co\/wp-content\/uploads\/2025\/10\/WhatsApp-Image-2025-10-13-at-10.09.38-AM-1.jpeg","contentUrl":"https:\/\/tallerfloral.com.co\/wp-content\/uploads\/2025\/10\/WhatsApp-Image-2025-10-13-at-10.09.38-AM-1.jpeg","width":735,"height":871},{"@type":"BreadcrumbList","@id":"https:\/\/tallerfloral.com.co\/?product=dulce-amanecer-ramo-de-girasoles-lirios-y-rosas-pastel#breadcrumb","itemListElement":[{"@type":"ListItem","position":1,"name":"Inicio","item":"https:\/\/tallerfloral.com.co\/"},{"@type":"ListItem","position":2,"name":"Shop","item":"https:\/\/tallerfloral.com.co\/?page_id=59"},{"@type":"ListItem","position":3,"name":"\u201cDulce Amanecer \u2013 Ramo de girasoles, lirios y rosas pastel\u201d"}]},{"@type":"WebSite","@id":"https:\/\/tallerfloral.com.co\/#website","url":"https:\/\/tallerfloral.com.co\/","name":"Taller floral","description":"","publisher":{"@id":"https:\/\/tallerfloral.com.co\/#organization"},"potentialAction":[{"@type":"SearchAction","target":{"@type":"EntryPoint","urlTemplate":"https:\/\/tallerfloral.com.co\/?s={search_term_string}"},"query-input":{"@type":"PropertyValueSpecification","valueRequired":true,"valueName":"search_term_string"}}],"inLanguage":"es-CO"},{"@type":"Organization","@id":"https:\/\/tallerfloral.com.co\/#organization","name":"Taller floral","url":"https:\/\/tallerfloral.com.co\/","logo":{"@type":"ImageObject","inLanguage":"es-CO","@id":"https:\/\/tallerfloral.com.co\/#\/schema\/logo\/image\/","url":"https:\/\/tallerfloral.com.co\/wp-content\/uploads\/2024\/01\/logo-taller-floral.jpeg","contentUrl":"https:\/\/tallerfloral.com.co\/wp-content\/uploads\/2024\/01\/logo-taller-floral.jpeg","width":502,"height":550,"caption":"Taller floral"},"image":{"@id":"https:\/\/tallerfloral.com.co\/#\/schema\/logo\/image\/"}}]}},"jetpack_sharing_enabled":true,"_links":{"self":[{"href":"https:\/\/tallerfloral.com.co\/index.php?rest_route=\/wp\/v2\/product\/1481","targetHints":{"allow":["GET"]}}],"collection":[{"href":"https:\/\/tallerfloral.com.co\/index.php?rest_route=\/wp\/v2\/product"}],"about":[{"href":"https:\/\/tallerfloral.com.co\/index.php?rest_route=\/wp\/v2\/types\/product"}],"replies":[{"embeddable":true,"href":"https:\/\/tallerfloral.com.co\/index.php?rest_route=%2Fwp%2Fv2%2Fcomments&post=1481"}],"wp:featuredmedia":[{"embeddable":true,"href":"https:\/\/tallerfloral.com.co\/index.php?rest_route=\/wp\/v2\/media\/1482"}],"wp:attachment":[{"href":"https:\/\/tallerfloral.com.co\/index.php?rest_route=%2Fwp%2Fv2%2Fmedia&parent=1481"}],"wp:term":[{"taxonomy":"product_brand","embeddable":true,"href":"https:\/\/tallerfloral.com.co\/index.php?rest_route=%2Fwp%2Fv2%2Fproduct_brand&post=1481"},{"taxonomy":"product_cat","embeddable":true,"href":"https:\/\/tallerfloral.com.co\/index.php?rest_route=%2Fwp%2Fv2%2Fproduct_cat&post=1481"},{"taxonomy":"product_tag","embeddable":true,"href":"https:\/\/tallerfloral.com.co\/index.php?rest_route=%2Fwp%2Fv2%2Fproduct_tag&post=1481"}],"curies":[{"name":"wp","href":"https:\/\/api.w.org\/{rel}","templated":true}]}}