{"id":1238,"date":"2024-01-23T16:34:54","date_gmt":"2024-01-23T16:34:54","guid":{"rendered":"https:\/\/tallerfloral.com.co\/?post_type=product&#038;p=1238"},"modified":"2024-01-23T16:34:56","modified_gmt":"2024-01-23T16:34:56","slug":"ramo-de-margaritas-y-alstroemerias","status":"publish","type":"product","link":"https:\/\/tallerfloral.com.co\/?product=ramo-de-margaritas-y-alstroemerias","title":{"rendered":"ramo margaritas y alstroemerias"},"content":{"rendered":"<p>Elegancia en armon\u00eda. Descubre la frescura \u00fanica de nuestro ramo con margaritas y astromelias. Una combinaci\u00f3n encantadora para iluminar cualquier ocasi\u00f3n.<\/p>\n","protected":false},"excerpt":{"rendered":"<p>Elegancia en armon\u00eda. Descubre la frescura \u00fanica de nuestro ramo con margaritas blancas y astromelias. Una combinaci\u00f3n encantadora para iluminar cualquier ocasi\u00f3n.<\/p>\n","protected":false},"featured_media":1097,"comment_status":"open","ping_status":"closed","template":"","meta":[],"product_brand":[],"product_cat":[17],"product_tag":[],"class_list":{"0":"post-1238","1":"product","2":"type-product","3":"status-publish","4":"has-post-thumbnail","6":"product_cat-ramos-de-flores","8":"first","9":"instock","10":"taxable","11":"shipping-taxable","12":"purchasable","13":"product-type-simple"},"yoast_head":"<!-- This site is optimized with the Yoast SEO plugin v27.4 - https:\/\/yoast.com\/product\/yoast-seo-wordpress\/ -->\n<title>ramo margaritas y alstroemerias - Taller floral<\/title>\n<meta name=\"description\" content=\"Elegancia en armon\u00eda. Descubre la frescura \u00fanica de nuestro ramo con margaritas blancas y astromelias. Una combinaci\u00f3n encantadora para iluminar cualquier ocasi\u00f3n.\" \/>\n<meta name=\"robots\" content=\"index, follow, max-snippet:-1, max-image-preview:large, max-video-preview:-1\" \/>\n<link rel=\"canonical\" href=\"https:\/\/tallerfloral.com.co\/?product=ramo-de-margaritas-y-alstroemerias\" \/>\n<meta property=\"og:locale\" content=\"es_ES\" \/>\n<meta property=\"og:type\" content=\"article\" \/>\n<meta property=\"og:title\" content=\"ramo margaritas y alstroemerias - Taller floral\" \/>\n<meta property=\"og:description\" content=\"Elegancia en armon\u00eda. Descubre la frescura \u00fanica de nuestro ramo con margaritas blancas y astromelias. Una combinaci\u00f3n encantadora para iluminar cualquier ocasi\u00f3n.\" \/>\n<meta property=\"og:url\" content=\"https:\/\/tallerfloral.com.co\/?product=ramo-de-margaritas-y-alstroemerias\" \/>\n<meta property=\"og:site_name\" content=\"Taller floral\" \/>\n<meta property=\"article:modified_time\" content=\"2024-01-23T16:34:56+00:00\" \/>\n<meta property=\"og:image\" content=\"http:\/\/tallerfloral.com.co\/wp-content\/uploads\/2022\/03\/WhatsApp-Image-2024-01-12-at-11.31.27-AM.jpeg\" \/>\n\t<meta property=\"og:image:width\" content=\"736\" \/>\n\t<meta property=\"og:image:height\" content=\"980\" \/>\n\t<meta property=\"og:image:type\" content=\"image\/jpeg\" \/>\n<meta name=\"twitter:card\" content=\"summary_large_image\" \/>\n<meta name=\"twitter:label1\" content=\"Tiempo de lectura\" \/>\n\t<meta name=\"twitter:data1\" content=\"1 minuto\" \/>\n<script type=\"application\/ld+json\" class=\"yoast-schema-graph\">{\"@context\":\"https:\\\/\\\/schema.org\",\"@graph\":[{\"@type\":\"WebPage\",\"@id\":\"https:\\\/\\\/tallerfloral.com.co\\\/?product=ramo-de-margaritas-y-alstroemerias\",\"url\":\"https:\\\/\\\/tallerfloral.com.co\\\/?product=ramo-de-margaritas-y-alstroemerias\",\"name\":\"ramo margaritas y alstroemerias - Taller floral\",\"isPartOf\":{\"@id\":\"https:\\\/\\\/tallerfloral.com.co\\\/#website\"},\"primaryImageOfPage\":{\"@id\":\"https:\\\/\\\/tallerfloral.com.co\\\/?product=ramo-de-margaritas-y-alstroemerias#primaryimage\"},\"image\":{\"@id\":\"https:\\\/\\\/tallerfloral.com.co\\\/?product=ramo-de-margaritas-y-alstroemerias#primaryimage\"},\"thumbnailUrl\":\"https:\\\/\\\/tallerfloral.com.co\\\/wp-content\\\/uploads\\\/2022\\\/03\\\/WhatsApp-Image-2024-01-12-at-11.31.27-AM.jpeg\",\"datePublished\":\"2024-01-23T16:34:54+00:00\",\"dateModified\":\"2024-01-23T16:34:56+00:00\",\"description\":\"Elegancia en armon\u00eda. Descubre la frescura \u00fanica de nuestro ramo con margaritas blancas y astromelias. Una combinaci\u00f3n encantadora para iluminar cualquier ocasi\u00f3n.\",\"breadcrumb\":{\"@id\":\"https:\\\/\\\/tallerfloral.com.co\\\/?product=ramo-de-margaritas-y-alstroemerias#breadcrumb\"},\"inLanguage\":\"es-CO\",\"potentialAction\":[{\"@type\":\"ReadAction\",\"target\":[\"https:\\\/\\\/tallerfloral.com.co\\\/?product=ramo-de-margaritas-y-alstroemerias\"]}]},{\"@type\":\"ImageObject\",\"inLanguage\":\"es-CO\",\"@id\":\"https:\\\/\\\/tallerfloral.com.co\\\/?product=ramo-de-margaritas-y-alstroemerias#primaryimage\",\"url\":\"https:\\\/\\\/tallerfloral.com.co\\\/wp-content\\\/uploads\\\/2022\\\/03\\\/WhatsApp-Image-2024-01-12-at-11.31.27-AM.jpeg\",\"contentUrl\":\"https:\\\/\\\/tallerfloral.com.co\\\/wp-content\\\/uploads\\\/2022\\\/03\\\/WhatsApp-Image-2024-01-12-at-11.31.27-AM.jpeg\",\"width\":736,\"height\":980},{\"@type\":\"BreadcrumbList\",\"@id\":\"https:\\\/\\\/tallerfloral.com.co\\\/?product=ramo-de-margaritas-y-alstroemerias#breadcrumb\",\"itemListElement\":[{\"@type\":\"ListItem\",\"position\":1,\"name\":\"Inicio\",\"item\":\"https:\\\/\\\/tallerfloral.com.co\\\/\"},{\"@type\":\"ListItem\",\"position\":2,\"name\":\"Shop\",\"item\":\"https:\\\/\\\/tallerfloral.com.co\\\/?page_id=59\"},{\"@type\":\"ListItem\",\"position\":3,\"name\":\"ramo margaritas y alstroemerias\"}]},{\"@type\":\"WebSite\",\"@id\":\"https:\\\/\\\/tallerfloral.com.co\\\/#website\",\"url\":\"https:\\\/\\\/tallerfloral.com.co\\\/\",\"name\":\"Taller floral\",\"description\":\"\",\"publisher\":{\"@id\":\"https:\\\/\\\/tallerfloral.com.co\\\/#organization\"},\"potentialAction\":[{\"@type\":\"SearchAction\",\"target\":{\"@type\":\"EntryPoint\",\"urlTemplate\":\"https:\\\/\\\/tallerfloral.com.co\\\/?s={search_term_string}\"},\"query-input\":{\"@type\":\"PropertyValueSpecification\",\"valueRequired\":true,\"valueName\":\"search_term_string\"}}],\"inLanguage\":\"es-CO\"},{\"@type\":\"Organization\",\"@id\":\"https:\\\/\\\/tallerfloral.com.co\\\/#organization\",\"name\":\"Taller floral\",\"url\":\"https:\\\/\\\/tallerfloral.com.co\\\/\",\"logo\":{\"@type\":\"ImageObject\",\"inLanguage\":\"es-CO\",\"@id\":\"https:\\\/\\\/tallerfloral.com.co\\\/#\\\/schema\\\/logo\\\/image\\\/\",\"url\":\"https:\\\/\\\/tallerfloral.com.co\\\/wp-content\\\/uploads\\\/2024\\\/01\\\/logo-taller-floral.jpeg\",\"contentUrl\":\"https:\\\/\\\/tallerfloral.com.co\\\/wp-content\\\/uploads\\\/2024\\\/01\\\/logo-taller-floral.jpeg\",\"width\":502,\"height\":550,\"caption\":\"Taller floral\"},\"image\":{\"@id\":\"https:\\\/\\\/tallerfloral.com.co\\\/#\\\/schema\\\/logo\\\/image\\\/\"}}]}<\/script>\n<!-- \/ Yoast SEO plugin. -->","yoast_head_json":{"title":"ramo margaritas y alstroemerias - Taller floral","description":"Elegancia en armon\u00eda. Descubre la frescura \u00fanica de nuestro ramo con margaritas blancas y astromelias. Una combinaci\u00f3n encantadora para iluminar cualquier ocasi\u00f3n.","robots":{"index":"index","follow":"follow","max-snippet":"max-snippet:-1","max-image-preview":"max-image-preview:large","max-video-preview":"max-video-preview:-1"},"canonical":"https:\/\/tallerfloral.com.co\/?product=ramo-de-margaritas-y-alstroemerias","og_locale":"es_ES","og_type":"article","og_title":"ramo margaritas y alstroemerias - Taller floral","og_description":"Elegancia en armon\u00eda. Descubre la frescura \u00fanica de nuestro ramo con margaritas blancas y astromelias. Una combinaci\u00f3n encantadora para iluminar cualquier ocasi\u00f3n.","og_url":"https:\/\/tallerfloral.com.co\/?product=ramo-de-margaritas-y-alstroemerias","og_site_name":"Taller floral","article_modified_time":"2024-01-23T16:34:56+00:00","og_image":[{"width":736,"height":980,"url":"http:\/\/tallerfloral.com.co\/wp-content\/uploads\/2022\/03\/WhatsApp-Image-2024-01-12-at-11.31.27-AM.jpeg","type":"image\/jpeg"}],"twitter_card":"summary_large_image","twitter_misc":{"Tiempo de lectura":"1 minuto"},"schema":{"@context":"https:\/\/schema.org","@graph":[{"@type":"WebPage","@id":"https:\/\/tallerfloral.com.co\/?product=ramo-de-margaritas-y-alstroemerias","url":"https:\/\/tallerfloral.com.co\/?product=ramo-de-margaritas-y-alstroemerias","name":"ramo margaritas y alstroemerias - Taller floral","isPartOf":{"@id":"https:\/\/tallerfloral.com.co\/#website"},"primaryImageOfPage":{"@id":"https:\/\/tallerfloral.com.co\/?product=ramo-de-margaritas-y-alstroemerias#primaryimage"},"image":{"@id":"https:\/\/tallerfloral.com.co\/?product=ramo-de-margaritas-y-alstroemerias#primaryimage"},"thumbnailUrl":"https:\/\/tallerfloral.com.co\/wp-content\/uploads\/2022\/03\/WhatsApp-Image-2024-01-12-at-11.31.27-AM.jpeg","datePublished":"2024-01-23T16:34:54+00:00","dateModified":"2024-01-23T16:34:56+00:00","description":"Elegancia en armon\u00eda. Descubre la frescura \u00fanica de nuestro ramo con margaritas blancas y astromelias. Una combinaci\u00f3n encantadora para iluminar cualquier ocasi\u00f3n.","breadcrumb":{"@id":"https:\/\/tallerfloral.com.co\/?product=ramo-de-margaritas-y-alstroemerias#breadcrumb"},"inLanguage":"es-CO","potentialAction":[{"@type":"ReadAction","target":["https:\/\/tallerfloral.com.co\/?product=ramo-de-margaritas-y-alstroemerias"]}]},{"@type":"ImageObject","inLanguage":"es-CO","@id":"https:\/\/tallerfloral.com.co\/?product=ramo-de-margaritas-y-alstroemerias#primaryimage","url":"https:\/\/tallerfloral.com.co\/wp-content\/uploads\/2022\/03\/WhatsApp-Image-2024-01-12-at-11.31.27-AM.jpeg","contentUrl":"https:\/\/tallerfloral.com.co\/wp-content\/uploads\/2022\/03\/WhatsApp-Image-2024-01-12-at-11.31.27-AM.jpeg","width":736,"height":980},{"@type":"BreadcrumbList","@id":"https:\/\/tallerfloral.com.co\/?product=ramo-de-margaritas-y-alstroemerias#breadcrumb","itemListElement":[{"@type":"ListItem","position":1,"name":"Inicio","item":"https:\/\/tallerfloral.com.co\/"},{"@type":"ListItem","position":2,"name":"Shop","item":"https:\/\/tallerfloral.com.co\/?page_id=59"},{"@type":"ListItem","position":3,"name":"ramo margaritas y alstroemerias"}]},{"@type":"WebSite","@id":"https:\/\/tallerfloral.com.co\/#website","url":"https:\/\/tallerfloral.com.co\/","name":"Taller floral","description":"","publisher":{"@id":"https:\/\/tallerfloral.com.co\/#organization"},"potentialAction":[{"@type":"SearchAction","target":{"@type":"EntryPoint","urlTemplate":"https:\/\/tallerfloral.com.co\/?s={search_term_string}"},"query-input":{"@type":"PropertyValueSpecification","valueRequired":true,"valueName":"search_term_string"}}],"inLanguage":"es-CO"},{"@type":"Organization","@id":"https:\/\/tallerfloral.com.co\/#organization","name":"Taller floral","url":"https:\/\/tallerfloral.com.co\/","logo":{"@type":"ImageObject","inLanguage":"es-CO","@id":"https:\/\/tallerfloral.com.co\/#\/schema\/logo\/image\/","url":"https:\/\/tallerfloral.com.co\/wp-content\/uploads\/2024\/01\/logo-taller-floral.jpeg","contentUrl":"https:\/\/tallerfloral.com.co\/wp-content\/uploads\/2024\/01\/logo-taller-floral.jpeg","width":502,"height":550,"caption":"Taller floral"},"image":{"@id":"https:\/\/tallerfloral.com.co\/#\/schema\/logo\/image\/"}}]}},"jetpack_sharing_enabled":true,"_links":{"self":[{"href":"https:\/\/tallerfloral.com.co\/index.php?rest_route=\/wp\/v2\/product\/1238","targetHints":{"allow":["GET"]}}],"collection":[{"href":"https:\/\/tallerfloral.com.co\/index.php?rest_route=\/wp\/v2\/product"}],"about":[{"href":"https:\/\/tallerfloral.com.co\/index.php?rest_route=\/wp\/v2\/types\/product"}],"replies":[{"embeddable":true,"href":"https:\/\/tallerfloral.com.co\/index.php?rest_route=%2Fwp%2Fv2%2Fcomments&post=1238"}],"wp:featuredmedia":[{"embeddable":true,"href":"https:\/\/tallerfloral.com.co\/index.php?rest_route=\/wp\/v2\/media\/1097"}],"wp:attachment":[{"href":"https:\/\/tallerfloral.com.co\/index.php?rest_route=%2Fwp%2Fv2%2Fmedia&parent=1238"}],"wp:term":[{"taxonomy":"product_brand","embeddable":true,"href":"https:\/\/tallerfloral.com.co\/index.php?rest_route=%2Fwp%2Fv2%2Fproduct_brand&post=1238"},{"taxonomy":"product_cat","embeddable":true,"href":"https:\/\/tallerfloral.com.co\/index.php?rest_route=%2Fwp%2Fv2%2Fproduct_cat&post=1238"},{"taxonomy":"product_tag","embeddable":true,"href":"https:\/\/tallerfloral.com.co\/index.php?rest_route=%2Fwp%2Fv2%2Fproduct_tag&post=1238"}],"curies":[{"name":"wp","href":"https:\/\/api.w.org\/{rel}","templated":true}]}}