{"id":1058,"date":"2024-01-12T15:26:51","date_gmt":"2024-01-12T15:26:51","guid":{"rendered":"https:\/\/tallerfloral.com.co\/?post_type=product&#038;p=1058"},"modified":"2024-01-12T16:21:52","modified_gmt":"2024-01-12T16:21:52","slug":"rosas-premium","status":"publish","type":"product","link":"https:\/\/tallerfloral.com.co\/?product=rosas-premium","title":{"rendered":"jarr\u00f3n de rosas premium"},"content":{"rendered":"<p>Descubre la belleza atemporal de nuestras rosas de exportaci\u00f3n. Cosechadas con cuidado en campos dedicados, cada rosa es un testimonio de calidad y frescura. Desde exuberantes tonos hasta delicadas fragancias, nuestras rosas son el regalo perfecto para expresar amor, gratitud o simplemente para iluminar cualquier ocasi\u00f3n especial. Embellece momentos significativos con nuestras rosas de exportaci\u00f3n: la elecci\u00f3n de la elegancia que viaja el mundo.<\/p>\n","protected":false},"excerpt":{"rendered":"<p>hermoso jarr\u00f3n con 30 rosas tipo exportaci\u00f3n con el color que mas te guste<\/p>\n","protected":false},"featured_media":1060,"comment_status":"open","ping_status":"closed","template":"","meta":[],"product_brand":[],"product_cat":[23],"product_tag":[],"class_list":{"0":"post-1058","1":"product","2":"type-product","3":"status-publish","4":"has-post-thumbnail","6":"product_cat-flores-premium","8":"first","9":"instock","10":"taxable","11":"shipping-taxable","12":"purchasable","13":"product-type-simple"},"yoast_head":"<!-- This site is optimized with the Yoast SEO plugin v27.3 - https:\/\/yoast.com\/product\/yoast-seo-wordpress\/ -->\n<title>jarr\u00f3n de rosas premium - Taller floral<\/title>\n<meta name=\"description\" content=\"Descubre la belleza atemporal de nuestras rosas de exportaci\u00f3n. Cosechadas con cuidado en campos dedicados, cada rosa es un testimonio de calidad y frescura. Desde exuberantes tonos hasta delicadas fragancias, nuestras rosas son el regalo perfecto para expresar amor, gratitud o simplemente para iluminar cualquier ocasi\u00f3n especial. Embellece momentos significativos con nuestras rosas de exportaci\u00f3n: la elecci\u00f3n de la elegancia que viaja el mundo.\" \/>\n<meta name=\"robots\" content=\"index, follow, max-snippet:-1, max-image-preview:large, max-video-preview:-1\" \/>\n<link rel=\"canonical\" href=\"https:\/\/tallerfloral.com.co\/?product=rosas-premium\" \/>\n<meta property=\"og:locale\" content=\"es_ES\" \/>\n<meta property=\"og:type\" content=\"article\" \/>\n<meta property=\"og:title\" content=\"jarr\u00f3n de rosas premium - Taller floral\" \/>\n<meta property=\"og:description\" content=\"Descubre la belleza atemporal de nuestras rosas de exportaci\u00f3n. Cosechadas con cuidado en campos dedicados, cada rosa es un testimonio de calidad y frescura. Desde exuberantes tonos hasta delicadas fragancias, nuestras rosas son el regalo perfecto para expresar amor, gratitud o simplemente para iluminar cualquier ocasi\u00f3n especial. Embellece momentos significativos con nuestras rosas de exportaci\u00f3n: la elecci\u00f3n de la elegancia que viaja el mundo.\" \/>\n<meta property=\"og:url\" content=\"https:\/\/tallerfloral.com.co\/?product=rosas-premium\" \/>\n<meta property=\"og:site_name\" content=\"Taller floral\" \/>\n<meta property=\"article:modified_time\" content=\"2024-01-12T16:21:52+00:00\" \/>\n<meta property=\"og:image\" content=\"http:\/\/tallerfloral.com.co\/wp-content\/uploads\/2024\/01\/WhatsApp-Image-2024-01-12-at-10.21.58-AM-1.jpeg\" \/>\n\t<meta property=\"og:image:width\" content=\"304\" \/>\n\t<meta property=\"og:image:height\" content=\"305\" \/>\n\t<meta property=\"og:image:type\" content=\"image\/jpeg\" \/>\n<meta name=\"twitter:card\" content=\"summary_large_image\" \/>\n<meta name=\"twitter:label1\" content=\"Tiempo de lectura\" \/>\n\t<meta name=\"twitter:data1\" content=\"1 minuto\" \/>\n<script type=\"application\/ld+json\" class=\"yoast-schema-graph\">{\"@context\":\"https:\\\/\\\/schema.org\",\"@graph\":[{\"@type\":\"WebPage\",\"@id\":\"https:\\\/\\\/tallerfloral.com.co\\\/?product=rosas-premium\",\"url\":\"https:\\\/\\\/tallerfloral.com.co\\\/?product=rosas-premium\",\"name\":\"jarr\u00f3n de rosas premium - Taller floral\",\"isPartOf\":{\"@id\":\"https:\\\/\\\/tallerfloral.com.co\\\/#website\"},\"primaryImageOfPage\":{\"@id\":\"https:\\\/\\\/tallerfloral.com.co\\\/?product=rosas-premium#primaryimage\"},\"image\":{\"@id\":\"https:\\\/\\\/tallerfloral.com.co\\\/?product=rosas-premium#primaryimage\"},\"thumbnailUrl\":\"https:\\\/\\\/tallerfloral.com.co\\\/wp-content\\\/uploads\\\/2024\\\/01\\\/WhatsApp-Image-2024-01-12-at-10.21.58-AM-1.jpeg\",\"datePublished\":\"2024-01-12T15:26:51+00:00\",\"dateModified\":\"2024-01-12T16:21:52+00:00\",\"description\":\"Descubre la belleza atemporal de nuestras rosas de exportaci\u00f3n. Cosechadas con cuidado en campos dedicados, cada rosa es un testimonio de calidad y frescura. Desde exuberantes tonos hasta delicadas fragancias, nuestras rosas son el regalo perfecto para expresar amor, gratitud o simplemente para iluminar cualquier ocasi\u00f3n especial. Embellece momentos significativos con nuestras rosas de exportaci\u00f3n: la elecci\u00f3n de la elegancia que viaja el mundo.\",\"breadcrumb\":{\"@id\":\"https:\\\/\\\/tallerfloral.com.co\\\/?product=rosas-premium#breadcrumb\"},\"inLanguage\":\"es-CO\",\"potentialAction\":[{\"@type\":\"ReadAction\",\"target\":[\"https:\\\/\\\/tallerfloral.com.co\\\/?product=rosas-premium\"]}]},{\"@type\":\"ImageObject\",\"inLanguage\":\"es-CO\",\"@id\":\"https:\\\/\\\/tallerfloral.com.co\\\/?product=rosas-premium#primaryimage\",\"url\":\"https:\\\/\\\/tallerfloral.com.co\\\/wp-content\\\/uploads\\\/2024\\\/01\\\/WhatsApp-Image-2024-01-12-at-10.21.58-AM-1.jpeg\",\"contentUrl\":\"https:\\\/\\\/tallerfloral.com.co\\\/wp-content\\\/uploads\\\/2024\\\/01\\\/WhatsApp-Image-2024-01-12-at-10.21.58-AM-1.jpeg\",\"width\":304,\"height\":305},{\"@type\":\"BreadcrumbList\",\"@id\":\"https:\\\/\\\/tallerfloral.com.co\\\/?product=rosas-premium#breadcrumb\",\"itemListElement\":[{\"@type\":\"ListItem\",\"position\":1,\"name\":\"Inicio\",\"item\":\"https:\\\/\\\/tallerfloral.com.co\\\/\"},{\"@type\":\"ListItem\",\"position\":2,\"name\":\"Shop\",\"item\":\"https:\\\/\\\/tallerfloral.com.co\\\/?page_id=59\"},{\"@type\":\"ListItem\",\"position\":3,\"name\":\"jarr\u00f3n de rosas premium\"}]},{\"@type\":\"WebSite\",\"@id\":\"https:\\\/\\\/tallerfloral.com.co\\\/#website\",\"url\":\"https:\\\/\\\/tallerfloral.com.co\\\/\",\"name\":\"Taller floral\",\"description\":\"\",\"publisher\":{\"@id\":\"https:\\\/\\\/tallerfloral.com.co\\\/#organization\"},\"potentialAction\":[{\"@type\":\"SearchAction\",\"target\":{\"@type\":\"EntryPoint\",\"urlTemplate\":\"https:\\\/\\\/tallerfloral.com.co\\\/?s={search_term_string}\"},\"query-input\":{\"@type\":\"PropertyValueSpecification\",\"valueRequired\":true,\"valueName\":\"search_term_string\"}}],\"inLanguage\":\"es-CO\"},{\"@type\":\"Organization\",\"@id\":\"https:\\\/\\\/tallerfloral.com.co\\\/#organization\",\"name\":\"Taller floral\",\"url\":\"https:\\\/\\\/tallerfloral.com.co\\\/\",\"logo\":{\"@type\":\"ImageObject\",\"inLanguage\":\"es-CO\",\"@id\":\"https:\\\/\\\/tallerfloral.com.co\\\/#\\\/schema\\\/logo\\\/image\\\/\",\"url\":\"https:\\\/\\\/tallerfloral.com.co\\\/wp-content\\\/uploads\\\/2024\\\/01\\\/logo-taller-floral.jpeg\",\"contentUrl\":\"https:\\\/\\\/tallerfloral.com.co\\\/wp-content\\\/uploads\\\/2024\\\/01\\\/logo-taller-floral.jpeg\",\"width\":502,\"height\":550,\"caption\":\"Taller floral\"},\"image\":{\"@id\":\"https:\\\/\\\/tallerfloral.com.co\\\/#\\\/schema\\\/logo\\\/image\\\/\"}}]}<\/script>\n<!-- \/ Yoast SEO plugin. -->","yoast_head_json":{"title":"jarr\u00f3n de rosas premium - Taller floral","description":"Descubre la belleza atemporal de nuestras rosas de exportaci\u00f3n. Cosechadas con cuidado en campos dedicados, cada rosa es un testimonio de calidad y frescura. Desde exuberantes tonos hasta delicadas fragancias, nuestras rosas son el regalo perfecto para expresar amor, gratitud o simplemente para iluminar cualquier ocasi\u00f3n especial. Embellece momentos significativos con nuestras rosas de exportaci\u00f3n: la elecci\u00f3n de la elegancia que viaja el mundo.","robots":{"index":"index","follow":"follow","max-snippet":"max-snippet:-1","max-image-preview":"max-image-preview:large","max-video-preview":"max-video-preview:-1"},"canonical":"https:\/\/tallerfloral.com.co\/?product=rosas-premium","og_locale":"es_ES","og_type":"article","og_title":"jarr\u00f3n de rosas premium - Taller floral","og_description":"Descubre la belleza atemporal de nuestras rosas de exportaci\u00f3n. Cosechadas con cuidado en campos dedicados, cada rosa es un testimonio de calidad y frescura. Desde exuberantes tonos hasta delicadas fragancias, nuestras rosas son el regalo perfecto para expresar amor, gratitud o simplemente para iluminar cualquier ocasi\u00f3n especial. Embellece momentos significativos con nuestras rosas de exportaci\u00f3n: la elecci\u00f3n de la elegancia que viaja el mundo.","og_url":"https:\/\/tallerfloral.com.co\/?product=rosas-premium","og_site_name":"Taller floral","article_modified_time":"2024-01-12T16:21:52+00:00","og_image":[{"width":304,"height":305,"url":"http:\/\/tallerfloral.com.co\/wp-content\/uploads\/2024\/01\/WhatsApp-Image-2024-01-12-at-10.21.58-AM-1.jpeg","type":"image\/jpeg"}],"twitter_card":"summary_large_image","twitter_misc":{"Tiempo de lectura":"1 minuto"},"schema":{"@context":"https:\/\/schema.org","@graph":[{"@type":"WebPage","@id":"https:\/\/tallerfloral.com.co\/?product=rosas-premium","url":"https:\/\/tallerfloral.com.co\/?product=rosas-premium","name":"jarr\u00f3n de rosas premium - Taller floral","isPartOf":{"@id":"https:\/\/tallerfloral.com.co\/#website"},"primaryImageOfPage":{"@id":"https:\/\/tallerfloral.com.co\/?product=rosas-premium#primaryimage"},"image":{"@id":"https:\/\/tallerfloral.com.co\/?product=rosas-premium#primaryimage"},"thumbnailUrl":"https:\/\/tallerfloral.com.co\/wp-content\/uploads\/2024\/01\/WhatsApp-Image-2024-01-12-at-10.21.58-AM-1.jpeg","datePublished":"2024-01-12T15:26:51+00:00","dateModified":"2024-01-12T16:21:52+00:00","description":"Descubre la belleza atemporal de nuestras rosas de exportaci\u00f3n. Cosechadas con cuidado en campos dedicados, cada rosa es un testimonio de calidad y frescura. Desde exuberantes tonos hasta delicadas fragancias, nuestras rosas son el regalo perfecto para expresar amor, gratitud o simplemente para iluminar cualquier ocasi\u00f3n especial. Embellece momentos significativos con nuestras rosas de exportaci\u00f3n: la elecci\u00f3n de la elegancia que viaja el mundo.","breadcrumb":{"@id":"https:\/\/tallerfloral.com.co\/?product=rosas-premium#breadcrumb"},"inLanguage":"es-CO","potentialAction":[{"@type":"ReadAction","target":["https:\/\/tallerfloral.com.co\/?product=rosas-premium"]}]},{"@type":"ImageObject","inLanguage":"es-CO","@id":"https:\/\/tallerfloral.com.co\/?product=rosas-premium#primaryimage","url":"https:\/\/tallerfloral.com.co\/wp-content\/uploads\/2024\/01\/WhatsApp-Image-2024-01-12-at-10.21.58-AM-1.jpeg","contentUrl":"https:\/\/tallerfloral.com.co\/wp-content\/uploads\/2024\/01\/WhatsApp-Image-2024-01-12-at-10.21.58-AM-1.jpeg","width":304,"height":305},{"@type":"BreadcrumbList","@id":"https:\/\/tallerfloral.com.co\/?product=rosas-premium#breadcrumb","itemListElement":[{"@type":"ListItem","position":1,"name":"Inicio","item":"https:\/\/tallerfloral.com.co\/"},{"@type":"ListItem","position":2,"name":"Shop","item":"https:\/\/tallerfloral.com.co\/?page_id=59"},{"@type":"ListItem","position":3,"name":"jarr\u00f3n de rosas premium"}]},{"@type":"WebSite","@id":"https:\/\/tallerfloral.com.co\/#website","url":"https:\/\/tallerfloral.com.co\/","name":"Taller floral","description":"","publisher":{"@id":"https:\/\/tallerfloral.com.co\/#organization"},"potentialAction":[{"@type":"SearchAction","target":{"@type":"EntryPoint","urlTemplate":"https:\/\/tallerfloral.com.co\/?s={search_term_string}"},"query-input":{"@type":"PropertyValueSpecification","valueRequired":true,"valueName":"search_term_string"}}],"inLanguage":"es-CO"},{"@type":"Organization","@id":"https:\/\/tallerfloral.com.co\/#organization","name":"Taller floral","url":"https:\/\/tallerfloral.com.co\/","logo":{"@type":"ImageObject","inLanguage":"es-CO","@id":"https:\/\/tallerfloral.com.co\/#\/schema\/logo\/image\/","url":"https:\/\/tallerfloral.com.co\/wp-content\/uploads\/2024\/01\/logo-taller-floral.jpeg","contentUrl":"https:\/\/tallerfloral.com.co\/wp-content\/uploads\/2024\/01\/logo-taller-floral.jpeg","width":502,"height":550,"caption":"Taller floral"},"image":{"@id":"https:\/\/tallerfloral.com.co\/#\/schema\/logo\/image\/"}}]}},"jetpack_sharing_enabled":true,"_links":{"self":[{"href":"https:\/\/tallerfloral.com.co\/index.php?rest_route=\/wp\/v2\/product\/1058","targetHints":{"allow":["GET"]}}],"collection":[{"href":"https:\/\/tallerfloral.com.co\/index.php?rest_route=\/wp\/v2\/product"}],"about":[{"href":"https:\/\/tallerfloral.com.co\/index.php?rest_route=\/wp\/v2\/types\/product"}],"replies":[{"embeddable":true,"href":"https:\/\/tallerfloral.com.co\/index.php?rest_route=%2Fwp%2Fv2%2Fcomments&post=1058"}],"wp:featuredmedia":[{"embeddable":true,"href":"https:\/\/tallerfloral.com.co\/index.php?rest_route=\/wp\/v2\/media\/1060"}],"wp:attachment":[{"href":"https:\/\/tallerfloral.com.co\/index.php?rest_route=%2Fwp%2Fv2%2Fmedia&parent=1058"}],"wp:term":[{"taxonomy":"product_brand","embeddable":true,"href":"https:\/\/tallerfloral.com.co\/index.php?rest_route=%2Fwp%2Fv2%2Fproduct_brand&post=1058"},{"taxonomy":"product_cat","embeddable":true,"href":"https:\/\/tallerfloral.com.co\/index.php?rest_route=%2Fwp%2Fv2%2Fproduct_cat&post=1058"},{"taxonomy":"product_tag","embeddable":true,"href":"https:\/\/tallerfloral.com.co\/index.php?rest_route=%2Fwp%2Fv2%2Fproduct_tag&post=1058"}],"curies":[{"name":"wp","href":"https:\/\/api.w.org\/{rel}","templated":true}]}}