{"id":1006,"date":"2024-01-08T20:36:56","date_gmt":"2024-01-08T20:36:56","guid":{"rendered":"https:\/\/tallerfloral.com.co\/?post_type=product&#038;p=1006"},"modified":"2025-10-13T20:39:54","modified_gmt":"2025-10-13T20:39:54","slug":"diseno-en-rosas-espiral","status":"publish","type":"product","link":"https:\/\/tallerfloral.com.co\/?product=diseno-en-rosas-espiral","title":{"rendered":"dise\u00f1o en rosas espiral"},"content":{"rendered":"<p>Transforma la simplicidad en arte con nuestro dise\u00f1o floral en espiral. Cada p\u00e9talo se convierte en una danza armoniosa, creando una espiral de elegancia y frescura. Este innovador arreglo floral no solo es una exhibici\u00f3n visual, sino una experiencia sensorial que captura la esencia de la naturaleza en su forma m\u00e1s cautivadora. Descubre el encanto \u00fanico de nuestro dise\u00f1o floral en espiral y deja que la belleza florezca en cada curva.<\/p>\n","protected":false},"excerpt":{"rendered":"<p>dise\u00f1o en espiral con 50 rosas y lirios acompa\u00f1ado de follajes verdes y blancos<\/p>\n","protected":false},"featured_media":1072,"comment_status":"open","ping_status":"closed","template":"","meta":[],"product_brand":[],"product_cat":[15],"product_tag":[],"class_list":{"0":"post-1006","1":"product","2":"type-product","3":"status-publish","4":"has-post-thumbnail","6":"product_cat-disenos-florales","8":"first","9":"instock","10":"sale","11":"taxable","12":"shipping-taxable","13":"purchasable","14":"product-type-simple"},"yoast_head":"<!-- This site is optimized with the Yoast SEO plugin v27.3 - https:\/\/yoast.com\/product\/yoast-seo-wordpress\/ -->\n<title>dise\u00f1o en rosas espiral - Taller floral<\/title>\n<meta name=\"description\" content=\"Transforma la simplicidad en arte con nuestro dise\u00f1o floral en espiral. Cada p\u00e9talo se convierte en una danza armoniosa, creando una espiral de elegancia y frescura. Este innovador arreglo floral no solo es una exhibici\u00f3n visual, sino una experiencia sensorial que captura la esencia de la naturaleza en su forma m\u00e1s cautivadora. Descubre el encanto \u00fanico de nuestro dise\u00f1o floral en espiral y deja que la belleza florezca en cada curva.\" \/>\n<meta name=\"robots\" content=\"index, follow, max-snippet:-1, max-image-preview:large, max-video-preview:-1\" \/>\n<link rel=\"canonical\" href=\"https:\/\/tallerfloral.com.co\/?product=diseno-en-rosas-espiral\" \/>\n<meta property=\"og:locale\" content=\"es_ES\" \/>\n<meta property=\"og:type\" content=\"article\" \/>\n<meta property=\"og:title\" content=\"dise\u00f1o en rosas espiral - Taller floral\" \/>\n<meta property=\"og:description\" content=\"Transforma la simplicidad en arte con nuestro dise\u00f1o floral en espiral. Cada p\u00e9talo se convierte en una danza armoniosa, creando una espiral de elegancia y frescura. Este innovador arreglo floral no solo es una exhibici\u00f3n visual, sino una experiencia sensorial que captura la esencia de la naturaleza en su forma m\u00e1s cautivadora. Descubre el encanto \u00fanico de nuestro dise\u00f1o floral en espiral y deja que la belleza florezca en cada curva.\" \/>\n<meta property=\"og:url\" content=\"https:\/\/tallerfloral.com.co\/?product=diseno-en-rosas-espiral\" \/>\n<meta property=\"og:site_name\" content=\"Taller floral\" \/>\n<meta property=\"article:modified_time\" content=\"2025-10-13T20:39:54+00:00\" \/>\n<meta property=\"og:image\" content=\"https:\/\/tallerfloral.com.co\/wp-content\/uploads\/2024\/01\/WhatsApp-Image-2024-01-12-at-10.38.52-AM.jpeg\" \/>\n\t<meta property=\"og:image:width\" content=\"736\" \/>\n\t<meta property=\"og:image:height\" content=\"981\" \/>\n\t<meta property=\"og:image:type\" content=\"image\/jpeg\" \/>\n<meta name=\"twitter:card\" content=\"summary_large_image\" \/>\n<meta name=\"twitter:label1\" content=\"Tiempo de lectura\" \/>\n\t<meta name=\"twitter:data1\" content=\"1 minuto\" \/>\n<script type=\"application\/ld+json\" class=\"yoast-schema-graph\">{\"@context\":\"https:\\\/\\\/schema.org\",\"@graph\":[{\"@type\":\"WebPage\",\"@id\":\"https:\\\/\\\/tallerfloral.com.co\\\/?product=diseno-en-rosas-espiral\",\"url\":\"https:\\\/\\\/tallerfloral.com.co\\\/?product=diseno-en-rosas-espiral\",\"name\":\"dise\u00f1o en rosas espiral - Taller floral\",\"isPartOf\":{\"@id\":\"https:\\\/\\\/tallerfloral.com.co\\\/#website\"},\"primaryImageOfPage\":{\"@id\":\"https:\\\/\\\/tallerfloral.com.co\\\/?product=diseno-en-rosas-espiral#primaryimage\"},\"image\":{\"@id\":\"https:\\\/\\\/tallerfloral.com.co\\\/?product=diseno-en-rosas-espiral#primaryimage\"},\"thumbnailUrl\":\"https:\\\/\\\/tallerfloral.com.co\\\/wp-content\\\/uploads\\\/2024\\\/01\\\/WhatsApp-Image-2024-01-12-at-10.38.52-AM.jpeg\",\"datePublished\":\"2024-01-08T20:36:56+00:00\",\"dateModified\":\"2025-10-13T20:39:54+00:00\",\"description\":\"Transforma la simplicidad en arte con nuestro dise\u00f1o floral en espiral. Cada p\u00e9talo se convierte en una danza armoniosa, creando una espiral de elegancia y frescura. Este innovador arreglo floral no solo es una exhibici\u00f3n visual, sino una experiencia sensorial que captura la esencia de la naturaleza en su forma m\u00e1s cautivadora. Descubre el encanto \u00fanico de nuestro dise\u00f1o floral en espiral y deja que la belleza florezca en cada curva.\",\"breadcrumb\":{\"@id\":\"https:\\\/\\\/tallerfloral.com.co\\\/?product=diseno-en-rosas-espiral#breadcrumb\"},\"inLanguage\":\"es-CO\",\"potentialAction\":[{\"@type\":\"ReadAction\",\"target\":[\"https:\\\/\\\/tallerfloral.com.co\\\/?product=diseno-en-rosas-espiral\"]}]},{\"@type\":\"ImageObject\",\"inLanguage\":\"es-CO\",\"@id\":\"https:\\\/\\\/tallerfloral.com.co\\\/?product=diseno-en-rosas-espiral#primaryimage\",\"url\":\"https:\\\/\\\/tallerfloral.com.co\\\/wp-content\\\/uploads\\\/2024\\\/01\\\/WhatsApp-Image-2024-01-12-at-10.38.52-AM.jpeg\",\"contentUrl\":\"https:\\\/\\\/tallerfloral.com.co\\\/wp-content\\\/uploads\\\/2024\\\/01\\\/WhatsApp-Image-2024-01-12-at-10.38.52-AM.jpeg\",\"width\":736,\"height\":981},{\"@type\":\"BreadcrumbList\",\"@id\":\"https:\\\/\\\/tallerfloral.com.co\\\/?product=diseno-en-rosas-espiral#breadcrumb\",\"itemListElement\":[{\"@type\":\"ListItem\",\"position\":1,\"name\":\"Inicio\",\"item\":\"https:\\\/\\\/tallerfloral.com.co\\\/\"},{\"@type\":\"ListItem\",\"position\":2,\"name\":\"Shop\",\"item\":\"https:\\\/\\\/tallerfloral.com.co\\\/?page_id=59\"},{\"@type\":\"ListItem\",\"position\":3,\"name\":\"dise\u00f1o en rosas espiral\"}]},{\"@type\":\"WebSite\",\"@id\":\"https:\\\/\\\/tallerfloral.com.co\\\/#website\",\"url\":\"https:\\\/\\\/tallerfloral.com.co\\\/\",\"name\":\"Taller floral\",\"description\":\"\",\"publisher\":{\"@id\":\"https:\\\/\\\/tallerfloral.com.co\\\/#organization\"},\"potentialAction\":[{\"@type\":\"SearchAction\",\"target\":{\"@type\":\"EntryPoint\",\"urlTemplate\":\"https:\\\/\\\/tallerfloral.com.co\\\/?s={search_term_string}\"},\"query-input\":{\"@type\":\"PropertyValueSpecification\",\"valueRequired\":true,\"valueName\":\"search_term_string\"}}],\"inLanguage\":\"es-CO\"},{\"@type\":\"Organization\",\"@id\":\"https:\\\/\\\/tallerfloral.com.co\\\/#organization\",\"name\":\"Taller floral\",\"url\":\"https:\\\/\\\/tallerfloral.com.co\\\/\",\"logo\":{\"@type\":\"ImageObject\",\"inLanguage\":\"es-CO\",\"@id\":\"https:\\\/\\\/tallerfloral.com.co\\\/#\\\/schema\\\/logo\\\/image\\\/\",\"url\":\"https:\\\/\\\/tallerfloral.com.co\\\/wp-content\\\/uploads\\\/2024\\\/01\\\/logo-taller-floral.jpeg\",\"contentUrl\":\"https:\\\/\\\/tallerfloral.com.co\\\/wp-content\\\/uploads\\\/2024\\\/01\\\/logo-taller-floral.jpeg\",\"width\":502,\"height\":550,\"caption\":\"Taller floral\"},\"image\":{\"@id\":\"https:\\\/\\\/tallerfloral.com.co\\\/#\\\/schema\\\/logo\\\/image\\\/\"}}]}<\/script>\n<!-- \/ Yoast SEO plugin. -->","yoast_head_json":{"title":"dise\u00f1o en rosas espiral - Taller floral","description":"Transforma la simplicidad en arte con nuestro dise\u00f1o floral en espiral. Cada p\u00e9talo se convierte en una danza armoniosa, creando una espiral de elegancia y frescura. Este innovador arreglo floral no solo es una exhibici\u00f3n visual, sino una experiencia sensorial que captura la esencia de la naturaleza en su forma m\u00e1s cautivadora. Descubre el encanto \u00fanico de nuestro dise\u00f1o floral en espiral y deja que la belleza florezca en cada curva.","robots":{"index":"index","follow":"follow","max-snippet":"max-snippet:-1","max-image-preview":"max-image-preview:large","max-video-preview":"max-video-preview:-1"},"canonical":"https:\/\/tallerfloral.com.co\/?product=diseno-en-rosas-espiral","og_locale":"es_ES","og_type":"article","og_title":"dise\u00f1o en rosas espiral - Taller floral","og_description":"Transforma la simplicidad en arte con nuestro dise\u00f1o floral en espiral. Cada p\u00e9talo se convierte en una danza armoniosa, creando una espiral de elegancia y frescura. Este innovador arreglo floral no solo es una exhibici\u00f3n visual, sino una experiencia sensorial que captura la esencia de la naturaleza en su forma m\u00e1s cautivadora. Descubre el encanto \u00fanico de nuestro dise\u00f1o floral en espiral y deja que la belleza florezca en cada curva.","og_url":"https:\/\/tallerfloral.com.co\/?product=diseno-en-rosas-espiral","og_site_name":"Taller floral","article_modified_time":"2025-10-13T20:39:54+00:00","og_image":[{"width":736,"height":981,"url":"https:\/\/tallerfloral.com.co\/wp-content\/uploads\/2024\/01\/WhatsApp-Image-2024-01-12-at-10.38.52-AM.jpeg","type":"image\/jpeg"}],"twitter_card":"summary_large_image","twitter_misc":{"Tiempo de lectura":"1 minuto"},"schema":{"@context":"https:\/\/schema.org","@graph":[{"@type":"WebPage","@id":"https:\/\/tallerfloral.com.co\/?product=diseno-en-rosas-espiral","url":"https:\/\/tallerfloral.com.co\/?product=diseno-en-rosas-espiral","name":"dise\u00f1o en rosas espiral - Taller floral","isPartOf":{"@id":"https:\/\/tallerfloral.com.co\/#website"},"primaryImageOfPage":{"@id":"https:\/\/tallerfloral.com.co\/?product=diseno-en-rosas-espiral#primaryimage"},"image":{"@id":"https:\/\/tallerfloral.com.co\/?product=diseno-en-rosas-espiral#primaryimage"},"thumbnailUrl":"https:\/\/tallerfloral.com.co\/wp-content\/uploads\/2024\/01\/WhatsApp-Image-2024-01-12-at-10.38.52-AM.jpeg","datePublished":"2024-01-08T20:36:56+00:00","dateModified":"2025-10-13T20:39:54+00:00","description":"Transforma la simplicidad en arte con nuestro dise\u00f1o floral en espiral. Cada p\u00e9talo se convierte en una danza armoniosa, creando una espiral de elegancia y frescura. Este innovador arreglo floral no solo es una exhibici\u00f3n visual, sino una experiencia sensorial que captura la esencia de la naturaleza en su forma m\u00e1s cautivadora. Descubre el encanto \u00fanico de nuestro dise\u00f1o floral en espiral y deja que la belleza florezca en cada curva.","breadcrumb":{"@id":"https:\/\/tallerfloral.com.co\/?product=diseno-en-rosas-espiral#breadcrumb"},"inLanguage":"es-CO","potentialAction":[{"@type":"ReadAction","target":["https:\/\/tallerfloral.com.co\/?product=diseno-en-rosas-espiral"]}]},{"@type":"ImageObject","inLanguage":"es-CO","@id":"https:\/\/tallerfloral.com.co\/?product=diseno-en-rosas-espiral#primaryimage","url":"https:\/\/tallerfloral.com.co\/wp-content\/uploads\/2024\/01\/WhatsApp-Image-2024-01-12-at-10.38.52-AM.jpeg","contentUrl":"https:\/\/tallerfloral.com.co\/wp-content\/uploads\/2024\/01\/WhatsApp-Image-2024-01-12-at-10.38.52-AM.jpeg","width":736,"height":981},{"@type":"BreadcrumbList","@id":"https:\/\/tallerfloral.com.co\/?product=diseno-en-rosas-espiral#breadcrumb","itemListElement":[{"@type":"ListItem","position":1,"name":"Inicio","item":"https:\/\/tallerfloral.com.co\/"},{"@type":"ListItem","position":2,"name":"Shop","item":"https:\/\/tallerfloral.com.co\/?page_id=59"},{"@type":"ListItem","position":3,"name":"dise\u00f1o en rosas espiral"}]},{"@type":"WebSite","@id":"https:\/\/tallerfloral.com.co\/#website","url":"https:\/\/tallerfloral.com.co\/","name":"Taller floral","description":"","publisher":{"@id":"https:\/\/tallerfloral.com.co\/#organization"},"potentialAction":[{"@type":"SearchAction","target":{"@type":"EntryPoint","urlTemplate":"https:\/\/tallerfloral.com.co\/?s={search_term_string}"},"query-input":{"@type":"PropertyValueSpecification","valueRequired":true,"valueName":"search_term_string"}}],"inLanguage":"es-CO"},{"@type":"Organization","@id":"https:\/\/tallerfloral.com.co\/#organization","name":"Taller floral","url":"https:\/\/tallerfloral.com.co\/","logo":{"@type":"ImageObject","inLanguage":"es-CO","@id":"https:\/\/tallerfloral.com.co\/#\/schema\/logo\/image\/","url":"https:\/\/tallerfloral.com.co\/wp-content\/uploads\/2024\/01\/logo-taller-floral.jpeg","contentUrl":"https:\/\/tallerfloral.com.co\/wp-content\/uploads\/2024\/01\/logo-taller-floral.jpeg","width":502,"height":550,"caption":"Taller floral"},"image":{"@id":"https:\/\/tallerfloral.com.co\/#\/schema\/logo\/image\/"}}]}},"jetpack_sharing_enabled":true,"_links":{"self":[{"href":"https:\/\/tallerfloral.com.co\/index.php?rest_route=\/wp\/v2\/product\/1006","targetHints":{"allow":["GET"]}}],"collection":[{"href":"https:\/\/tallerfloral.com.co\/index.php?rest_route=\/wp\/v2\/product"}],"about":[{"href":"https:\/\/tallerfloral.com.co\/index.php?rest_route=\/wp\/v2\/types\/product"}],"replies":[{"embeddable":true,"href":"https:\/\/tallerfloral.com.co\/index.php?rest_route=%2Fwp%2Fv2%2Fcomments&post=1006"}],"wp:featuredmedia":[{"embeddable":true,"href":"https:\/\/tallerfloral.com.co\/index.php?rest_route=\/wp\/v2\/media\/1072"}],"wp:attachment":[{"href":"https:\/\/tallerfloral.com.co\/index.php?rest_route=%2Fwp%2Fv2%2Fmedia&parent=1006"}],"wp:term":[{"taxonomy":"product_brand","embeddable":true,"href":"https:\/\/tallerfloral.com.co\/index.php?rest_route=%2Fwp%2Fv2%2Fproduct_brand&post=1006"},{"taxonomy":"product_cat","embeddable":true,"href":"https:\/\/tallerfloral.com.co\/index.php?rest_route=%2Fwp%2Fv2%2Fproduct_cat&post=1006"},{"taxonomy":"product_tag","embeddable":true,"href":"https:\/\/tallerfloral.com.co\/index.php?rest_route=%2Fwp%2Fv2%2Fproduct_tag&post=1006"}],"curies":[{"name":"wp","href":"https:\/\/api.w.org\/{rel}","templated":true}]}}