{"id":705,"date":"2023-12-27T00:03:52","date_gmt":"2023-12-27T00:03:52","guid":{"rendered":"https:\/\/tallerfloral.com.co\/?page_id=705"},"modified":"2024-01-02T19:10:04","modified_gmt":"2024-01-02T19:10:04","slug":"wedding-planner","status":"publish","type":"page","link":"https:\/\/tallerfloral.com.co\/?page_id=705","title":{"rendered":"Wedding planner"},"content":{"rendered":"<style>.kb-row-layout-id705_112a70-8d > .kt-row-column-wrap{align-content:start;}:where(.kb-row-layout-id705_112a70-8d > .kt-row-column-wrap) > .wp-block-kadence-column{justify-content:start;}.kb-row-layout-id705_112a70-8d > .kt-row-column-wrap{column-gap:var(--global-kb-gap-md, 2rem);row-gap:var(--global-kb-gap-md, 2rem);max-width:1069px;margin-left:auto;margin-right:auto;padding-top:24px;padding-bottom:60px;grid-template-columns:repeat(2, minmax(0, 1fr));}.kb-row-layout-id705_112a70-8d > .kt-row-layout-overlay{opacity:0.30;}.kb-row-layout-id705_112a70-8d{z-index:542;position:relative;}@media all and (max-width: 1024px){.kb-row-layout-id705_112a70-8d > .kt-row-column-wrap{min-height:600px;grid-template-columns:repeat(2, minmax(0, 1fr));}}@media all and (max-width: 767px){.kb-row-layout-id705_112a70-8d > .kt-row-column-wrap{min-height:500px;grid-template-columns:minmax(0, 1fr);}.kb-row-layout-id705_112a70-8d > .kt-row-column-wrap > .wp-block-kadence-column:nth-child(1 of *:not(style)){order:2;}.kb-row-layout-id705_112a70-8d > .kt-row-column-wrap > .wp-block-kadence-column:nth-child(2 of *:not(style)){order:1;}.kb-row-layout-id705_112a70-8d > .kt-row-column-wrap > .wp-block-kadence-column:nth-child(3 of *:not(style)){order:12;}.kb-row-layout-id705_112a70-8d > .kt-row-column-wrap > .wp-block-kadence-column:nth-child(4 of *:not(style)){order:11;}.kb-row-layout-id705_112a70-8d > .kt-row-column-wrap > .wp-block-kadence-column:nth-child(5 of *:not(style)){order:22;}.kb-row-layout-id705_112a70-8d > .kt-row-column-wrap > .wp-block-kadence-column:nth-child(6 of *:not(style)){order:21;}.kb-row-layout-id705_112a70-8d > .kt-row-column-wrap > .wp-block-kadence-column:nth-child(7 of *:not(style)){order:32;}.kb-row-layout-id705_112a70-8d > .kt-row-column-wrap > .wp-block-kadence-column:nth-child(8 of *:not(style)){order:31;}}<\/style><div class=\"kb-row-layout-wrap kb-row-layout-id705_112a70-8d alignnone has-theme-palette7-background-color kt-row-has-bg wp-block-kadence-rowlayout\"><div class=\"kt-row-column-wrap kt-has-2-columns kt-row-layout-equal kt-tab-layout-inherit kt-mobile-layout-row kt-row-valign-top kt-inner-column-height-full\">\n<style>.kadence-column705_62ca20-ff > .kt-inside-inner-col{display:flex;}.kadence-column705_62ca20-ff > .kt-inside-inner-col,.kadence-column705_62ca20-ff > .kt-inside-inner-col:before{border-top-left-radius:24px;border-top-right-radius:24px;border-bottom-right-radius:24px;border-bottom-left-radius:24px;}.kadence-column705_62ca20-ff > .kt-inside-inner-col{column-gap:var(--global-kb-gap-sm, 1rem);}.kadence-column705_62ca20-ff > .kt-inside-inner-col{flex-direction:column;justify-content:center;}.kadence-column705_62ca20-ff > .kt-inside-inner-col > .aligncenter{width:100%;}.kt-row-column-wrap > .kadence-column705_62ca20-ff{align-self:center;}.kt-inner-column-height-full:not(.kt-has-1-columns) > .wp-block-kadence-column.kadence-column705_62ca20-ff{align-self:auto;}.kt-inner-column-height-full:not(.kt-has-1-columns) > .wp-block-kadence-column.kadence-column705_62ca20-ff > .kt-inside-inner-col{flex-direction:column;justify-content:center;}.kadence-column705_62ca20-ff > .kt-inside-inner-col{background-image:url('https:\/\/tallerfloral.com.co\/wp-content\/uploads\/2024\/01\/boda-con-flores-upscaled-1.png');background-size:cover;background-position:36% 63%;background-attachment:scroll;background-repeat:no-repeat;}.kadence-column705_62ca20-ff > .kt-inside-inner-col:before{opacity:0.3;}.kadence-column705_62ca20-ff{position:relative;}@media all and (max-width: 1024px){.kt-row-column-wrap > .kadence-column705_62ca20-ff{align-self:center;}}@media all and (max-width: 1024px){.kt-inner-column-height-full:not(.kt-has-1-columns) > .wp-block-kadence-column.kadence-column705_62ca20-ff{align-self:auto;}}@media all and (max-width: 1024px){.kt-inner-column-height-full:not(.kt-has-1-columns) > .wp-block-kadence-column.kadence-column705_62ca20-ff > .kt-inside-inner-col{flex-direction:column;justify-content:center;}}@media all and (max-width: 1024px){.kadence-column705_62ca20-ff > .kt-inside-inner-col{flex-direction:column;justify-content:center;}}@media all and (max-width: 767px){.kt-row-column-wrap > .kadence-column705_62ca20-ff{align-self:center;}.kt-inner-column-height-full:not(.kt-has-1-columns) > .wp-block-kadence-column.kadence-column705_62ca20-ff{align-self:auto;}.kt-inner-column-height-full:not(.kt-has-1-columns) > .wp-block-kadence-column.kadence-column705_62ca20-ff > .kt-inside-inner-col{flex-direction:column;justify-content:center;}.kadence-column705_62ca20-ff > .kt-inside-inner-col{flex-direction:column;justify-content:center;}}.kadence-column705_62ca20-ff {}<\/style>\n<div class=\"wp-block-kadence-column kadence-column705_62ca20-ff inner-column-1\"><div class=\"kt-inside-inner-col\"><\/div><\/div>\n\n\n<style>.kadence-column705_4ba1d2-84 > .kt-inside-inner-col,.kadence-column705_4ba1d2-84 > .kt-inside-inner-col:before{border-top-left-radius:0px;border-top-right-radius:0px;border-bottom-right-radius:0px;border-bottom-left-radius:0px;}.kadence-column705_4ba1d2-84 > .kt-inside-inner-col{column-gap:var(--global-kb-gap-sm, 1rem);}.kadence-column705_4ba1d2-84 > .kt-inside-inner-col{flex-direction:column;}.kadence-column705_4ba1d2-84 > .kt-inside-inner-col > .aligncenter{width:100%;}.kadence-column705_4ba1d2-84 > .kt-inside-inner-col:before{opacity:0.3;}.kadence-column705_4ba1d2-84{position:relative;}@media all and (max-width: 1024px){.kadence-column705_4ba1d2-84 > .kt-inside-inner-col{flex-direction:column;justify-content:center;}}@media all and (max-width: 767px){.kadence-column705_4ba1d2-84 > .kt-inside-inner-col{flex-direction:column;justify-content:center;}}<\/style>\n<div class=\"wp-block-kadence-column kadence-column705_4ba1d2-84\"><div class=\"kt-inside-inner-col\"><style>.wp-block-kadence-advancedheading.kt-adv-heading705_526604-cd, .wp-block-kadence-advancedheading.kt-adv-heading705_526604-cd[data-kb-block=\"kb-adv-heading705_526604-cd\"]{font-weight:500;font-style:normal;font-family:'Cormorant Garamond';}.wp-block-kadence-advancedheading.kt-adv-heading705_526604-cd mark.kt-highlight, .wp-block-kadence-advancedheading.kt-adv-heading705_526604-cd[data-kb-block=\"kb-adv-heading705_526604-cd\"] mark.kt-highlight{font-style:normal;color:#f76a0c;-webkit-box-decoration-break:clone;box-decoration-break:clone;padding-top:0px;padding-right:0px;padding-bottom:0px;padding-left:0px;}.wp-block-kadence-advancedheading.kt-adv-heading705_526604-cd img.kb-inline-image, .wp-block-kadence-advancedheading.kt-adv-heading705_526604-cd[data-kb-block=\"kb-adv-heading705_526604-cd\"] img.kb-inline-image{width:150px;vertical-align:baseline;}<\/style>\n<h2 class=\"kt-adv-heading705_526604-cd wp-block-kadence-advancedheading\" data-kb-block=\"kb-adv-heading705_526604-cd\">Tus Sue\u00f1os, Nuestro Compromiso: Servicio de Wedding Planner<\/h2>\n\n\n<style>.wp-block-kadence-advancedheading.kt-adv-heading705_42e13f-1d, .wp-block-kadence-advancedheading.kt-adv-heading705_42e13f-1d[data-kb-block=\"kb-adv-heading705_42e13f-1d\"]{font-size:33px;font-weight:500;font-style:normal;font-family:'Cormorant Garamond';}.wp-block-kadence-advancedheading.kt-adv-heading705_42e13f-1d mark.kt-highlight, .wp-block-kadence-advancedheading.kt-adv-heading705_42e13f-1d[data-kb-block=\"kb-adv-heading705_42e13f-1d\"] mark.kt-highlight{font-style:normal;color:#f76a0c;-webkit-box-decoration-break:clone;box-decoration-break:clone;padding-top:0px;padding-right:0px;padding-bottom:0px;padding-left:0px;}.wp-block-kadence-advancedheading.kt-adv-heading705_42e13f-1d img.kb-inline-image, .wp-block-kadence-advancedheading.kt-adv-heading705_42e13f-1d[data-kb-block=\"kb-adv-heading705_42e13f-1d\"] img.kb-inline-image{width:150px;vertical-align:baseline;}<\/style>\n<h2 class=\"kt-adv-heading705_42e13f-1d wp-block-kadence-advancedheading\" data-kb-block=\"kb-adv-heading705_42e13f-1d\">En Taller Floral, entendemos que tu boda es m\u00e1s que un evento; es un cap\u00edtulo especial en tu historia de amor. Como expertos Wedding Planners, nos enorgullece transformar tus sue\u00f1os en una realidad floral encantadora. Desde la selecci\u00f3n de las flores perfectas hasta la creaci\u00f3n de arreglos que cuenten tu historia \u00fanica, estamos aqu\u00ed para guiar cada paso del camino. Perm\u00edtenos ser parte de tu viaje nupcial y crear juntos momentos m\u00e1gicos que durar\u00e1n toda la vida. Descubre la elegancia, la creatividad y la atenci\u00f3n personalizada en cada detalle con nuestro servicio de Wedding Planner en Taller Floral<\/h2>\n<\/div><\/div>\n\n<\/div><\/div>","protected":false},"excerpt":{"rendered":"<p>Tus Sue\u00f1os, Nuestro Compromiso: Servicio de Wedding Planner En Taller Floral, entendemos que tu boda es m\u00e1s que un evento; es un cap\u00edtulo especial en tu historia de amor. Como expertos Wedding Planners, nos enorgullece transformar tus sue\u00f1os en una realidad floral encantadora. Desde la selecci\u00f3n de las flores perfectas hasta la creaci\u00f3n de arreglos [&hellip;]<\/p>\n","protected":false},"author":1,"featured_media":0,"parent":0,"menu_order":0,"comment_status":"closed","ping_status":"closed","template":"","meta":{"footnotes":""},"class_list":["post-705","page","type-page","status-publish","hentry"],"yoast_head":"<!-- This site is optimized with the Yoast SEO plugin v27.3 - https:\/\/yoast.com\/product\/yoast-seo-wordpress\/ -->\n<title>Wedding planner - Taller floral<\/title>\n<meta name=\"robots\" content=\"index, follow, max-snippet:-1, max-image-preview:large, max-video-preview:-1\" \/>\n<link rel=\"canonical\" href=\"https:\/\/tallerfloral.com.co\/?page_id=705\" \/>\n<meta property=\"og:locale\" content=\"es_ES\" \/>\n<meta property=\"og:type\" content=\"article\" \/>\n<meta property=\"og:title\" content=\"Wedding planner - Taller floral\" \/>\n<meta property=\"og:description\" content=\"Tus Sue\u00f1os, Nuestro Compromiso: Servicio de Wedding Planner En Taller Floral, entendemos que tu boda es m\u00e1s que un evento; es un cap\u00edtulo especial en tu historia de amor. Como expertos Wedding Planners, nos enorgullece transformar tus sue\u00f1os en una realidad floral encantadora. Desde la selecci\u00f3n de las flores perfectas hasta la creaci\u00f3n de arreglos [&hellip;]\" \/>\n<meta property=\"og:url\" content=\"https:\/\/tallerfloral.com.co\/?page_id=705\" \/>\n<meta property=\"og:site_name\" content=\"Taller floral\" \/>\n<meta property=\"article:modified_time\" content=\"2024-01-02T19:10:04+00:00\" \/>\n<meta name=\"twitter:card\" content=\"summary_large_image\" \/>\n<meta name=\"twitter:label1\" content=\"Tiempo de lectura\" \/>\n\t<meta name=\"twitter:data1\" content=\"1 minuto\" \/>\n<script type=\"application\/ld+json\" class=\"yoast-schema-graph\">{\"@context\":\"https:\\\/\\\/schema.org\",\"@graph\":[{\"@type\":\"WebPage\",\"@id\":\"https:\\\/\\\/tallerfloral.com.co\\\/?page_id=705\",\"url\":\"https:\\\/\\\/tallerfloral.com.co\\\/?page_id=705\",\"name\":\"Wedding planner - Taller floral\",\"isPartOf\":{\"@id\":\"https:\\\/\\\/tallerfloral.com.co\\\/#website\"},\"datePublished\":\"2023-12-27T00:03:52+00:00\",\"dateModified\":\"2024-01-02T19:10:04+00:00\",\"breadcrumb\":{\"@id\":\"https:\\\/\\\/tallerfloral.com.co\\\/?page_id=705#breadcrumb\"},\"inLanguage\":\"es-CO\",\"potentialAction\":[{\"@type\":\"ReadAction\",\"target\":[\"https:\\\/\\\/tallerfloral.com.co\\\/?page_id=705\"]}]},{\"@type\":\"BreadcrumbList\",\"@id\":\"https:\\\/\\\/tallerfloral.com.co\\\/?page_id=705#breadcrumb\",\"itemListElement\":[{\"@type\":\"ListItem\",\"position\":1,\"name\":\"Inicio\",\"item\":\"https:\\\/\\\/tallerfloral.com.co\\\/\"},{\"@type\":\"ListItem\",\"position\":2,\"name\":\"Wedding planner\"}]},{\"@type\":\"WebSite\",\"@id\":\"https:\\\/\\\/tallerfloral.com.co\\\/#website\",\"url\":\"https:\\\/\\\/tallerfloral.com.co\\\/\",\"name\":\"Taller floral\",\"description\":\"\",\"publisher\":{\"@id\":\"https:\\\/\\\/tallerfloral.com.co\\\/#organization\"},\"potentialAction\":[{\"@type\":\"SearchAction\",\"target\":{\"@type\":\"EntryPoint\",\"urlTemplate\":\"https:\\\/\\\/tallerfloral.com.co\\\/?s={search_term_string}\"},\"query-input\":{\"@type\":\"PropertyValueSpecification\",\"valueRequired\":true,\"valueName\":\"search_term_string\"}}],\"inLanguage\":\"es-CO\"},{\"@type\":\"Organization\",\"@id\":\"https:\\\/\\\/tallerfloral.com.co\\\/#organization\",\"name\":\"Taller floral\",\"url\":\"https:\\\/\\\/tallerfloral.com.co\\\/\",\"logo\":{\"@type\":\"ImageObject\",\"inLanguage\":\"es-CO\",\"@id\":\"https:\\\/\\\/tallerfloral.com.co\\\/#\\\/schema\\\/logo\\\/image\\\/\",\"url\":\"https:\\\/\\\/tallerfloral.com.co\\\/wp-content\\\/uploads\\\/2024\\\/01\\\/logo-taller-floral.jpeg\",\"contentUrl\":\"https:\\\/\\\/tallerfloral.com.co\\\/wp-content\\\/uploads\\\/2024\\\/01\\\/logo-taller-floral.jpeg\",\"width\":502,\"height\":550,\"caption\":\"Taller floral\"},\"image\":{\"@id\":\"https:\\\/\\\/tallerfloral.com.co\\\/#\\\/schema\\\/logo\\\/image\\\/\"}}]}<\/script>\n<!-- \/ Yoast SEO plugin. -->","yoast_head_json":{"title":"Wedding planner - Taller floral","robots":{"index":"index","follow":"follow","max-snippet":"max-snippet:-1","max-image-preview":"max-image-preview:large","max-video-preview":"max-video-preview:-1"},"canonical":"https:\/\/tallerfloral.com.co\/?page_id=705","og_locale":"es_ES","og_type":"article","og_title":"Wedding planner - Taller floral","og_description":"Tus Sue\u00f1os, Nuestro Compromiso: Servicio de Wedding Planner En Taller Floral, entendemos que tu boda es m\u00e1s que un evento; es un cap\u00edtulo especial en tu historia de amor. Como expertos Wedding Planners, nos enorgullece transformar tus sue\u00f1os en una realidad floral encantadora. Desde la selecci\u00f3n de las flores perfectas hasta la creaci\u00f3n de arreglos [&hellip;]","og_url":"https:\/\/tallerfloral.com.co\/?page_id=705","og_site_name":"Taller floral","article_modified_time":"2024-01-02T19:10:04+00:00","twitter_card":"summary_large_image","twitter_misc":{"Tiempo de lectura":"1 minuto"},"schema":{"@context":"https:\/\/schema.org","@graph":[{"@type":"WebPage","@id":"https:\/\/tallerfloral.com.co\/?page_id=705","url":"https:\/\/tallerfloral.com.co\/?page_id=705","name":"Wedding planner - Taller floral","isPartOf":{"@id":"https:\/\/tallerfloral.com.co\/#website"},"datePublished":"2023-12-27T00:03:52+00:00","dateModified":"2024-01-02T19:10:04+00:00","breadcrumb":{"@id":"https:\/\/tallerfloral.com.co\/?page_id=705#breadcrumb"},"inLanguage":"es-CO","potentialAction":[{"@type":"ReadAction","target":["https:\/\/tallerfloral.com.co\/?page_id=705"]}]},{"@type":"BreadcrumbList","@id":"https:\/\/tallerfloral.com.co\/?page_id=705#breadcrumb","itemListElement":[{"@type":"ListItem","position":1,"name":"Inicio","item":"https:\/\/tallerfloral.com.co\/"},{"@type":"ListItem","position":2,"name":"Wedding planner"}]},{"@type":"WebSite","@id":"https:\/\/tallerfloral.com.co\/#website","url":"https:\/\/tallerfloral.com.co\/","name":"Taller floral","description":"","publisher":{"@id":"https:\/\/tallerfloral.com.co\/#organization"},"potentialAction":[{"@type":"SearchAction","target":{"@type":"EntryPoint","urlTemplate":"https:\/\/tallerfloral.com.co\/?s={search_term_string}"},"query-input":{"@type":"PropertyValueSpecification","valueRequired":true,"valueName":"search_term_string"}}],"inLanguage":"es-CO"},{"@type":"Organization","@id":"https:\/\/tallerfloral.com.co\/#organization","name":"Taller floral","url":"https:\/\/tallerfloral.com.co\/","logo":{"@type":"ImageObject","inLanguage":"es-CO","@id":"https:\/\/tallerfloral.com.co\/#\/schema\/logo\/image\/","url":"https:\/\/tallerfloral.com.co\/wp-content\/uploads\/2024\/01\/logo-taller-floral.jpeg","contentUrl":"https:\/\/tallerfloral.com.co\/wp-content\/uploads\/2024\/01\/logo-taller-floral.jpeg","width":502,"height":550,"caption":"Taller floral"},"image":{"@id":"https:\/\/tallerfloral.com.co\/#\/schema\/logo\/image\/"}}]}},"jetpack_sharing_enabled":true,"_links":{"self":[{"href":"https:\/\/tallerfloral.com.co\/index.php?rest_route=\/wp\/v2\/pages\/705","targetHints":{"allow":["GET"]}}],"collection":[{"href":"https:\/\/tallerfloral.com.co\/index.php?rest_route=\/wp\/v2\/pages"}],"about":[{"href":"https:\/\/tallerfloral.com.co\/index.php?rest_route=\/wp\/v2\/types\/page"}],"author":[{"embeddable":true,"href":"https:\/\/tallerfloral.com.co\/index.php?rest_route=\/wp\/v2\/users\/1"}],"replies":[{"embeddable":true,"href":"https:\/\/tallerfloral.com.co\/index.php?rest_route=%2Fwp%2Fv2%2Fcomments&post=705"}],"version-history":[{"count":4,"href":"https:\/\/tallerfloral.com.co\/index.php?rest_route=\/wp\/v2\/pages\/705\/revisions"}],"predecessor-version":[{"id":766,"href":"https:\/\/tallerfloral.com.co\/index.php?rest_route=\/wp\/v2\/pages\/705\/revisions\/766"}],"wp:attachment":[{"href":"https:\/\/tallerfloral.com.co\/index.php?rest_route=%2Fwp%2Fv2%2Fmedia&parent=705"}],"curies":[{"name":"wp","href":"https:\/\/api.w.org\/{rel}","templated":true}]}}